{"id":36109,"date":"2017-08-30T11:23:39","date_gmt":"2017-08-30T11:23:39","guid":{"rendered":"https:\/\/www.emeryetcie.com\/about-us\/"},"modified":"2025-10-27T10:48:22","modified_gmt":"2025-10-27T09:48:22","slug":"about-us","status":"publish","type":"page","link":"https:\/\/www.emeryetcie.com\/en\/about-us\/","title":{"rendered":"Agn\u00e8s Emery"},"content":{"rendered":"<div class=\"wpb-content-wrapper\"><p style=\"text-align: center;\"><img loading=\"lazy\" decoding=\"async\" class=\"aligncenter wp-image-56860 size-full\" src=\"https:\/\/www.emeryetcie.com\/wp-content\/uploads\/2023\/05\/EMERY-Home-Copie-e1685176389750.jpg\" alt=\"Portrait d'Agn\u00e8s Emery | EMERY&amp;Cie\" width=\"254\" height=\"241\" \/>Agn\u00e8s Emery<br \/>\nborn in Brussels<br \/>\nin 1943<\/p>\n<p>&nbsp;<\/p>\n<p style=\"text-align: center;\">Architect<\/p>\n<p>&nbsp;<\/p>\n<p style=\"text-align: left;\">[vc_column width=&#8221;1\/3&#8243;][vc_column_text]<\/p>\n<p style=\"text-align: center;\">Home designer:<\/p>\n<p><a href=\"https:\/\/www.emeryetcie.com\/en\/about-us__trashed\/home-design-en\/\"><img loading=\"lazy\" decoding=\"async\" class=\"aligncenter wp-image-56856 size-full\" src=\"https:\/\/www.emeryetcie.com\/wp-content\/uploads\/2023\/05\/Home-Home-Design.jpg\" alt=\"Agn\u00e8s Emery home designer | EMERY&amp;Cie\" width=\"312\" height=\"213\" srcset=\"https:\/\/www.emeryetcie.com\/wp-content\/uploads\/2023\/05\/Home-Home-Design.jpg 312w, https:\/\/www.emeryetcie.com\/wp-content\/uploads\/2023\/05\/Home-Home-Design-300x205.jpg 300w\" sizes=\"auto, (max-width: 312px) 100vw, 312px\" \/><\/a><\/p>\n<p>[\/vc_column_text][\/vc_column][vc_column width=&#8221;1\/3&#8243;][vc_column_text]<\/p>\n<p style=\"text-align: center;\">Designer:<\/p>\n<p><a href=\"https:\/\/www.emeryetcie.com\/en\/about-us__trashed\/designer\/\"><img loading=\"lazy\" decoding=\"async\" class=\"aligncenter wp-image-56866 size-full\" src=\"https:\/\/www.emeryetcie.com\/wp-content\/uploads\/2023\/05\/Home-Design-1.jpg\" alt=\"Agn\u00e8s Emery designer | EMERY&amp;Cie\" width=\"317\" height=\"213\" srcset=\"https:\/\/www.emeryetcie.com\/wp-content\/uploads\/2023\/05\/Home-Design-1.jpg 317w, https:\/\/www.emeryetcie.com\/wp-content\/uploads\/2023\/05\/Home-Design-1-300x202.jpg 300w\" sizes=\"auto, (max-width: 317px) 100vw, 317px\" \/><\/a><\/p>\n<p>[\/vc_column_text][\/vc_column][vc_column width=&#8221;1\/3&#8243;][vc_column_text]<\/p>\n<p style=\"text-align: center;\">Hand-painted:<\/p>\n<p><a href=\"https:\/\/www.emeryetcie.com\/en\/about-us__trashed\/hand-painted\/\"><img loading=\"lazy\" decoding=\"async\" class=\"aligncenter wp-image-56872 size-full\" src=\"https:\/\/www.emeryetcie.com\/wp-content\/uploads\/2023\/05\/Home-Peint-a-la-Main-1.jpg\" alt=\"Cr\u00e9ations peintes \u00e0 la main sign\u00e9es Agn\u00e8s Emery | EMERY&amp;Cie\" width=\"317\" height=\"213\" srcset=\"https:\/\/www.emeryetcie.com\/wp-content\/uploads\/2023\/05\/Home-Peint-a-la-Main-1.jpg 317w, https:\/\/www.emeryetcie.com\/wp-content\/uploads\/2023\/05\/Home-Peint-a-la-Main-1-300x202.jpg 300w\" sizes=\"auto, (max-width: 317px) 100vw, 317px\" \/><\/a><\/p>\n<p>[\/vc_column_text][\/vc_column][vc_row][vc_column][vc_column_text]<\/p>\n<\/div>","protected":false},"excerpt":{"rendered":"<p>Agn\u00e8s Emery born in Brussels in 1943 &nbsp; Architect &nbsp; [vc_column width=&#8221;1\/3&#8243;][vc_column_text] Home designer: [\/vc_column_text][\/vc_column][vc_column width=&#8221;1\/3&#8243;][vc_column_text] Designer: [\/vc_column_text][\/vc_column][vc_column width=&#8221;1\/3&#8243;][vc_column_text] Hand-painted:<\/p>\n","protected":false},"author":1,"featured_media":0,"parent":0,"menu_order":2,"comment_status":"closed","ping_status":"closed","template":"","meta":{"_acf_changed":false,"_exactmetrics_skip_tracking":false,"_exactmetrics_sitenote_active":false,"_exactmetrics_sitenote_note":"","_exactmetrics_sitenote_category":0,"footnotes":""},"class_list":["post-36109","page","type-page","status-publish","hentry"],"acf":[],"yoast_head":"<!-- This site is optimized with the Yoast SEO plugin v27.4 - https:\/\/yoast.com\/product\/yoast-seo-wordpress\/ -->\n<title>Agn\u00e8s Emery - Emery &amp; Cie<\/title>\n<meta name=\"robots\" content=\"index, follow, max-snippet:-1, max-image-preview:large, max-video-preview:-1\" \/>\n<link rel=\"canonical\" href=\"https:\/\/www.emeryetcie.com\/en\/about-us\/\" \/>\n<meta property=\"og:locale\" content=\"en_US\" \/>\n<meta property=\"og:type\" content=\"article\" \/>\n<meta property=\"og:title\" content=\"Agn\u00e8s Emery - Emery &amp; Cie\" \/>\n<meta property=\"og:description\" content=\"Agn\u00e8s Emery born in Brussels in 1943 &nbsp; Architect &nbsp; [vc_column width=&#8221;1\/3&#8243;][vc_column_text] Home designer: [\/vc_column_text][\/vc_column][vc_column width=&#8221;1\/3&#8243;][vc_column_text] Designer: [\/vc_column_text][\/vc_column][vc_column width=&#8221;1\/3&#8243;][vc_column_text] Hand-painted:\" \/>\n<meta property=\"og:url\" content=\"https:\/\/www.emeryetcie.com\/en\/about-us\/\" \/>\n<meta property=\"og:site_name\" content=\"Emery &amp; Cie\" \/>\n<meta property=\"article:modified_time\" content=\"2025-10-27T09:48:22+00:00\" \/>\n<meta property=\"og:image\" content=\"https:\/\/www.emeryetcie.com\/wp-content\/uploads\/2023\/05\/EMERY-Home-Copie-e1685176389750.jpg\" \/>\n\t<meta property=\"og:image:width\" content=\"254\" \/>\n\t<meta property=\"og:image:height\" content=\"241\" \/>\n\t<meta property=\"og:image:type\" content=\"image\/jpeg\" \/>\n<meta name=\"twitter:card\" content=\"summary_large_image\" \/>\n<meta name=\"twitter:label1\" content=\"Est. reading time\" \/>\n\t<meta name=\"twitter:data1\" content=\"1 minute\" \/>\n<script type=\"application\/ld+json\" class=\"yoast-schema-graph\">{\"@context\":\"https:\\\/\\\/schema.org\",\"@graph\":[{\"@type\":\"WebPage\",\"@id\":\"https:\\\/\\\/www.emeryetcie.com\\\/en\\\/about-us\\\/\",\"url\":\"https:\\\/\\\/www.emeryetcie.com\\\/en\\\/about-us\\\/\",\"name\":\"Agn\u00e8s Emery - Emery & Cie\",\"isPartOf\":{\"@id\":\"https:\\\/\\\/www.emeryetcie.com\\\/en\\\/#website\"},\"primaryImageOfPage\":{\"@id\":\"https:\\\/\\\/www.emeryetcie.com\\\/en\\\/about-us\\\/#primaryimage\"},\"image\":{\"@id\":\"https:\\\/\\\/www.emeryetcie.com\\\/en\\\/about-us\\\/#primaryimage\"},\"thumbnailUrl\":\"https:\\\/\\\/www.emeryetcie.com\\\/wp-content\\\/uploads\\\/2023\\\/05\\\/EMERY-Home-Copie-e1685176389750.jpg\",\"datePublished\":\"2017-08-30T11:23:39+00:00\",\"dateModified\":\"2025-10-27T09:48:22+00:00\",\"breadcrumb\":{\"@id\":\"https:\\\/\\\/www.emeryetcie.com\\\/en\\\/about-us\\\/#breadcrumb\"},\"inLanguage\":\"en-US\",\"potentialAction\":[{\"@type\":\"ReadAction\",\"target\":[\"https:\\\/\\\/www.emeryetcie.com\\\/en\\\/about-us\\\/\"]}]},{\"@type\":\"ImageObject\",\"inLanguage\":\"en-US\",\"@id\":\"https:\\\/\\\/www.emeryetcie.com\\\/en\\\/about-us\\\/#primaryimage\",\"url\":\"https:\\\/\\\/www.emeryetcie.com\\\/wp-content\\\/uploads\\\/2023\\\/05\\\/EMERY-Home-Copie-e1685176389750.jpg\",\"contentUrl\":\"https:\\\/\\\/www.emeryetcie.com\\\/wp-content\\\/uploads\\\/2023\\\/05\\\/EMERY-Home-Copie-e1685176389750.jpg\"},{\"@type\":\"BreadcrumbList\",\"@id\":\"https:\\\/\\\/www.emeryetcie.com\\\/en\\\/about-us\\\/#breadcrumb\",\"itemListElement\":[{\"@type\":\"ListItem\",\"position\":1,\"name\":\"Home\",\"item\":\"https:\\\/\\\/www.emeryetcie.com\\\/en\\\/\"},{\"@type\":\"ListItem\",\"position\":2,\"name\":\"Agn\u00e8s Emery\"}]},{\"@type\":\"WebSite\",\"@id\":\"https:\\\/\\\/www.emeryetcie.com\\\/en\\\/#website\",\"url\":\"https:\\\/\\\/www.emeryetcie.com\\\/en\\\/\",\"name\":\"Emery & Cie\",\"description\":\"Articles de Maison artisanaux\",\"potentialAction\":[{\"@type\":\"SearchAction\",\"target\":{\"@type\":\"EntryPoint\",\"urlTemplate\":\"https:\\\/\\\/www.emeryetcie.com\\\/en\\\/?s={search_term_string}\"},\"query-input\":{\"@type\":\"PropertyValueSpecification\",\"valueRequired\":true,\"valueName\":\"search_term_string\"}}],\"inLanguage\":\"en-US\"}]}<\/script>\n<!-- \/ Yoast SEO plugin. -->","yoast_head_json":{"title":"Agn\u00e8s Emery - Emery & Cie","robots":{"index":"index","follow":"follow","max-snippet":"max-snippet:-1","max-image-preview":"max-image-preview:large","max-video-preview":"max-video-preview:-1"},"canonical":"https:\/\/www.emeryetcie.com\/en\/about-us\/","og_locale":"en_US","og_type":"article","og_title":"Agn\u00e8s Emery - Emery & Cie","og_description":"Agn\u00e8s Emery born in Brussels in 1943 &nbsp; Architect &nbsp; [vc_column width=&#8221;1\/3&#8243;][vc_column_text] Home designer: [\/vc_column_text][\/vc_column][vc_column width=&#8221;1\/3&#8243;][vc_column_text] Designer: [\/vc_column_text][\/vc_column][vc_column width=&#8221;1\/3&#8243;][vc_column_text] Hand-painted:","og_url":"https:\/\/www.emeryetcie.com\/en\/about-us\/","og_site_name":"Emery & Cie","article_modified_time":"2025-10-27T09:48:22+00:00","og_image":[{"width":254,"height":241,"url":"https:\/\/www.emeryetcie.com\/wp-content\/uploads\/2023\/05\/EMERY-Home-Copie-e1685176389750.jpg","type":"image\/jpeg"}],"twitter_card":"summary_large_image","twitter_misc":{"Est. reading time":"1 minute"},"schema":{"@context":"https:\/\/schema.org","@graph":[{"@type":"WebPage","@id":"https:\/\/www.emeryetcie.com\/en\/about-us\/","url":"https:\/\/www.emeryetcie.com\/en\/about-us\/","name":"Agn\u00e8s Emery - Emery & Cie","isPartOf":{"@id":"https:\/\/www.emeryetcie.com\/en\/#website"},"primaryImageOfPage":{"@id":"https:\/\/www.emeryetcie.com\/en\/about-us\/#primaryimage"},"image":{"@id":"https:\/\/www.emeryetcie.com\/en\/about-us\/#primaryimage"},"thumbnailUrl":"https:\/\/www.emeryetcie.com\/wp-content\/uploads\/2023\/05\/EMERY-Home-Copie-e1685176389750.jpg","datePublished":"2017-08-30T11:23:39+00:00","dateModified":"2025-10-27T09:48:22+00:00","breadcrumb":{"@id":"https:\/\/www.emeryetcie.com\/en\/about-us\/#breadcrumb"},"inLanguage":"en-US","potentialAction":[{"@type":"ReadAction","target":["https:\/\/www.emeryetcie.com\/en\/about-us\/"]}]},{"@type":"ImageObject","inLanguage":"en-US","@id":"https:\/\/www.emeryetcie.com\/en\/about-us\/#primaryimage","url":"https:\/\/www.emeryetcie.com\/wp-content\/uploads\/2023\/05\/EMERY-Home-Copie-e1685176389750.jpg","contentUrl":"https:\/\/www.emeryetcie.com\/wp-content\/uploads\/2023\/05\/EMERY-Home-Copie-e1685176389750.jpg"},{"@type":"BreadcrumbList","@id":"https:\/\/www.emeryetcie.com\/en\/about-us\/#breadcrumb","itemListElement":[{"@type":"ListItem","position":1,"name":"Home","item":"https:\/\/www.emeryetcie.com\/en\/"},{"@type":"ListItem","position":2,"name":"Agn\u00e8s Emery"}]},{"@type":"WebSite","@id":"https:\/\/www.emeryetcie.com\/en\/#website","url":"https:\/\/www.emeryetcie.com\/en\/","name":"Emery & Cie","description":"Articles de Maison artisanaux","potentialAction":[{"@type":"SearchAction","target":{"@type":"EntryPoint","urlTemplate":"https:\/\/www.emeryetcie.com\/en\/?s={search_term_string}"},"query-input":{"@type":"PropertyValueSpecification","valueRequired":true,"valueName":"search_term_string"}}],"inLanguage":"en-US"}]}},"_links":{"self":[{"href":"https:\/\/www.emeryetcie.com\/en\/wp-json\/wp\/v2\/pages\/36109","targetHints":{"allow":["GET"]}}],"collection":[{"href":"https:\/\/www.emeryetcie.com\/en\/wp-json\/wp\/v2\/pages"}],"about":[{"href":"https:\/\/www.emeryetcie.com\/en\/wp-json\/wp\/v2\/types\/page"}],"author":[{"embeddable":true,"href":"https:\/\/www.emeryetcie.com\/en\/wp-json\/wp\/v2\/users\/1"}],"replies":[{"embeddable":true,"href":"https:\/\/www.emeryetcie.com\/en\/wp-json\/wp\/v2\/comments?post=36109"}],"version-history":[{"count":26,"href":"https:\/\/www.emeryetcie.com\/en\/wp-json\/wp\/v2\/pages\/36109\/revisions"}],"predecessor-version":[{"id":72266,"href":"https:\/\/www.emeryetcie.com\/en\/wp-json\/wp\/v2\/pages\/36109\/revisions\/72266"}],"wp:attachment":[{"href":"https:\/\/www.emeryetcie.com\/en\/wp-json\/wp\/v2\/media?parent=36109"}],"curies":[{"name":"wp","href":"https:\/\/api.w.org\/{rel}","templated":true}]}}