{"id":39556,"date":"2018-01-17T14:49:16","date_gmt":"2018-01-17T14:49:16","guid":{"rendered":"https:\/\/www.emeryetcie.com\/catalog\/tiles\/cement-tiles\/generalities\/"},"modified":"2025-10-03T12:12:14","modified_gmt":"2025-10-03T10:12:14","slug":"generalities","status":"publish","type":"page","link":"https:\/\/www.emeryetcie.com\/en\/catalog\/tiles\/cement-tiles\/generalities\/","title":{"rendered":"Generalities"},"content":{"rendered":"<p>&nbsp;<\/p>\n<p style=\"text-align: center;\"><img loading=\"lazy\" decoding=\"async\" class=\"alignnone size-full wp-image-32614 aligncenter\" src=\"https:\/\/www.emeryetcie.com\/wp-content\/uploads\/2017\/07\/G\u00e9n\u00e9ralit\u00e9s-Ciment-1.jpg\" alt=\"\" width=\"1077\" height=\"430\" srcset=\"https:\/\/www.emeryetcie.com\/wp-content\/uploads\/2017\/07\/G\u00e9n\u00e9ralit\u00e9s-Ciment-1.jpg 1077w, https:\/\/www.emeryetcie.com\/wp-content\/uploads\/2017\/07\/G\u00e9n\u00e9ralit\u00e9s-Ciment-1-300x120.jpg 300w, https:\/\/www.emeryetcie.com\/wp-content\/uploads\/2017\/07\/G\u00e9n\u00e9ralit\u00e9s-Ciment-1-768x307.jpg 768w, https:\/\/www.emeryetcie.com\/wp-content\/uploads\/2017\/07\/G\u00e9n\u00e9ralit\u00e9s-Ciment-1-1024x409.jpg 1024w, https:\/\/www.emeryetcie.com\/wp-content\/uploads\/2017\/07\/G\u00e9n\u00e9ralit\u00e9s-Ciment-1-60x24.jpg 60w, https:\/\/www.emeryetcie.com\/wp-content\/uploads\/2017\/07\/G\u00e9n\u00e9ralit\u00e9s-Ciment-1-280x112.jpg 280w, https:\/\/www.emeryetcie.com\/wp-content\/uploads\/2017\/07\/G\u00e9n\u00e9ralit\u00e9s-Ciment-1-600x240.jpg 600w\" sizes=\"auto, (max-width: 1077px) 100vw, 1077px\" \/><br \/>\nA cement tile is composed of two distinct layers :<\/p>\n<p style=\"text-align: center;\">The surface layer, about 4mm thick, consists of a mixture of pigments, marble powder and fine cement.<\/p>\n<p style=\"text-align: center;\">The lower layer consists of sand, grey cement and small gravels.<\/p>\n<p style=\"text-align: center;\">Our cement tiles look old without this patina being artificial.<br \/>\nA cement tile that looks new is obtained with additives in synthetic products (polyester etc &#8230;), what we chose to discard for ecological as well as aesthetic reasons.<\/p>\n<p style=\"text-align: center;\">Our images always show our tiles as they are &#8230;<\/p>\n<p style=\"text-align: center;\"><img loading=\"lazy\" decoding=\"async\" class=\"alignnone size-full wp-image-32616\" src=\"https:\/\/www.emeryetcie.com\/wp-content\/uploads\/2017\/07\/G\u00e9n\u00e9ralit\u00e9s-Ciment-2.jpg\" alt=\"\" width=\"1077\" height=\"797\" srcset=\"https:\/\/www.emeryetcie.com\/wp-content\/uploads\/2017\/07\/G\u00e9n\u00e9ralit\u00e9s-Ciment-2.jpg 1077w, https:\/\/www.emeryetcie.com\/wp-content\/uploads\/2017\/07\/G\u00e9n\u00e9ralit\u00e9s-Ciment-2-300x222.jpg 300w, https:\/\/www.emeryetcie.com\/wp-content\/uploads\/2017\/07\/G\u00e9n\u00e9ralit\u00e9s-Ciment-2-768x568.jpg 768w, https:\/\/www.emeryetcie.com\/wp-content\/uploads\/2017\/07\/G\u00e9n\u00e9ralit\u00e9s-Ciment-2-1024x758.jpg 1024w, https:\/\/www.emeryetcie.com\/wp-content\/uploads\/2017\/07\/G\u00e9n\u00e9ralit\u00e9s-Ciment-2-60x44.jpg 60w, https:\/\/www.emeryetcie.com\/wp-content\/uploads\/2017\/07\/G\u00e9n\u00e9ralit\u00e9s-Ciment-2-280x207.jpg 280w, https:\/\/www.emeryetcie.com\/wp-content\/uploads\/2017\/07\/G\u00e9n\u00e9ralit\u00e9s-Ciment-2-600x444.jpg 600w\" sizes=\"auto, (max-width: 1077px) 100vw, 1077px\" \/><\/p>\n<p style=\"text-align: center;\">Cement tiles can be laid in bathrooms, kitchens and all living areas.<\/p>\n<p style=\"text-align: center;\"><img loading=\"lazy\" decoding=\"async\" class=\"alignnone size-full wp-image-32606\" src=\"https:\/\/www.emeryetcie.com\/wp-content\/uploads\/2017\/07\/G\u00e9n\u00e9ralit\u00e9s-Ciment-3.jpg\" alt=\"\" width=\"1077\" height=\"797\" srcset=\"https:\/\/www.emeryetcie.com\/wp-content\/uploads\/2017\/07\/G\u00e9n\u00e9ralit\u00e9s-Ciment-3.jpg 1077w, https:\/\/www.emeryetcie.com\/wp-content\/uploads\/2017\/07\/G\u00e9n\u00e9ralit\u00e9s-Ciment-3-300x222.jpg 300w, https:\/\/www.emeryetcie.com\/wp-content\/uploads\/2017\/07\/G\u00e9n\u00e9ralit\u00e9s-Ciment-3-768x568.jpg 768w, https:\/\/www.emeryetcie.com\/wp-content\/uploads\/2017\/07\/G\u00e9n\u00e9ralit\u00e9s-Ciment-3-1024x758.jpg 1024w, https:\/\/www.emeryetcie.com\/wp-content\/uploads\/2017\/07\/G\u00e9n\u00e9ralit\u00e9s-Ciment-3-60x44.jpg 60w, https:\/\/www.emeryetcie.com\/wp-content\/uploads\/2017\/07\/G\u00e9n\u00e9ralit\u00e9s-Ciment-3-280x207.jpg 280w, https:\/\/www.emeryetcie.com\/wp-content\/uploads\/2017\/07\/G\u00e9n\u00e9ralit\u00e9s-Ciment-3-600x444.jpg 600w\" sizes=\"auto, (max-width: 1077px) 100vw, 1077px\" \/><\/p>\n<p style=\"text-align: center;\">In hot countries, they are laid outdoors.<\/p>\n<p style=\"text-align: center;\">But <span class=\"colorWhite\">they fear frost<\/span> and even if in less temperate climates they can be installed in protected places with a good slope to prevent the water from stagnating, they will be quickly &#8220;patinated&#8221; by sunlight and acid rain.<\/p>\n<p style=\"text-align: center;\">Below, an example placed in Brussels between four walls for twenty years. It has never been protected or even particularly maintained. Parts subjected to rain have become paler, mossy and less smooth.<\/p>\n<p style=\"text-align: center;\"><img loading=\"lazy\" decoding=\"async\" class=\"alignnone size-full wp-image-32608\" src=\"https:\/\/www.emeryetcie.com\/wp-content\/uploads\/2017\/07\/G\u00e9n\u00e9ralit\u00e9s-Ciment-4.jpg\" alt=\"\" width=\"1077\" height=\"797\" srcset=\"https:\/\/www.emeryetcie.com\/wp-content\/uploads\/2017\/07\/G\u00e9n\u00e9ralit\u00e9s-Ciment-4.jpg 1077w, https:\/\/www.emeryetcie.com\/wp-content\/uploads\/2017\/07\/G\u00e9n\u00e9ralit\u00e9s-Ciment-4-300x222.jpg 300w, https:\/\/www.emeryetcie.com\/wp-content\/uploads\/2017\/07\/G\u00e9n\u00e9ralit\u00e9s-Ciment-4-768x568.jpg 768w, https:\/\/www.emeryetcie.com\/wp-content\/uploads\/2017\/07\/G\u00e9n\u00e9ralit\u00e9s-Ciment-4-1024x758.jpg 1024w, https:\/\/www.emeryetcie.com\/wp-content\/uploads\/2017\/07\/G\u00e9n\u00e9ralit\u00e9s-Ciment-4-60x44.jpg 60w, https:\/\/www.emeryetcie.com\/wp-content\/uploads\/2017\/07\/G\u00e9n\u00e9ralit\u00e9s-Ciment-4-280x207.jpg 280w, https:\/\/www.emeryetcie.com\/wp-content\/uploads\/2017\/07\/G\u00e9n\u00e9ralit\u00e9s-Ciment-4-600x444.jpg 600w\" sizes=\"auto, (max-width: 1077px) 100vw, 1077px\" \/><img loading=\"lazy\" decoding=\"async\" class=\"alignnone size-full wp-image-32610\" src=\"https:\/\/www.emeryetcie.com\/wp-content\/uploads\/2017\/07\/G\u00e9n\u00e9ralit\u00e9s-Ciment-5.jpg\" alt=\"\" width=\"1077\" height=\"797\" srcset=\"https:\/\/www.emeryetcie.com\/wp-content\/uploads\/2017\/07\/G\u00e9n\u00e9ralit\u00e9s-Ciment-5.jpg 1077w, https:\/\/www.emeryetcie.com\/wp-content\/uploads\/2017\/07\/G\u00e9n\u00e9ralit\u00e9s-Ciment-5-300x222.jpg 300w, https:\/\/www.emeryetcie.com\/wp-content\/uploads\/2017\/07\/G\u00e9n\u00e9ralit\u00e9s-Ciment-5-768x568.jpg 768w, https:\/\/www.emeryetcie.com\/wp-content\/uploads\/2017\/07\/G\u00e9n\u00e9ralit\u00e9s-Ciment-5-1024x758.jpg 1024w, https:\/\/www.emeryetcie.com\/wp-content\/uploads\/2017\/07\/G\u00e9n\u00e9ralit\u00e9s-Ciment-5-60x44.jpg 60w, https:\/\/www.emeryetcie.com\/wp-content\/uploads\/2017\/07\/G\u00e9n\u00e9ralit\u00e9s-Ciment-5-280x207.jpg 280w, https:\/\/www.emeryetcie.com\/wp-content\/uploads\/2017\/07\/G\u00e9n\u00e9ralit\u00e9s-Ciment-5-600x444.jpg 600w\" sizes=\"auto, (max-width: 1077px) 100vw, 1077px\" \/><\/p>\n<p style=\"text-align: center;\">Our cement tiles are handmade in <span class=\"colorWhite\">Morocco<\/span>, in Marrakesh.<br \/>\n<img loading=\"lazy\" decoding=\"async\" class=\"alignnone size-full wp-image-32612\" src=\"https:\/\/www.emeryetcie.com\/wp-content\/uploads\/2017\/07\/G\u00e9n\u00e9ralit\u00e9s-Ciment-6.jpg\" alt=\"\" width=\"1077\" height=\"797\" srcset=\"https:\/\/www.emeryetcie.com\/wp-content\/uploads\/2017\/07\/G\u00e9n\u00e9ralit\u00e9s-Ciment-6.jpg 1077w, https:\/\/www.emeryetcie.com\/wp-content\/uploads\/2017\/07\/G\u00e9n\u00e9ralit\u00e9s-Ciment-6-300x222.jpg 300w, https:\/\/www.emeryetcie.com\/wp-content\/uploads\/2017\/07\/G\u00e9n\u00e9ralit\u00e9s-Ciment-6-768x568.jpg 768w, https:\/\/www.emeryetcie.com\/wp-content\/uploads\/2017\/07\/G\u00e9n\u00e9ralit\u00e9s-Ciment-6-1024x758.jpg 1024w, https:\/\/www.emeryetcie.com\/wp-content\/uploads\/2017\/07\/G\u00e9n\u00e9ralit\u00e9s-Ciment-6-60x44.jpg 60w, https:\/\/www.emeryetcie.com\/wp-content\/uploads\/2017\/07\/G\u00e9n\u00e9ralit\u00e9s-Ciment-6-280x207.jpg 280w, https:\/\/www.emeryetcie.com\/wp-content\/uploads\/2017\/07\/G\u00e9n\u00e9ralit\u00e9s-Ciment-6-600x444.jpg 600w\" sizes=\"auto, (max-width: 1077px) 100vw, 1077px\" \/><\/p>\n","protected":false},"excerpt":{"rendered":"<p>&nbsp; A cement tile is composed of two distinct layers : The surface layer, about 4mm thick, consists of a<\/p>\n","protected":false},"author":5,"featured_media":32584,"parent":67680,"menu_order":1,"comment_status":"closed","ping_status":"closed","template":"","meta":{"_acf_changed":false,"_exactmetrics_skip_tracking":false,"_exactmetrics_sitenote_active":false,"_exactmetrics_sitenote_note":"","_exactmetrics_sitenote_category":0,"footnotes":""},"class_list":["post-39556","page","type-page","status-publish","has-post-thumbnail","hentry"],"acf":[],"yoast_head":"<!-- This site is optimized with the Yoast SEO plugin v27.5 - https:\/\/yoast.com\/product\/yoast-seo-wordpress\/ -->\n<title>Generalities - Emery &amp; Cie<\/title>\n<meta name=\"robots\" content=\"index, follow, max-snippet:-1, max-image-preview:large, max-video-preview:-1\" \/>\n<link rel=\"canonical\" href=\"https:\/\/www.emeryetcie.com\/en\/catalog\/tiles\/cement-tiles\/generalities\/\" \/>\n<meta property=\"og:locale\" content=\"en_US\" \/>\n<meta property=\"og:type\" content=\"article\" \/>\n<meta property=\"og:title\" content=\"Generalities - Emery &amp; Cie\" \/>\n<meta property=\"og:description\" content=\"&nbsp; A cement tile is composed of two distinct layers : The surface layer, about 4mm thick, consists of a\" \/>\n<meta property=\"og:url\" content=\"https:\/\/www.emeryetcie.com\/en\/catalog\/tiles\/cement-tiles\/generalities\/\" \/>\n<meta property=\"og:site_name\" content=\"Emery &amp; Cie\" \/>\n<meta property=\"article:modified_time\" content=\"2025-10-03T10:12:14+00:00\" \/>\n<meta property=\"og:image\" content=\"https:\/\/www.emeryetcie.com\/wp-content\/uploads\/2017\/07\/Home-Ciments-1.jpg\" \/>\n\t<meta property=\"og:image:width\" content=\"284\" \/>\n\t<meta property=\"og:image:height\" content=\"283\" \/>\n\t<meta property=\"og:image:type\" content=\"image\/jpeg\" \/>\n<meta name=\"twitter:card\" content=\"summary_large_image\" \/>\n<meta name=\"twitter:label1\" content=\"Est. reading time\" \/>\n\t<meta name=\"twitter:data1\" content=\"1 minute\" \/>\n<script type=\"application\/ld+json\" class=\"yoast-schema-graph\">{\"@context\":\"https:\\\/\\\/schema.org\",\"@graph\":[{\"@type\":\"WebPage\",\"@id\":\"https:\\\/\\\/www.emeryetcie.com\\\/en\\\/catalog\\\/tiles\\\/cement-tiles\\\/generalities\\\/\",\"url\":\"https:\\\/\\\/www.emeryetcie.com\\\/en\\\/catalog\\\/tiles\\\/cement-tiles\\\/generalities\\\/\",\"name\":\"Generalities - Emery & Cie\",\"isPartOf\":{\"@id\":\"https:\\\/\\\/www.emeryetcie.com\\\/en\\\/#website\"},\"primaryImageOfPage\":{\"@id\":\"https:\\\/\\\/www.emeryetcie.com\\\/en\\\/catalog\\\/tiles\\\/cement-tiles\\\/generalities\\\/#primaryimage\"},\"image\":{\"@id\":\"https:\\\/\\\/www.emeryetcie.com\\\/en\\\/catalog\\\/tiles\\\/cement-tiles\\\/generalities\\\/#primaryimage\"},\"thumbnailUrl\":\"https:\\\/\\\/www.emeryetcie.com\\\/wp-content\\\/uploads\\\/2017\\\/07\\\/Home-Ciments-1.jpg\",\"datePublished\":\"2018-01-17T14:49:16+00:00\",\"dateModified\":\"2025-10-03T10:12:14+00:00\",\"breadcrumb\":{\"@id\":\"https:\\\/\\\/www.emeryetcie.com\\\/en\\\/catalog\\\/tiles\\\/cement-tiles\\\/generalities\\\/#breadcrumb\"},\"inLanguage\":\"en-US\",\"potentialAction\":[{\"@type\":\"ReadAction\",\"target\":[\"https:\\\/\\\/www.emeryetcie.com\\\/en\\\/catalog\\\/tiles\\\/cement-tiles\\\/generalities\\\/\"]}]},{\"@type\":\"ImageObject\",\"inLanguage\":\"en-US\",\"@id\":\"https:\\\/\\\/www.emeryetcie.com\\\/en\\\/catalog\\\/tiles\\\/cement-tiles\\\/generalities\\\/#primaryimage\",\"url\":\"https:\\\/\\\/www.emeryetcie.com\\\/wp-content\\\/uploads\\\/2017\\\/07\\\/Home-Ciments-1.jpg\",\"contentUrl\":\"https:\\\/\\\/www.emeryetcie.com\\\/wp-content\\\/uploads\\\/2017\\\/07\\\/Home-Ciments-1.jpg\",\"width\":284,\"height\":283,\"caption\":\"G\u00e9n\u00e9ralit\u00e9s - carreaux en ciment design\"},{\"@type\":\"BreadcrumbList\",\"@id\":\"https:\\\/\\\/www.emeryetcie.com\\\/en\\\/catalog\\\/tiles\\\/cement-tiles\\\/generalities\\\/#breadcrumb\",\"itemListElement\":[{\"@type\":\"ListItem\",\"position\":1,\"name\":\"Home\",\"item\":\"https:\\\/\\\/www.emeryetcie.com\\\/en\\\/\"},{\"@type\":\"ListItem\",\"position\":2,\"name\":\"Catalogue\",\"item\":\"https:\\\/\\\/www.emeryetcie.com\\\/en\\\/catalog\\\/\"},{\"@type\":\"ListItem\",\"position\":3,\"name\":\"Tiles\",\"item\":\"https:\\\/\\\/www.emeryetcie.com\\\/en\\\/catalog\\\/tiles\\\/\"},{\"@type\":\"ListItem\",\"position\":4,\"name\":\"Cement tiles\",\"item\":\"https:\\\/\\\/www.emeryetcie.com\\\/en\\\/catalog\\\/tiles\\\/cement-tiles\\\/\"},{\"@type\":\"ListItem\",\"position\":5,\"name\":\"Generalities\"}]},{\"@type\":\"WebSite\",\"@id\":\"https:\\\/\\\/www.emeryetcie.com\\\/en\\\/#website\",\"url\":\"https:\\\/\\\/www.emeryetcie.com\\\/en\\\/\",\"name\":\"Emery & Cie\",\"description\":\"Articles de Maison artisanaux\",\"potentialAction\":[{\"@type\":\"SearchAction\",\"target\":{\"@type\":\"EntryPoint\",\"urlTemplate\":\"https:\\\/\\\/www.emeryetcie.com\\\/en\\\/?s={search_term_string}\"},\"query-input\":{\"@type\":\"PropertyValueSpecification\",\"valueRequired\":true,\"valueName\":\"search_term_string\"}}],\"inLanguage\":\"en-US\"}]}<\/script>\n<!-- \/ Yoast SEO plugin. -->","yoast_head_json":{"title":"Generalities - Emery & Cie","robots":{"index":"index","follow":"follow","max-snippet":"max-snippet:-1","max-image-preview":"max-image-preview:large","max-video-preview":"max-video-preview:-1"},"canonical":"https:\/\/www.emeryetcie.com\/en\/catalog\/tiles\/cement-tiles\/generalities\/","og_locale":"en_US","og_type":"article","og_title":"Generalities - Emery & Cie","og_description":"&nbsp; A cement tile is composed of two distinct layers : The surface layer, about 4mm thick, consists of a","og_url":"https:\/\/www.emeryetcie.com\/en\/catalog\/tiles\/cement-tiles\/generalities\/","og_site_name":"Emery & Cie","article_modified_time":"2025-10-03T10:12:14+00:00","og_image":[{"width":284,"height":283,"url":"https:\/\/www.emeryetcie.com\/wp-content\/uploads\/2017\/07\/Home-Ciments-1.jpg","type":"image\/jpeg"}],"twitter_card":"summary_large_image","twitter_misc":{"Est. reading time":"1 minute"},"schema":{"@context":"https:\/\/schema.org","@graph":[{"@type":"WebPage","@id":"https:\/\/www.emeryetcie.com\/en\/catalog\/tiles\/cement-tiles\/generalities\/","url":"https:\/\/www.emeryetcie.com\/en\/catalog\/tiles\/cement-tiles\/generalities\/","name":"Generalities - Emery & Cie","isPartOf":{"@id":"https:\/\/www.emeryetcie.com\/en\/#website"},"primaryImageOfPage":{"@id":"https:\/\/www.emeryetcie.com\/en\/catalog\/tiles\/cement-tiles\/generalities\/#primaryimage"},"image":{"@id":"https:\/\/www.emeryetcie.com\/en\/catalog\/tiles\/cement-tiles\/generalities\/#primaryimage"},"thumbnailUrl":"https:\/\/www.emeryetcie.com\/wp-content\/uploads\/2017\/07\/Home-Ciments-1.jpg","datePublished":"2018-01-17T14:49:16+00:00","dateModified":"2025-10-03T10:12:14+00:00","breadcrumb":{"@id":"https:\/\/www.emeryetcie.com\/en\/catalog\/tiles\/cement-tiles\/generalities\/#breadcrumb"},"inLanguage":"en-US","potentialAction":[{"@type":"ReadAction","target":["https:\/\/www.emeryetcie.com\/en\/catalog\/tiles\/cement-tiles\/generalities\/"]}]},{"@type":"ImageObject","inLanguage":"en-US","@id":"https:\/\/www.emeryetcie.com\/en\/catalog\/tiles\/cement-tiles\/generalities\/#primaryimage","url":"https:\/\/www.emeryetcie.com\/wp-content\/uploads\/2017\/07\/Home-Ciments-1.jpg","contentUrl":"https:\/\/www.emeryetcie.com\/wp-content\/uploads\/2017\/07\/Home-Ciments-1.jpg","width":284,"height":283,"caption":"G\u00e9n\u00e9ralit\u00e9s - carreaux en ciment design"},{"@type":"BreadcrumbList","@id":"https:\/\/www.emeryetcie.com\/en\/catalog\/tiles\/cement-tiles\/generalities\/#breadcrumb","itemListElement":[{"@type":"ListItem","position":1,"name":"Home","item":"https:\/\/www.emeryetcie.com\/en\/"},{"@type":"ListItem","position":2,"name":"Catalogue","item":"https:\/\/www.emeryetcie.com\/en\/catalog\/"},{"@type":"ListItem","position":3,"name":"Tiles","item":"https:\/\/www.emeryetcie.com\/en\/catalog\/tiles\/"},{"@type":"ListItem","position":4,"name":"Cement tiles","item":"https:\/\/www.emeryetcie.com\/en\/catalog\/tiles\/cement-tiles\/"},{"@type":"ListItem","position":5,"name":"Generalities"}]},{"@type":"WebSite","@id":"https:\/\/www.emeryetcie.com\/en\/#website","url":"https:\/\/www.emeryetcie.com\/en\/","name":"Emery & Cie","description":"Articles de Maison artisanaux","potentialAction":[{"@type":"SearchAction","target":{"@type":"EntryPoint","urlTemplate":"https:\/\/www.emeryetcie.com\/en\/?s={search_term_string}"},"query-input":{"@type":"PropertyValueSpecification","valueRequired":true,"valueName":"search_term_string"}}],"inLanguage":"en-US"}]}},"_links":{"self":[{"href":"https:\/\/www.emeryetcie.com\/en\/wp-json\/wp\/v2\/pages\/39556","targetHints":{"allow":["GET"]}}],"collection":[{"href":"https:\/\/www.emeryetcie.com\/en\/wp-json\/wp\/v2\/pages"}],"about":[{"href":"https:\/\/www.emeryetcie.com\/en\/wp-json\/wp\/v2\/types\/page"}],"author":[{"embeddable":true,"href":"https:\/\/www.emeryetcie.com\/en\/wp-json\/wp\/v2\/users\/5"}],"replies":[{"embeddable":true,"href":"https:\/\/www.emeryetcie.com\/en\/wp-json\/wp\/v2\/comments?post=39556"}],"version-history":[{"count":2,"href":"https:\/\/www.emeryetcie.com\/en\/wp-json\/wp\/v2\/pages\/39556\/revisions"}],"predecessor-version":[{"id":41297,"href":"https:\/\/www.emeryetcie.com\/en\/wp-json\/wp\/v2\/pages\/39556\/revisions\/41297"}],"up":[{"embeddable":true,"href":"https:\/\/www.emeryetcie.com\/en\/wp-json\/wp\/v2\/pages\/67680"}],"wp:featuredmedia":[{"embeddable":true,"href":"https:\/\/www.emeryetcie.com\/en\/wp-json\/wp\/v2\/media\/32584"}],"wp:attachment":[{"href":"https:\/\/www.emeryetcie.com\/en\/wp-json\/wp\/v2\/media?parent=39556"}],"curies":[{"name":"wp","href":"https:\/\/api.w.org\/{rel}","templated":true}]}}