{"id":39785,"date":"2018-01-23T16:29:17","date_gmt":"2018-01-23T16:29:17","guid":{"rendered":"https:\/\/www.emeryetcie.com\/catalog\/furniture\/mirrors\/"},"modified":"2025-10-21T14:10:17","modified_gmt":"2025-10-21T12:10:17","slug":"mirrors","status":"publish","type":"page","link":"https:\/\/www.emeryetcie.com\/en\/catalog\/furniture\/mirrors\/","title":{"rendered":"Mirrors"},"content":{"rendered":"<div class=\"wpb-content-wrapper\"><p>[vc_row][vc_column][vc_column_text css=&#8221;&#8221;]<img loading=\"lazy\" decoding=\"async\" class=\"size-full wp-image-70939 aligncenter\" src=\"https:\/\/www.emeryetcie.com\/wp-content\/uploads\/2025\/10\/Histoire-1-Miroirs.jpg\" alt=\"\" width=\"1077\" height=\"726\" srcset=\"https:\/\/www.emeryetcie.com\/wp-content\/uploads\/2025\/10\/Histoire-1-Miroirs.jpg 1077w, https:\/\/www.emeryetcie.com\/wp-content\/uploads\/2025\/10\/Histoire-1-Miroirs-300x202.jpg 300w, https:\/\/www.emeryetcie.com\/wp-content\/uploads\/2025\/10\/Histoire-1-Miroirs-1024x690.jpg 1024w, https:\/\/www.emeryetcie.com\/wp-content\/uploads\/2025\/10\/Histoire-1-Miroirs-768x518.jpg 768w\" sizes=\"auto, (max-width: 1077px) 100vw, 1077px\" \/><\/p>\n<p style=\"text-align: center;\">MIRRORS:<\/p>\n<p>&nbsp;<\/p>\n<p style=\"text-align: center;\">Mirrors are so present in my life that I\u2019ve made them <span style=\"text-decoration: underline;\">my family tree<\/span>!<br \/>\nNo excessive narcissism, however, even if I often find myself trapped in it when photographing them.<br \/>\nWhat I try to capture with mirrors is rather <span style=\"text-decoration: underline;\">the\u00a0reflection of light<\/span>, a burst of brilliance on a shadowy wall,<br \/>\na shimmer that contrasts with matte paint.<br \/>\nFor this, I\u2019ve often used the strangely shaped mirrors placed on furniture in the 1940s, found on the street on garbage cans.<br \/>\nBut I\u2019ve also had dazzling coloured glass tiles made in India. And I even hunted for several years in a row<br \/>\nfor the small convex mirrors that adorn the walls of Indian palaces, before finally finding the last makers,<br \/>\na craft that has sadly now disappeared. From this incessant quest for light to distill into the shadows,<br \/>\nI kept a few\u00a0mirrors <span style=\"text-decoration: underline;\">framed in wrought iron<\/span>.<\/p>\n<p>[\/vc_column_text][\/vc_column][\/vc_row][vc_row][vc_column width=&#8221;1\/3&#8243;][vc_column_text css=&#8221;&#8221;]<\/p>\n<h5 style=\"text-align: center;\"><span style=\"color: #61616c;\">HISTORY:<\/span><\/h5>\n<p><a href=\"https:\/\/www.emeryetcie.com\/en\/catalog\/furniture\/mirrors\/story\/\"><img loading=\"lazy\" decoding=\"async\" class=\"alignnone size-full wp-image-70946 aligncenter\" src=\"https:\/\/www.emeryetcie.com\/wp-content\/uploads\/2025\/10\/Home-MIROIRS-Histoire.jpg\" alt=\"\" width=\"315\" height=\"213\" srcset=\"https:\/\/www.emeryetcie.com\/wp-content\/uploads\/2025\/10\/Home-MIROIRS-Histoire.jpg 315w, https:\/\/www.emeryetcie.com\/wp-content\/uploads\/2025\/10\/Home-MIROIRS-Histoire-300x203.jpg 300w\" sizes=\"auto, (max-width: 315px) 100vw, 315px\" \/><\/a>[\/vc_column_text][\/vc_column][vc_column width=&#8221;1\/3&#8243;][vc_column_text css=&#8221;&#8221;]<\/p>\n<h5 style=\"text-align: center;\"><span style=\"color: #61616c;\">FLAT MIRRORS:<\/span><\/h5>\n<p><a href=\"https:\/\/www.emeryetcie.com\/en\/catalog\/furniture\/mirrors\/flat-mirrors\/\"><img loading=\"lazy\" decoding=\"async\" class=\"alignnone size-full wp-image-70942 aligncenter\" src=\"https:\/\/www.emeryetcie.com\/wp-content\/uploads\/2025\/10\/Home-MIROIRS-plats.jpg\" alt=\"\" width=\"215\" height=\"213\" srcset=\"https:\/\/www.emeryetcie.com\/wp-content\/uploads\/2025\/10\/Home-MIROIRS-plats.jpg 215w, https:\/\/www.emeryetcie.com\/wp-content\/uploads\/2025\/10\/Home-MIROIRS-plats-150x150.jpg 150w, https:\/\/www.emeryetcie.com\/wp-content\/uploads\/2025\/10\/Home-MIROIRS-plats-60x60.jpg 60w, https:\/\/www.emeryetcie.com\/wp-content\/uploads\/2025\/10\/Home-MIROIRS-plats-45x45.jpg 45w\" sizes=\"auto, (max-width: 215px) 100vw, 215px\" \/><\/a>[\/vc_column_text][\/vc_column][vc_column width=&#8221;1\/3&#8243;][vc_column_text css=&#8221;&#8221;]<\/p>\n<h5 style=\"text-align: center;\"><span style=\"color: #61616c;\">CONVEX MIRRORS:<\/span><\/h5>\n<p><a href=\"https:\/\/www.emeryetcie.com\/miroirs-convexes\/\"><img loading=\"lazy\" decoding=\"async\" class=\"size-full wp-image-70944 aligncenter\" src=\"https:\/\/www.emeryetcie.com\/wp-content\/uploads\/2025\/10\/Home-MIROIRS-covexes.jpg\" alt=\"\" width=\"332\" height=\"216\" srcset=\"https:\/\/www.emeryetcie.com\/wp-content\/uploads\/2025\/10\/Home-MIROIRS-covexes.jpg 332w, https:\/\/www.emeryetcie.com\/wp-content\/uploads\/2025\/10\/Home-MIROIRS-covexes-300x195.jpg 300w\" sizes=\"auto, (max-width: 332px) 100vw, 332px\" \/><\/a>[\/vc_column_text][\/vc_column][\/vc_row]<\/p>\n<\/div>","protected":false},"excerpt":{"rendered":"<p>[vc_row][vc_column][vc_column_text css=&#8221;&#8221;] MIRRORS: &nbsp; Mirrors are so present in my life that I\u2019ve made them my family tree! No excessive<\/p>\n","protected":false},"author":1,"featured_media":70901,"parent":39766,"menu_order":4,"comment_status":"closed","ping_status":"closed","template":"","meta":{"_acf_changed":false,"_exactmetrics_skip_tracking":false,"_exactmetrics_sitenote_active":false,"_exactmetrics_sitenote_note":"","_exactmetrics_sitenote_category":0,"footnotes":""},"class_list":["post-39785","page","type-page","status-publish","has-post-thumbnail","hentry"],"acf":[],"yoast_head":"<!-- This site is optimized with the Yoast SEO plugin v27.5 - https:\/\/yoast.com\/product\/yoast-seo-wordpress\/ -->\n<title>Miroirs et cadres de cr\u00e9ateur | Miroirs design EMERY&amp;Cie<\/title>\n<meta name=\"description\" content=\"Miroirs plats et miroirs bomb\u00e9s (&quot;Sorci\u00e8re&quot;) avec diff\u00e9rents mod\u00e8les de cadres originaux en fer forg\u00e9, en feuilles de m\u00e9tal ou en carreaux de nos collections.\" \/>\n<meta name=\"robots\" content=\"index, follow, max-snippet:-1, max-image-preview:large, max-video-preview:-1\" \/>\n<link rel=\"canonical\" href=\"https:\/\/www.emeryetcie.com\/en\/catalog\/furniture\/mirrors\/\" \/>\n<meta property=\"og:locale\" content=\"en_US\" \/>\n<meta property=\"og:type\" content=\"article\" \/>\n<meta property=\"og:title\" content=\"Miroirs et cadres de cr\u00e9ateur | Miroirs design EMERY&amp;Cie\" \/>\n<meta property=\"og:description\" content=\"Miroirs plats et miroirs bomb\u00e9s (&quot;Sorci\u00e8re&quot;) avec diff\u00e9rents mod\u00e8les de cadres originaux en fer forg\u00e9, en feuilles de m\u00e9tal ou en carreaux de nos collections.\" \/>\n<meta property=\"og:url\" content=\"https:\/\/www.emeryetcie.com\/en\/catalog\/furniture\/mirrors\/\" \/>\n<meta property=\"og:site_name\" content=\"Emery &amp; Cie\" \/>\n<meta property=\"article:modified_time\" content=\"2025-10-21T12:10:17+00:00\" \/>\n<meta property=\"og:image\" content=\"https:\/\/www.emeryetcie.com\/wp-content\/uploads\/2025\/10\/home-miroirs.jpg\" \/>\n\t<meta property=\"og:image:width\" content=\"280\" \/>\n\t<meta property=\"og:image:height\" content=\"216\" \/>\n\t<meta property=\"og:image:type\" content=\"image\/jpeg\" \/>\n<meta name=\"twitter:card\" content=\"summary_large_image\" \/>\n<meta name=\"twitter:label1\" content=\"Est. reading time\" \/>\n\t<meta name=\"twitter:data1\" content=\"2 minutes\" \/>\n<script type=\"application\/ld+json\" class=\"yoast-schema-graph\">{\"@context\":\"https:\\\/\\\/schema.org\",\"@graph\":[{\"@type\":\"WebPage\",\"@id\":\"https:\\\/\\\/www.emeryetcie.com\\\/en\\\/catalog\\\/furniture\\\/mirrors\\\/\",\"url\":\"https:\\\/\\\/www.emeryetcie.com\\\/en\\\/catalog\\\/furniture\\\/mirrors\\\/\",\"name\":\"Miroirs et cadres de cr\u00e9ateur | Miroirs design EMERY&Cie\",\"isPartOf\":{\"@id\":\"https:\\\/\\\/www.emeryetcie.com\\\/en\\\/#website\"},\"primaryImageOfPage\":{\"@id\":\"https:\\\/\\\/www.emeryetcie.com\\\/en\\\/catalog\\\/furniture\\\/mirrors\\\/#primaryimage\"},\"image\":{\"@id\":\"https:\\\/\\\/www.emeryetcie.com\\\/en\\\/catalog\\\/furniture\\\/mirrors\\\/#primaryimage\"},\"thumbnailUrl\":\"https:\\\/\\\/www.emeryetcie.com\\\/wp-content\\\/uploads\\\/2025\\\/10\\\/home-miroirs.jpg\",\"datePublished\":\"2018-01-23T16:29:17+00:00\",\"dateModified\":\"2025-10-21T12:10:17+00:00\",\"description\":\"Miroirs plats et miroirs bomb\u00e9s (\\\"Sorci\u00e8re\\\") avec diff\u00e9rents mod\u00e8les de cadres originaux en fer forg\u00e9, en feuilles de m\u00e9tal ou en carreaux de nos collections.\",\"breadcrumb\":{\"@id\":\"https:\\\/\\\/www.emeryetcie.com\\\/en\\\/catalog\\\/furniture\\\/mirrors\\\/#breadcrumb\"},\"inLanguage\":\"en-US\",\"potentialAction\":[{\"@type\":\"ReadAction\",\"target\":[\"https:\\\/\\\/www.emeryetcie.com\\\/en\\\/catalog\\\/furniture\\\/mirrors\\\/\"]}]},{\"@type\":\"ImageObject\",\"inLanguage\":\"en-US\",\"@id\":\"https:\\\/\\\/www.emeryetcie.com\\\/en\\\/catalog\\\/furniture\\\/mirrors\\\/#primaryimage\",\"url\":\"https:\\\/\\\/www.emeryetcie.com\\\/wp-content\\\/uploads\\\/2025\\\/10\\\/home-miroirs.jpg\",\"contentUrl\":\"https:\\\/\\\/www.emeryetcie.com\\\/wp-content\\\/uploads\\\/2025\\\/10\\\/home-miroirs.jpg\",\"width\":280,\"height\":216},{\"@type\":\"BreadcrumbList\",\"@id\":\"https:\\\/\\\/www.emeryetcie.com\\\/en\\\/catalog\\\/furniture\\\/mirrors\\\/#breadcrumb\",\"itemListElement\":[{\"@type\":\"ListItem\",\"position\":1,\"name\":\"Home\",\"item\":\"https:\\\/\\\/www.emeryetcie.com\\\/en\\\/\"},{\"@type\":\"ListItem\",\"position\":2,\"name\":\"Catalogue\",\"item\":\"https:\\\/\\\/www.emeryetcie.com\\\/en\\\/catalog\\\/\"},{\"@type\":\"ListItem\",\"position\":3,\"name\":\"Furniture\",\"item\":\"https:\\\/\\\/www.emeryetcie.com\\\/en\\\/catalog\\\/furniture\\\/\"},{\"@type\":\"ListItem\",\"position\":4,\"name\":\"Mirrors\"}]},{\"@type\":\"WebSite\",\"@id\":\"https:\\\/\\\/www.emeryetcie.com\\\/en\\\/#website\",\"url\":\"https:\\\/\\\/www.emeryetcie.com\\\/en\\\/\",\"name\":\"Emery & Cie\",\"description\":\"Articles de Maison artisanaux\",\"potentialAction\":[{\"@type\":\"SearchAction\",\"target\":{\"@type\":\"EntryPoint\",\"urlTemplate\":\"https:\\\/\\\/www.emeryetcie.com\\\/en\\\/?s={search_term_string}\"},\"query-input\":{\"@type\":\"PropertyValueSpecification\",\"valueRequired\":true,\"valueName\":\"search_term_string\"}}],\"inLanguage\":\"en-US\"}]}<\/script>\n<!-- \/ Yoast SEO plugin. -->","yoast_head_json":{"title":"Miroirs et cadres de cr\u00e9ateur | Miroirs design EMERY&Cie","description":"Miroirs plats et miroirs bomb\u00e9s (\"Sorci\u00e8re\") avec diff\u00e9rents mod\u00e8les de cadres originaux en fer forg\u00e9, en feuilles de m\u00e9tal ou en carreaux de nos collections.","robots":{"index":"index","follow":"follow","max-snippet":"max-snippet:-1","max-image-preview":"max-image-preview:large","max-video-preview":"max-video-preview:-1"},"canonical":"https:\/\/www.emeryetcie.com\/en\/catalog\/furniture\/mirrors\/","og_locale":"en_US","og_type":"article","og_title":"Miroirs et cadres de cr\u00e9ateur | Miroirs design EMERY&Cie","og_description":"Miroirs plats et miroirs bomb\u00e9s (\"Sorci\u00e8re\") avec diff\u00e9rents mod\u00e8les de cadres originaux en fer forg\u00e9, en feuilles de m\u00e9tal ou en carreaux de nos collections.","og_url":"https:\/\/www.emeryetcie.com\/en\/catalog\/furniture\/mirrors\/","og_site_name":"Emery & Cie","article_modified_time":"2025-10-21T12:10:17+00:00","og_image":[{"width":280,"height":216,"url":"https:\/\/www.emeryetcie.com\/wp-content\/uploads\/2025\/10\/home-miroirs.jpg","type":"image\/jpeg"}],"twitter_card":"summary_large_image","twitter_misc":{"Est. reading time":"2 minutes"},"schema":{"@context":"https:\/\/schema.org","@graph":[{"@type":"WebPage","@id":"https:\/\/www.emeryetcie.com\/en\/catalog\/furniture\/mirrors\/","url":"https:\/\/www.emeryetcie.com\/en\/catalog\/furniture\/mirrors\/","name":"Miroirs et cadres de cr\u00e9ateur | Miroirs design EMERY&Cie","isPartOf":{"@id":"https:\/\/www.emeryetcie.com\/en\/#website"},"primaryImageOfPage":{"@id":"https:\/\/www.emeryetcie.com\/en\/catalog\/furniture\/mirrors\/#primaryimage"},"image":{"@id":"https:\/\/www.emeryetcie.com\/en\/catalog\/furniture\/mirrors\/#primaryimage"},"thumbnailUrl":"https:\/\/www.emeryetcie.com\/wp-content\/uploads\/2025\/10\/home-miroirs.jpg","datePublished":"2018-01-23T16:29:17+00:00","dateModified":"2025-10-21T12:10:17+00:00","description":"Miroirs plats et miroirs bomb\u00e9s (\"Sorci\u00e8re\") avec diff\u00e9rents mod\u00e8les de cadres originaux en fer forg\u00e9, en feuilles de m\u00e9tal ou en carreaux de nos collections.","breadcrumb":{"@id":"https:\/\/www.emeryetcie.com\/en\/catalog\/furniture\/mirrors\/#breadcrumb"},"inLanguage":"en-US","potentialAction":[{"@type":"ReadAction","target":["https:\/\/www.emeryetcie.com\/en\/catalog\/furniture\/mirrors\/"]}]},{"@type":"ImageObject","inLanguage":"en-US","@id":"https:\/\/www.emeryetcie.com\/en\/catalog\/furniture\/mirrors\/#primaryimage","url":"https:\/\/www.emeryetcie.com\/wp-content\/uploads\/2025\/10\/home-miroirs.jpg","contentUrl":"https:\/\/www.emeryetcie.com\/wp-content\/uploads\/2025\/10\/home-miroirs.jpg","width":280,"height":216},{"@type":"BreadcrumbList","@id":"https:\/\/www.emeryetcie.com\/en\/catalog\/furniture\/mirrors\/#breadcrumb","itemListElement":[{"@type":"ListItem","position":1,"name":"Home","item":"https:\/\/www.emeryetcie.com\/en\/"},{"@type":"ListItem","position":2,"name":"Catalogue","item":"https:\/\/www.emeryetcie.com\/en\/catalog\/"},{"@type":"ListItem","position":3,"name":"Furniture","item":"https:\/\/www.emeryetcie.com\/en\/catalog\/furniture\/"},{"@type":"ListItem","position":4,"name":"Mirrors"}]},{"@type":"WebSite","@id":"https:\/\/www.emeryetcie.com\/en\/#website","url":"https:\/\/www.emeryetcie.com\/en\/","name":"Emery & Cie","description":"Articles de Maison artisanaux","potentialAction":[{"@type":"SearchAction","target":{"@type":"EntryPoint","urlTemplate":"https:\/\/www.emeryetcie.com\/en\/?s={search_term_string}"},"query-input":{"@type":"PropertyValueSpecification","valueRequired":true,"valueName":"search_term_string"}}],"inLanguage":"en-US"}]}},"_links":{"self":[{"href":"https:\/\/www.emeryetcie.com\/en\/wp-json\/wp\/v2\/pages\/39785","targetHints":{"allow":["GET"]}}],"collection":[{"href":"https:\/\/www.emeryetcie.com\/en\/wp-json\/wp\/v2\/pages"}],"about":[{"href":"https:\/\/www.emeryetcie.com\/en\/wp-json\/wp\/v2\/types\/page"}],"author":[{"embeddable":true,"href":"https:\/\/www.emeryetcie.com\/en\/wp-json\/wp\/v2\/users\/1"}],"replies":[{"embeddable":true,"href":"https:\/\/www.emeryetcie.com\/en\/wp-json\/wp\/v2\/comments?post=39785"}],"version-history":[{"count":5,"href":"https:\/\/www.emeryetcie.com\/en\/wp-json\/wp\/v2\/pages\/39785\/revisions"}],"predecessor-version":[{"id":71529,"href":"https:\/\/www.emeryetcie.com\/en\/wp-json\/wp\/v2\/pages\/39785\/revisions\/71529"}],"up":[{"embeddable":true,"href":"https:\/\/www.emeryetcie.com\/en\/wp-json\/wp\/v2\/pages\/39766"}],"wp:featuredmedia":[{"embeddable":true,"href":"https:\/\/www.emeryetcie.com\/en\/wp-json\/wp\/v2\/media\/70901"}],"wp:attachment":[{"href":"https:\/\/www.emeryetcie.com\/en\/wp-json\/wp\/v2\/media?parent=39785"}],"curies":[{"name":"wp","href":"https:\/\/api.w.org\/{rel}","templated":true}]}}