{"id":39800,"date":"2018-01-23T16:57:22","date_gmt":"2018-01-23T16:57:22","guid":{"rendered":"https:\/\/www.emeryetcie.com\/catalog\/ironmongery\/"},"modified":"2025-11-06T10:34:03","modified_gmt":"2025-11-06T09:34:03","slug":"ironmongery","status":"publish","type":"page","link":"https:\/\/www.emeryetcie.com\/en\/catalog\/ironmongery\/","title":{"rendered":"Ironmongery"},"content":{"rendered":"<div class=\"wpb-content-wrapper\"><p>[vc_row][vc_column][vc_column_text css=&#8221;&#8221;]<\/p>\n<p style=\"text-align: center;\"><span style=\"color: #999999;\">These are the &#8220;little things that change everything&#8221;!<\/span><\/p>\n<p style=\"text-align: center;\">You don&#8217;t need big expenses or big worries to change your life;<br \/>\nsome details alone make a world of their own.<br \/>\nThey are always present in daily life, we constantly touch them,<br \/>\nand they are most often painfully ugly.<br \/>\nUltimately, these little objects are like an insult whispered a hundred times a day,<br \/>\nthe trace of a discouraging environment that follows us<br \/>\neven into our personal sanctuary.<\/p>\n<p>[\/vc_column_text][\/vc_column][\/vc_row][vc_row][vc_column width=&#8221;1\/3&#8243;][vc_column_text css=&#8221;&#8221;]<\/p>\n<h5 style=\"text-align: center;\"><span style=\"color: #61616c;\">CABINET HANDLES:<\/span><\/h5>\n<p><a href=\"https:\/\/www.emeryetcie.com\/en\/catalog\/ironmongery\/door-knobs\/\"><img loading=\"lazy\" decoding=\"async\" class=\"alignnone size-full wp-image-72525 aligncenter\" src=\"https:\/\/www.emeryetcie.com\/wp-content\/uploads\/2025\/10\/Home-Q-Barres-Poignees-darmoire.jpg\" alt=\"\" width=\"219\" height=\"219\" srcset=\"https:\/\/www.emeryetcie.com\/wp-content\/uploads\/2025\/10\/Home-Q-Barres-Poignees-darmoire.jpg 219w, https:\/\/www.emeryetcie.com\/wp-content\/uploads\/2025\/10\/Home-Q-Barres-Poignees-darmoire-150x150.jpg 150w, https:\/\/www.emeryetcie.com\/wp-content\/uploads\/2025\/10\/Home-Q-Barres-Poignees-darmoire-60x60.jpg 60w, https:\/\/www.emeryetcie.com\/wp-content\/uploads\/2025\/10\/Home-Q-Barres-Poignees-darmoire-45x45.jpg 45w\" sizes=\"auto, (max-width: 219px) 100vw, 219px\" \/><\/a>[\/vc_column_text][\/vc_column][vc_column width=&#8221;1\/3&#8243;][vc_column_text css=&#8221;&#8221;]<\/p>\n<h5 style=\"text-align: center;\"><span style=\"color: #61616c;\">CURTAIN RAILS:<\/span><\/h5>\n<p><a href=\"https:\/\/www.emeryetcie.com\/en\/catalog\/ironmongery\/curtain-rails\/\"><img loading=\"lazy\" decoding=\"async\" class=\"alignnone size-full wp-image-72527 aligncenter\" src=\"https:\/\/www.emeryetcie.com\/wp-content\/uploads\/2025\/10\/Home-Q-Barres-a-rideaux.jpg\" alt=\"\" width=\"219\" height=\"219\" srcset=\"https:\/\/www.emeryetcie.com\/wp-content\/uploads\/2025\/10\/Home-Q-Barres-a-rideaux.jpg 219w, https:\/\/www.emeryetcie.com\/wp-content\/uploads\/2025\/10\/Home-Q-Barres-a-rideaux-150x150.jpg 150w, https:\/\/www.emeryetcie.com\/wp-content\/uploads\/2025\/10\/Home-Q-Barres-a-rideaux-60x60.jpg 60w, https:\/\/www.emeryetcie.com\/wp-content\/uploads\/2025\/10\/Home-Q-Barres-a-rideaux-45x45.jpg 45w\" sizes=\"auto, (max-width: 219px) 100vw, 219px\" \/><\/a>[\/vc_column_text][\/vc_column][vc_column width=&#8221;1\/3&#8243;][vc_column_text css=&#8221;&#8221;]<\/p>\n<h5 style=\"text-align: center;\"><span style=\"color: #61616c;\">DOOR HANDLES:<\/span><\/h5>\n<p><a href=\"https:\/\/www.emeryetcie.com\/en\/catalog\/ironmongery\/door-handles\/\"><img loading=\"lazy\" decoding=\"async\" class=\"alignnone size-full wp-image-72529 aligncenter\" src=\"https:\/\/www.emeryetcie.com\/wp-content\/uploads\/2025\/10\/Home-Q-Barres-Poignees-de-porte.jpg\" alt=\"\" width=\"219\" height=\"219\" srcset=\"https:\/\/www.emeryetcie.com\/wp-content\/uploads\/2025\/10\/Home-Q-Barres-Poignees-de-porte.jpg 219w, https:\/\/www.emeryetcie.com\/wp-content\/uploads\/2025\/10\/Home-Q-Barres-Poignees-de-porte-150x150.jpg 150w, https:\/\/www.emeryetcie.com\/wp-content\/uploads\/2025\/10\/Home-Q-Barres-Poignees-de-porte-60x60.jpg 60w, https:\/\/www.emeryetcie.com\/wp-content\/uploads\/2025\/10\/Home-Q-Barres-Poignees-de-porte-45x45.jpg 45w\" sizes=\"auto, (max-width: 219px) 100vw, 219px\" \/><\/a>[\/vc_column_text][\/vc_column][\/vc_row][vc_row][vc_column width=&#8221;1\/3&#8243;][vc_column_text css=&#8221;&#8221;]<\/p>\n<h5 style=\"text-align: center;\"><span style=\"color: #61616c;\">SHELF BRACKETS:<\/span><\/h5>\n<p><a href=\"https:\/\/www.emeryetcie.com\/en\/catalog\/ironmongery\/brackets\/\"><img loading=\"lazy\" decoding=\"async\" class=\"alignnone size-full wp-image-29943 aligncenter\" src=\"https:\/\/www.emeryetcie.com\/wp-content\/uploads\/2017\/07\/Home-Quincaillerie-3.jpg\" alt=\"Supports d'\u00e9tag\u00e8res et consoles en fer forg\u00e9 | EMERY&amp;Cie\" width=\"219\" height=\"219\" srcset=\"https:\/\/www.emeryetcie.com\/wp-content\/uploads\/2017\/07\/Home-Quincaillerie-3.jpg 219w, https:\/\/www.emeryetcie.com\/wp-content\/uploads\/2017\/07\/Home-Quincaillerie-3-150x150.jpg 150w, https:\/\/www.emeryetcie.com\/wp-content\/uploads\/2017\/07\/Home-Quincaillerie-3-60x60.jpg 60w, https:\/\/www.emeryetcie.com\/wp-content\/uploads\/2017\/07\/Home-Quincaillerie-3-45x45.jpg 45w\" sizes=\"auto, (max-width: 219px) 100vw, 219px\" \/><\/a>[\/vc_column_text][\/vc_column][vc_column width=&#8221;1\/3&#8243;][vc_column_text css=&#8221;&#8221;]<\/p>\n<h5 style=\"text-align: center;\"><span style=\"color: #61616c;\">HANDRAILS:<\/span><\/h5>\n<p><a href=\"https:\/\/www.emeryetcie.com\/en\/catalog\/ironmongery\/hand-railings\/\"><img loading=\"lazy\" decoding=\"async\" class=\"alignnone size-full wp-image-35991 aligncenter\" src=\"https:\/\/www.emeryetcie.com\/wp-content\/uploads\/2017\/08\/unnamed.jpg\" alt=\"Nos rampes d'escalier en fer forg\u00e9 | EMERY&amp;Cie\" width=\"219\" height=\"219\" srcset=\"https:\/\/www.emeryetcie.com\/wp-content\/uploads\/2017\/08\/unnamed.jpg 219w, https:\/\/www.emeryetcie.com\/wp-content\/uploads\/2017\/08\/unnamed-150x150.jpg 150w, https:\/\/www.emeryetcie.com\/wp-content\/uploads\/2017\/08\/unnamed-60x60.jpg 60w, https:\/\/www.emeryetcie.com\/wp-content\/uploads\/2017\/08\/unnamed-45x45.jpg 45w\" sizes=\"auto, (max-width: 219px) 100vw, 219px\" \/><\/a>[\/vc_column_text][\/vc_column][vc_column width=&#8221;1\/3&#8243;][vc_column_text css=&#8221;&#8221;]<\/p>\n<h5 style=\"text-align: center;\"><span style=\"color: #61616c;\">HOOKS AND COAT PEGS:<\/span><\/h5>\n<p><a href=\"https:\/\/www.emeryetcie.com\/en\/catalog\/ironmongery\/hooks-and-hangers\/\"><img loading=\"lazy\" decoding=\"async\" class=\"alignnone size-full wp-image-29939 aligncenter\" src=\"https:\/\/www.emeryetcie.com\/wp-content\/uploads\/2017\/07\/Home-Quincaillerie-1.jpg\" alt=\"Crochets artisanaux en fer forg\u00e9 | EMERY&amp;Cie\" width=\"219\" height=\"219\" srcset=\"https:\/\/www.emeryetcie.com\/wp-content\/uploads\/2017\/07\/Home-Quincaillerie-1.jpg 219w, https:\/\/www.emeryetcie.com\/wp-content\/uploads\/2017\/07\/Home-Quincaillerie-1-150x150.jpg 150w, https:\/\/www.emeryetcie.com\/wp-content\/uploads\/2017\/07\/Home-Quincaillerie-1-60x60.jpg 60w, https:\/\/www.emeryetcie.com\/wp-content\/uploads\/2017\/07\/Home-Quincaillerie-1-45x45.jpg 45w\" sizes=\"auto, (max-width: 219px) 100vw, 219px\" \/><\/a>[\/vc_column_text][\/vc_column][\/vc_row][vc_row][vc_column width=&#8221;1\/3&#8243;][vc_column_text css=&#8221;&#8221;]<\/p>\n<h5 style=\"text-align: center;\"><span style=\"color: #61616c;\">TOWEL RACKS:<\/span><\/h5>\n<p><a href=\"https:\/\/www.emeryetcie.com\/en\/catalog\/ironmongery\/towel-racks\/\"><img loading=\"lazy\" decoding=\"async\" class=\"alignnone size-full wp-image-53267 aligncenter\" src=\"https:\/\/www.emeryetcie.com\/wp-content\/uploads\/2022\/03\/Home-Quincaillerie-11.jpg\" alt=\"Nos porte-serviettes en fer forg\u00e9 | EMERY&amp;Cie\" width=\"219\" height=\"219\" srcset=\"https:\/\/www.emeryetcie.com\/wp-content\/uploads\/2022\/03\/Home-Quincaillerie-11.jpg 219w, https:\/\/www.emeryetcie.com\/wp-content\/uploads\/2022\/03\/Home-Quincaillerie-11-150x150.jpg 150w, https:\/\/www.emeryetcie.com\/wp-content\/uploads\/2022\/03\/Home-Quincaillerie-11-60x60.jpg 60w, https:\/\/www.emeryetcie.com\/wp-content\/uploads\/2022\/03\/Home-Quincaillerie-11-45x45.jpg 45w, https:\/\/www.emeryetcie.com\/wp-content\/uploads\/2022\/03\/Home-Quincaillerie-11-100x100.jpg 100w\" sizes=\"auto, (max-width: 219px) 100vw, 219px\" \/><\/a>[\/vc_column_text][\/vc_column][vc_column width=&#8221;1\/3&#8243;][vc_column_text css=&#8221;&#8221;]<\/p>\n<h5 style=\"text-align: center;\"><span style=\"color: #61616c;\">HINGES:<\/span><\/h5>\n<p><a href=\"https:\/\/www.emeryetcie.com\/en\/catalog\/ironmongery\/hinges\/\"><img loading=\"lazy\" decoding=\"async\" class=\"alignnone size-full wp-image-29947 aligncenter\" src=\"https:\/\/www.emeryetcie.com\/wp-content\/uploads\/2017\/07\/Home-Quincaillerie-5.jpg\" alt=\"Les charni\u00e8res en fer forg\u00e9 | EMERY&amp;Cie\" width=\"219\" height=\"219\" srcset=\"https:\/\/www.emeryetcie.com\/wp-content\/uploads\/2017\/07\/Home-Quincaillerie-5.jpg 219w, https:\/\/www.emeryetcie.com\/wp-content\/uploads\/2017\/07\/Home-Quincaillerie-5-150x150.jpg 150w, https:\/\/www.emeryetcie.com\/wp-content\/uploads\/2017\/07\/Home-Quincaillerie-5-60x60.jpg 60w, https:\/\/www.emeryetcie.com\/wp-content\/uploads\/2017\/07\/Home-Quincaillerie-5-45x45.jpg 45w\" sizes=\"auto, (max-width: 219px) 100vw, 219px\" \/><\/a>[\/vc_column_text][\/vc_column][vc_column width=&#8221;1\/3&#8243;][vc_column_text css=&#8221;&#8221;]<\/p>\n<h5 style=\"text-align: center;\"><span style=\"color: #61616c;\">TIEBACKS:<\/span><\/h5>\n<p><a href=\"https:\/\/www.emeryetcie.com\/en\/catalog\/ironmongery\/tiebacks\/\"><img loading=\"lazy\" decoding=\"async\" class=\"alignnone size-full wp-image-52943 aligncenter\" src=\"https:\/\/www.emeryetcie.com\/wp-content\/uploads\/2022\/02\/Home-Quincaillerie-10.jpg\" alt=\"Embrasses pour rideaux en fer forg\u00e9 | EMERY&amp;Cie\" width=\"219\" height=\"219\" srcset=\"https:\/\/www.emeryetcie.com\/wp-content\/uploads\/2022\/02\/Home-Quincaillerie-10.jpg 219w, https:\/\/www.emeryetcie.com\/wp-content\/uploads\/2022\/02\/Home-Quincaillerie-10-150x150.jpg 150w, https:\/\/www.emeryetcie.com\/wp-content\/uploads\/2022\/02\/Home-Quincaillerie-10-60x60.jpg 60w, https:\/\/www.emeryetcie.com\/wp-content\/uploads\/2022\/02\/Home-Quincaillerie-10-45x45.jpg 45w, https:\/\/www.emeryetcie.com\/wp-content\/uploads\/2022\/02\/Home-Quincaillerie-10-100x100.jpg 100w\" sizes=\"auto, (max-width: 219px) 100vw, 219px\" \/><\/a>[\/vc_column_text][\/vc_column][\/vc_row][vc_row][vc_column width=&#8221;1\/3&#8243;][vc_column_text css=&#8221;&#8221;]<\/p>\n<h5 style=\"text-align: center;\"><span style=\"color: #61616c;\">FIGURES:<\/span><\/h5>\n<p><a href=\"https:\/\/www.emeryetcie.com\/en\/catalog\/ironmongery\/figures\/\"><img loading=\"lazy\" decoding=\"async\" class=\"alignnone size-full wp-image-40536 aligncenter\" src=\"https:\/\/www.emeryetcie.com\/wp-content\/uploads\/2018\/05\/Home-Quincaillerie-9bis.jpg\" alt=\"Chiffres de maison en fer forg\u00e9 artisanals | EMERY&amp;Cie\" width=\"219\" height=\"219\" srcset=\"https:\/\/www.emeryetcie.com\/wp-content\/uploads\/2018\/05\/Home-Quincaillerie-9bis.jpg 219w, https:\/\/www.emeryetcie.com\/wp-content\/uploads\/2018\/05\/Home-Quincaillerie-9bis-150x150.jpg 150w, https:\/\/www.emeryetcie.com\/wp-content\/uploads\/2018\/05\/Home-Quincaillerie-9bis-60x60.jpg 60w, https:\/\/www.emeryetcie.com\/wp-content\/uploads\/2018\/05\/Home-Quincaillerie-9bis-45x45.jpg 45w, https:\/\/www.emeryetcie.com\/wp-content\/uploads\/2018\/05\/Home-Quincaillerie-9bis-100x100.jpg 100w\" sizes=\"auto, (max-width: 219px) 100vw, 219px\" \/><\/a>[\/vc_column_text][\/vc_column][vc_column width=&#8221;1\/3&#8243;][vc_column_text css=&#8221;&#8221;]<\/p>\n<h5 style=\"text-align: center;\"><span style=\"color: #61616c;\">TOILET ROLL HOLDERS:<\/span><\/h5>\n<p><a href=\"https:\/\/www.emeryetcie.com\/en\/catalog\/ironmongery\/toilet-paper-hangers\/\"><img loading=\"lazy\" decoding=\"async\" class=\"aligncenter wp-image-54150 size-full\" src=\"https:\/\/www.emeryetcie.com\/wp-content\/uploads\/2022\/07\/Home-Quincaillerie-12.jpg\" alt=\"\" width=\"219\" height=\"219\" srcset=\"https:\/\/www.emeryetcie.com\/wp-content\/uploads\/2022\/07\/Home-Quincaillerie-12.jpg 219w, https:\/\/www.emeryetcie.com\/wp-content\/uploads\/2022\/07\/Home-Quincaillerie-12-150x150.jpg 150w, https:\/\/www.emeryetcie.com\/wp-content\/uploads\/2022\/07\/Home-Quincaillerie-12-60x60.jpg 60w, https:\/\/www.emeryetcie.com\/wp-content\/uploads\/2022\/07\/Home-Quincaillerie-12-45x45.jpg 45w, https:\/\/www.emeryetcie.com\/wp-content\/uploads\/2022\/07\/Home-Quincaillerie-12-100x100.jpg 100w\" sizes=\"auto, (max-width: 219px) 100vw, 219px\" \/><\/a>[\/vc_column_text][\/vc_column][vc_column width=&#8221;1\/3&#8243;][vc_column_text css=&#8221;&#8221;]<\/p>\n<h5 style=\"text-align: center;\"><span style=\"color: #61616c;\">BOLTS:<\/span><\/h5>\n<p><a href=\"https:\/\/www.emeryetcie.com\/en\/catalog\/ironmongery\/bolts\/\"><img loading=\"lazy\" decoding=\"async\" class=\"wp-image-47754 aligncenter\" src=\"https:\/\/www.emeryetcie.com\/wp-content\/uploads\/2019\/04\/Home-3-M.jpg\" alt=\"Verrous en fer forg\u00e9 | EMERY&amp;Cie\" width=\"207\" height=\"219\" srcset=\"https:\/\/www.emeryetcie.com\/wp-content\/uploads\/2019\/04\/Home-3-M.jpg 425w, https:\/\/www.emeryetcie.com\/wp-content\/uploads\/2019\/04\/Home-3-M-283x300.jpg 283w\" sizes=\"auto, (max-width: 207px) 100vw, 207px\" \/><\/a>[\/vc_column_text][\/vc_column][\/vc_row]<\/p>\n<\/div>","protected":false},"excerpt":{"rendered":"<p>[vc_row][vc_column][vc_column_text css=&#8221;&#8221;] These are the &#8220;little things that change everything&#8221;! You don&#8217;t need big expenses or big worries to change<\/p>\n","protected":false},"author":1,"featured_media":22159,"parent":39553,"menu_order":9,"comment_status":"closed","ping_status":"closed","template":"","meta":{"_acf_changed":false,"_exactmetrics_skip_tracking":false,"_exactmetrics_sitenote_active":false,"_exactmetrics_sitenote_note":"","_exactmetrics_sitenote_category":0,"footnotes":""},"class_list":["post-39800","page","type-page","status-publish","has-post-thumbnail","hentry"],"acf":[],"yoast_head":"<!-- This site is optimized with the Yoast SEO plugin v27.5 - https:\/\/yoast.com\/product\/yoast-seo-wordpress\/ -->\n<title>EMERY&amp;Cie handmade wrought iron hardware (ironmongery) | unique creations<\/title>\n<meta name=\"description\" content=\"EMERY&amp;Cie wrought iron hardware pieces are unique and adorn interiors and furniture. Handles, hooks, shelf supports, coat hooks...\" \/>\n<meta name=\"robots\" content=\"index, follow, max-snippet:-1, max-image-preview:large, max-video-preview:-1\" \/>\n<link rel=\"canonical\" href=\"https:\/\/www.emeryetcie.com\/en\/catalog\/ironmongery\/\" \/>\n<meta property=\"og:locale\" content=\"en_US\" \/>\n<meta property=\"og:type\" content=\"article\" \/>\n<meta property=\"og:title\" content=\"EMERY&amp;Cie handmade wrought iron hardware (ironmongery) | unique creations\" \/>\n<meta property=\"og:description\" content=\"EMERY&amp;Cie wrought iron hardware pieces are unique and adorn interiors and furniture. Handles, hooks, shelf supports, coat hooks...\" \/>\n<meta property=\"og:url\" content=\"https:\/\/www.emeryetcie.com\/en\/catalog\/ironmongery\/\" \/>\n<meta property=\"og:site_name\" content=\"Emery &amp; Cie\" \/>\n<meta property=\"article:modified_time\" content=\"2025-11-06T09:34:03+00:00\" \/>\n<meta property=\"og:image\" content=\"https:\/\/www.emeryetcie.com\/wp-content\/uploads\/2017\/02\/unnamed-6.jpg\" \/>\n\t<meta property=\"og:image:width\" content=\"1766\" \/>\n\t<meta property=\"og:image:height\" content=\"1179\" \/>\n\t<meta property=\"og:image:type\" content=\"image\/jpeg\" \/>\n<meta name=\"twitter:card\" content=\"summary_large_image\" \/>\n<meta name=\"twitter:label1\" content=\"Est. reading time\" \/>\n\t<meta name=\"twitter:data1\" content=\"4 minutes\" \/>\n<script type=\"application\/ld+json\" class=\"yoast-schema-graph\">{\"@context\":\"https:\\\/\\\/schema.org\",\"@graph\":[{\"@type\":\"WebPage\",\"@id\":\"https:\\\/\\\/www.emeryetcie.com\\\/en\\\/catalog\\\/ironmongery\\\/\",\"url\":\"https:\\\/\\\/www.emeryetcie.com\\\/en\\\/catalog\\\/ironmongery\\\/\",\"name\":\"EMERY&Cie handmade wrought iron hardware (ironmongery) | unique creations\",\"isPartOf\":{\"@id\":\"https:\\\/\\\/www.emeryetcie.com\\\/en\\\/#website\"},\"primaryImageOfPage\":{\"@id\":\"https:\\\/\\\/www.emeryetcie.com\\\/en\\\/catalog\\\/ironmongery\\\/#primaryimage\"},\"image\":{\"@id\":\"https:\\\/\\\/www.emeryetcie.com\\\/en\\\/catalog\\\/ironmongery\\\/#primaryimage\"},\"thumbnailUrl\":\"https:\\\/\\\/www.emeryetcie.com\\\/wp-content\\\/uploads\\\/2017\\\/02\\\/unnamed-6.jpg\",\"datePublished\":\"2018-01-23T16:57:22+00:00\",\"dateModified\":\"2025-11-06T09:34:03+00:00\",\"description\":\"EMERY&Cie wrought iron hardware pieces are unique and adorn interiors and furniture. Handles, hooks, shelf supports, coat hooks...\",\"breadcrumb\":{\"@id\":\"https:\\\/\\\/www.emeryetcie.com\\\/en\\\/catalog\\\/ironmongery\\\/#breadcrumb\"},\"inLanguage\":\"en-US\",\"potentialAction\":[{\"@type\":\"ReadAction\",\"target\":[\"https:\\\/\\\/www.emeryetcie.com\\\/en\\\/catalog\\\/ironmongery\\\/\"]}]},{\"@type\":\"ImageObject\",\"inLanguage\":\"en-US\",\"@id\":\"https:\\\/\\\/www.emeryetcie.com\\\/en\\\/catalog\\\/ironmongery\\\/#primaryimage\",\"url\":\"https:\\\/\\\/www.emeryetcie.com\\\/wp-content\\\/uploads\\\/2017\\\/02\\\/unnamed-6.jpg\",\"contentUrl\":\"https:\\\/\\\/www.emeryetcie.com\\\/wp-content\\\/uploads\\\/2017\\\/02\\\/unnamed-6.jpg\",\"width\":1766,\"height\":1179},{\"@type\":\"BreadcrumbList\",\"@id\":\"https:\\\/\\\/www.emeryetcie.com\\\/en\\\/catalog\\\/ironmongery\\\/#breadcrumb\",\"itemListElement\":[{\"@type\":\"ListItem\",\"position\":1,\"name\":\"Home\",\"item\":\"https:\\\/\\\/www.emeryetcie.com\\\/en\\\/\"},{\"@type\":\"ListItem\",\"position\":2,\"name\":\"Catalogue\",\"item\":\"https:\\\/\\\/www.emeryetcie.com\\\/en\\\/catalog\\\/\"},{\"@type\":\"ListItem\",\"position\":3,\"name\":\"Ironmongery\"}]},{\"@type\":\"WebSite\",\"@id\":\"https:\\\/\\\/www.emeryetcie.com\\\/en\\\/#website\",\"url\":\"https:\\\/\\\/www.emeryetcie.com\\\/en\\\/\",\"name\":\"Emery & Cie\",\"description\":\"Articles de Maison artisanaux\",\"potentialAction\":[{\"@type\":\"SearchAction\",\"target\":{\"@type\":\"EntryPoint\",\"urlTemplate\":\"https:\\\/\\\/www.emeryetcie.com\\\/en\\\/?s={search_term_string}\"},\"query-input\":{\"@type\":\"PropertyValueSpecification\",\"valueRequired\":true,\"valueName\":\"search_term_string\"}}],\"inLanguage\":\"en-US\"}]}<\/script>\n<!-- \/ Yoast SEO plugin. -->","yoast_head_json":{"title":"EMERY&Cie handmade wrought iron hardware (ironmongery) | unique creations","description":"EMERY&Cie wrought iron hardware pieces are unique and adorn interiors and furniture. Handles, hooks, shelf supports, coat hooks...","robots":{"index":"index","follow":"follow","max-snippet":"max-snippet:-1","max-image-preview":"max-image-preview:large","max-video-preview":"max-video-preview:-1"},"canonical":"https:\/\/www.emeryetcie.com\/en\/catalog\/ironmongery\/","og_locale":"en_US","og_type":"article","og_title":"EMERY&Cie handmade wrought iron hardware (ironmongery) | unique creations","og_description":"EMERY&Cie wrought iron hardware pieces are unique and adorn interiors and furniture. Handles, hooks, shelf supports, coat hooks...","og_url":"https:\/\/www.emeryetcie.com\/en\/catalog\/ironmongery\/","og_site_name":"Emery & Cie","article_modified_time":"2025-11-06T09:34:03+00:00","og_image":[{"width":1766,"height":1179,"url":"https:\/\/www.emeryetcie.com\/wp-content\/uploads\/2017\/02\/unnamed-6.jpg","type":"image\/jpeg"}],"twitter_card":"summary_large_image","twitter_misc":{"Est. reading time":"4 minutes"},"schema":{"@context":"https:\/\/schema.org","@graph":[{"@type":"WebPage","@id":"https:\/\/www.emeryetcie.com\/en\/catalog\/ironmongery\/","url":"https:\/\/www.emeryetcie.com\/en\/catalog\/ironmongery\/","name":"EMERY&Cie handmade wrought iron hardware (ironmongery) | unique creations","isPartOf":{"@id":"https:\/\/www.emeryetcie.com\/en\/#website"},"primaryImageOfPage":{"@id":"https:\/\/www.emeryetcie.com\/en\/catalog\/ironmongery\/#primaryimage"},"image":{"@id":"https:\/\/www.emeryetcie.com\/en\/catalog\/ironmongery\/#primaryimage"},"thumbnailUrl":"https:\/\/www.emeryetcie.com\/wp-content\/uploads\/2017\/02\/unnamed-6.jpg","datePublished":"2018-01-23T16:57:22+00:00","dateModified":"2025-11-06T09:34:03+00:00","description":"EMERY&Cie wrought iron hardware pieces are unique and adorn interiors and furniture. Handles, hooks, shelf supports, coat hooks...","breadcrumb":{"@id":"https:\/\/www.emeryetcie.com\/en\/catalog\/ironmongery\/#breadcrumb"},"inLanguage":"en-US","potentialAction":[{"@type":"ReadAction","target":["https:\/\/www.emeryetcie.com\/en\/catalog\/ironmongery\/"]}]},{"@type":"ImageObject","inLanguage":"en-US","@id":"https:\/\/www.emeryetcie.com\/en\/catalog\/ironmongery\/#primaryimage","url":"https:\/\/www.emeryetcie.com\/wp-content\/uploads\/2017\/02\/unnamed-6.jpg","contentUrl":"https:\/\/www.emeryetcie.com\/wp-content\/uploads\/2017\/02\/unnamed-6.jpg","width":1766,"height":1179},{"@type":"BreadcrumbList","@id":"https:\/\/www.emeryetcie.com\/en\/catalog\/ironmongery\/#breadcrumb","itemListElement":[{"@type":"ListItem","position":1,"name":"Home","item":"https:\/\/www.emeryetcie.com\/en\/"},{"@type":"ListItem","position":2,"name":"Catalogue","item":"https:\/\/www.emeryetcie.com\/en\/catalog\/"},{"@type":"ListItem","position":3,"name":"Ironmongery"}]},{"@type":"WebSite","@id":"https:\/\/www.emeryetcie.com\/en\/#website","url":"https:\/\/www.emeryetcie.com\/en\/","name":"Emery & Cie","description":"Articles de Maison artisanaux","potentialAction":[{"@type":"SearchAction","target":{"@type":"EntryPoint","urlTemplate":"https:\/\/www.emeryetcie.com\/en\/?s={search_term_string}"},"query-input":{"@type":"PropertyValueSpecification","valueRequired":true,"valueName":"search_term_string"}}],"inLanguage":"en-US"}]}},"_links":{"self":[{"href":"https:\/\/www.emeryetcie.com\/en\/wp-json\/wp\/v2\/pages\/39800","targetHints":{"allow":["GET"]}}],"collection":[{"href":"https:\/\/www.emeryetcie.com\/en\/wp-json\/wp\/v2\/pages"}],"about":[{"href":"https:\/\/www.emeryetcie.com\/en\/wp-json\/wp\/v2\/types\/page"}],"author":[{"embeddable":true,"href":"https:\/\/www.emeryetcie.com\/en\/wp-json\/wp\/v2\/users\/1"}],"replies":[{"embeddable":true,"href":"https:\/\/www.emeryetcie.com\/en\/wp-json\/wp\/v2\/comments?post=39800"}],"version-history":[{"count":13,"href":"https:\/\/www.emeryetcie.com\/en\/wp-json\/wp\/v2\/pages\/39800\/revisions"}],"predecessor-version":[{"id":72956,"href":"https:\/\/www.emeryetcie.com\/en\/wp-json\/wp\/v2\/pages\/39800\/revisions\/72956"}],"up":[{"embeddable":true,"href":"https:\/\/www.emeryetcie.com\/en\/wp-json\/wp\/v2\/pages\/39553"}],"wp:featuredmedia":[{"embeddable":true,"href":"https:\/\/www.emeryetcie.com\/en\/wp-json\/wp\/v2\/media\/22159"}],"wp:attachment":[{"href":"https:\/\/www.emeryetcie.com\/en\/wp-json\/wp\/v2\/media?parent=39800"}],"curies":[{"name":"wp","href":"https:\/\/api.w.org\/{rel}","templated":true}]}}