{"id":39824,"date":"2018-01-24T10:26:32","date_gmt":"2018-01-24T10:26:32","guid":{"rendered":"https:\/\/www.emeryetcie.com\/catalog\/fabrics\/made-up-fabrics\/miscellaneous\/"},"modified":"2023-06-01T09:59:02","modified_gmt":"2023-06-01T09:59:02","slug":"miscellaneous","status":"publish","type":"page","link":"https:\/\/www.emeryetcie.com\/en\/memoirs\/fabrics\/miscellaneous\/","title":{"rendered":"Miscellaneous"},"content":{"rendered":"<p style=\"text-align: center;\">FURNITURE UPHOLSTERY :<\/p>\n<p style=\"text-align: center;\">In cotton velvet &#8230;<\/p>\n<p style=\"text-align: center;\"><img loading=\"lazy\" decoding=\"async\" class=\"alignnone size-full wp-image-46591\" src=\"https:\/\/www.emeryetcie.com\/wp-content\/uploads\/2020\/01\/Garnissage-2.jpg\" alt=\"\" width=\"802\" height=\"723\" srcset=\"https:\/\/www.emeryetcie.com\/wp-content\/uploads\/2020\/01\/Garnissage-2.jpg 802w, https:\/\/www.emeryetcie.com\/wp-content\/uploads\/2020\/01\/Garnissage-2-300x270.jpg 300w, https:\/\/www.emeryetcie.com\/wp-content\/uploads\/2020\/01\/Garnissage-2-768x692.jpg 768w, https:\/\/www.emeryetcie.com\/wp-content\/uploads\/2020\/01\/Garnissage-2-600x541.jpg 600w\" sizes=\"auto, (max-width: 802px) 100vw, 802px\" \/><\/p>\n<p style=\"text-align: center;\">&#8230; or in linen &#8230;<\/p>\n<p><img loading=\"lazy\" decoding=\"async\" class=\"size-full wp-image-46593 aligncenter\" src=\"https:\/\/www.emeryetcie.com\/wp-content\/uploads\/2020\/01\/Garnissage-2-1.jpg\" alt=\"\" width=\"1077\" height=\"797\" srcset=\"https:\/\/www.emeryetcie.com\/wp-content\/uploads\/2020\/01\/Garnissage-2-1.jpg 1077w, https:\/\/www.emeryetcie.com\/wp-content\/uploads\/2020\/01\/Garnissage-2-1-300x222.jpg 300w, https:\/\/www.emeryetcie.com\/wp-content\/uploads\/2020\/01\/Garnissage-2-1-1024x758.jpg 1024w, https:\/\/www.emeryetcie.com\/wp-content\/uploads\/2020\/01\/Garnissage-2-1-768x568.jpg 768w, https:\/\/www.emeryetcie.com\/wp-content\/uploads\/2020\/01\/Garnissage-2-1-600x444.jpg 600w\" sizes=\"auto, (max-width: 1077px) 100vw, 1077px\" \/><\/p>\n<p style=\"text-align: center;\"><img loading=\"lazy\" decoding=\"async\" class=\"size-full wp-image-46563 aligncenter\" src=\"https:\/\/www.emeryetcie.com\/wp-content\/uploads\/2020\/01\/Garnissage-3.jpg\" alt=\"\" width=\"1077\" height=\"797\" srcset=\"https:\/\/www.emeryetcie.com\/wp-content\/uploads\/2020\/01\/Garnissage-3.jpg 1077w, https:\/\/www.emeryetcie.com\/wp-content\/uploads\/2020\/01\/Garnissage-3-300x222.jpg 300w, https:\/\/www.emeryetcie.com\/wp-content\/uploads\/2020\/01\/Garnissage-3-1024x758.jpg 1024w, https:\/\/www.emeryetcie.com\/wp-content\/uploads\/2020\/01\/Garnissage-3-768x568.jpg 768w, https:\/\/www.emeryetcie.com\/wp-content\/uploads\/2020\/01\/Garnissage-3-600x444.jpg 600w\" sizes=\"auto, (max-width: 1077px) 100vw, 1077px\" \/><\/p>\n<p style=\"text-align: center;\">&#8230; plain or printed &#8230;<img loading=\"lazy\" decoding=\"async\" class=\"size-full wp-image-46575 aligncenter\" src=\"https:\/\/www.emeryetcie.com\/wp-content\/uploads\/2020\/01\/Garnissage-4.jpg\" alt=\"\" width=\"1077\" height=\"797\" srcset=\"https:\/\/www.emeryetcie.com\/wp-content\/uploads\/2020\/01\/Garnissage-4.jpg 1077w, https:\/\/www.emeryetcie.com\/wp-content\/uploads\/2020\/01\/Garnissage-4-300x222.jpg 300w, https:\/\/www.emeryetcie.com\/wp-content\/uploads\/2020\/01\/Garnissage-4-1024x758.jpg 1024w, https:\/\/www.emeryetcie.com\/wp-content\/uploads\/2020\/01\/Garnissage-4-768x568.jpg 768w, https:\/\/www.emeryetcie.com\/wp-content\/uploads\/2020\/01\/Garnissage-4-600x444.jpg 600w\" sizes=\"auto, (max-width: 1077px) 100vw, 1077px\" \/><\/p>\n<p style=\"text-align: center;\">&#8230; also used to dress our customers&#8217; old seats.<\/p>\n<p style=\"text-align: center;\"><img loading=\"lazy\" decoding=\"async\" class=\"size-full wp-image-46565 aligncenter\" src=\"https:\/\/www.emeryetcie.com\/wp-content\/uploads\/2020\/01\/Garnissage-5.jpg\" alt=\"\" width=\"1077\" height=\"797\" srcset=\"https:\/\/www.emeryetcie.com\/wp-content\/uploads\/2020\/01\/Garnissage-5.jpg 1077w, https:\/\/www.emeryetcie.com\/wp-content\/uploads\/2020\/01\/Garnissage-5-300x222.jpg 300w, https:\/\/www.emeryetcie.com\/wp-content\/uploads\/2020\/01\/Garnissage-5-1024x758.jpg 1024w, https:\/\/www.emeryetcie.com\/wp-content\/uploads\/2020\/01\/Garnissage-5-768x568.jpg 768w, https:\/\/www.emeryetcie.com\/wp-content\/uploads\/2020\/01\/Garnissage-5-600x444.jpg 600w\" sizes=\"auto, (max-width: 1077px) 100vw, 1077px\" \/><img loading=\"lazy\" decoding=\"async\" class=\"size-full wp-image-46567 aligncenter\" src=\"https:\/\/www.emeryetcie.com\/wp-content\/uploads\/2020\/01\/Garnissage-6.jpg\" alt=\"\" width=\"1077\" height=\"797\" srcset=\"https:\/\/www.emeryetcie.com\/wp-content\/uploads\/2020\/01\/Garnissage-6.jpg 1077w, https:\/\/www.emeryetcie.com\/wp-content\/uploads\/2020\/01\/Garnissage-6-300x222.jpg 300w, https:\/\/www.emeryetcie.com\/wp-content\/uploads\/2020\/01\/Garnissage-6-1024x758.jpg 1024w, https:\/\/www.emeryetcie.com\/wp-content\/uploads\/2020\/01\/Garnissage-6-768x568.jpg 768w, https:\/\/www.emeryetcie.com\/wp-content\/uploads\/2020\/01\/Garnissage-6-600x444.jpg 600w\" sizes=\"auto, (max-width: 1077px) 100vw, 1077px\" \/><\/p>\n<p style=\"text-align: center;\"><img loading=\"lazy\" decoding=\"async\" class=\"alignnone size-full wp-image-46569\" src=\"https:\/\/www.emeryetcie.com\/wp-content\/uploads\/2020\/01\/Garnissage-7.jpg\" alt=\"\" width=\"1077\" height=\"797\" srcset=\"https:\/\/www.emeryetcie.com\/wp-content\/uploads\/2020\/01\/Garnissage-7.jpg 1077w, https:\/\/www.emeryetcie.com\/wp-content\/uploads\/2020\/01\/Garnissage-7-300x222.jpg 300w, https:\/\/www.emeryetcie.com\/wp-content\/uploads\/2020\/01\/Garnissage-7-1024x758.jpg 1024w, https:\/\/www.emeryetcie.com\/wp-content\/uploads\/2020\/01\/Garnissage-7-768x568.jpg 768w, https:\/\/www.emeryetcie.com\/wp-content\/uploads\/2020\/01\/Garnissage-7-600x444.jpg 600w\" sizes=\"auto, (max-width: 1077px) 100vw, 1077px\" \/><img loading=\"lazy\" decoding=\"async\" class=\"alignnone size-full wp-image-46571\" src=\"https:\/\/www.emeryetcie.com\/wp-content\/uploads\/2020\/01\/Garnissage-8.jpg\" alt=\"\" width=\"1077\" height=\"797\" srcset=\"https:\/\/www.emeryetcie.com\/wp-content\/uploads\/2020\/01\/Garnissage-8.jpg 1077w, https:\/\/www.emeryetcie.com\/wp-content\/uploads\/2020\/01\/Garnissage-8-300x222.jpg 300w, https:\/\/www.emeryetcie.com\/wp-content\/uploads\/2020\/01\/Garnissage-8-1024x758.jpg 1024w, https:\/\/www.emeryetcie.com\/wp-content\/uploads\/2020\/01\/Garnissage-8-768x568.jpg 768w, https:\/\/www.emeryetcie.com\/wp-content\/uploads\/2020\/01\/Garnissage-8-600x444.jpg 600w\" sizes=\"auto, (max-width: 1077px) 100vw, 1077px\" \/><\/p>\n<p style=\"text-align: center;\"><img loading=\"lazy\" decoding=\"async\" class=\"size-full wp-image-46573 aligncenter\" src=\"https:\/\/www.emeryetcie.com\/wp-content\/uploads\/2020\/01\/Garnissage-9.jpg\" alt=\"\" width=\"1076\" height=\"1015\" srcset=\"https:\/\/www.emeryetcie.com\/wp-content\/uploads\/2020\/01\/Garnissage-9.jpg 1076w, https:\/\/www.emeryetcie.com\/wp-content\/uploads\/2020\/01\/Garnissage-9-300x283.jpg 300w, https:\/\/www.emeryetcie.com\/wp-content\/uploads\/2020\/01\/Garnissage-9-1024x966.jpg 1024w, https:\/\/www.emeryetcie.com\/wp-content\/uploads\/2020\/01\/Garnissage-9-768x724.jpg 768w, https:\/\/www.emeryetcie.com\/wp-content\/uploads\/2020\/01\/Garnissage-9-600x566.jpg 600w\" sizes=\"auto, (max-width: 1076px) 100vw, 1076px\" \/><\/p>\n<p style=\"text-align: center;\">BED COVERS :<\/p>\n<p style=\"text-align: center;\"><img loading=\"lazy\" decoding=\"async\" class=\"alignnone size-full wp-image-35553\" src=\"https:\/\/www.emeryetcie.com\/wp-content\/uploads\/2017\/07\/Divers-1-Tissus-fa\u00e7onn\u00e9s.jpg\" alt=\"\" width=\"1077\" height=\"797\" srcset=\"https:\/\/www.emeryetcie.com\/wp-content\/uploads\/2017\/07\/Divers-1-Tissus-fa\u00e7onn\u00e9s.jpg 1077w, https:\/\/www.emeryetcie.com\/wp-content\/uploads\/2017\/07\/Divers-1-Tissus-fa\u00e7onn\u00e9s-300x222.jpg 300w, https:\/\/www.emeryetcie.com\/wp-content\/uploads\/2017\/07\/Divers-1-Tissus-fa\u00e7onn\u00e9s-768x568.jpg 768w, https:\/\/www.emeryetcie.com\/wp-content\/uploads\/2017\/07\/Divers-1-Tissus-fa\u00e7onn\u00e9s-1024x758.jpg 1024w, https:\/\/www.emeryetcie.com\/wp-content\/uploads\/2017\/07\/Divers-1-Tissus-fa\u00e7onn\u00e9s-60x44.jpg 60w, https:\/\/www.emeryetcie.com\/wp-content\/uploads\/2017\/07\/Divers-1-Tissus-fa\u00e7onn\u00e9s-280x207.jpg 280w, https:\/\/www.emeryetcie.com\/wp-content\/uploads\/2017\/07\/Divers-1-Tissus-fa\u00e7onn\u00e9s-600x444.jpg 600w\" sizes=\"auto, (max-width: 1077px) 100vw, 1077px\" \/><img loading=\"lazy\" decoding=\"async\" class=\"alignnone size-full wp-image-35555\" src=\"https:\/\/www.emeryetcie.com\/wp-content\/uploads\/2017\/07\/Divers-2-Tissus-fa\u00e7onn\u00e9s.jpg\" alt=\"\" width=\"1077\" height=\"866\" srcset=\"https:\/\/www.emeryetcie.com\/wp-content\/uploads\/2017\/07\/Divers-2-Tissus-fa\u00e7onn\u00e9s.jpg 1077w, https:\/\/www.emeryetcie.com\/wp-content\/uploads\/2017\/07\/Divers-2-Tissus-fa\u00e7onn\u00e9s-300x241.jpg 300w, https:\/\/www.emeryetcie.com\/wp-content\/uploads\/2017\/07\/Divers-2-Tissus-fa\u00e7onn\u00e9s-768x618.jpg 768w, https:\/\/www.emeryetcie.com\/wp-content\/uploads\/2017\/07\/Divers-2-Tissus-fa\u00e7onn\u00e9s-1024x823.jpg 1024w, https:\/\/www.emeryetcie.com\/wp-content\/uploads\/2017\/07\/Divers-2-Tissus-fa\u00e7onn\u00e9s-60x48.jpg 60w, https:\/\/www.emeryetcie.com\/wp-content\/uploads\/2017\/07\/Divers-2-Tissus-fa\u00e7onn\u00e9s-280x225.jpg 280w, https:\/\/www.emeryetcie.com\/wp-content\/uploads\/2017\/07\/Divers-2-Tissus-fa\u00e7onn\u00e9s-600x482.jpg 600w\" sizes=\"auto, (max-width: 1077px) 100vw, 1077px\" \/><\/p>\n<p style=\"text-align: center;\">2m40 x 2m40<\/p>\n<p style=\"text-align: center;\">One side in cotton velvet printed by hand,<br \/>\nthe other side in plain linen with one small printed pattern \u201cPetit Pois Chinois\u201d, like a signature in the angle.<br \/>\nAll our patterns can be applied.<br \/>\nLarge choice of colours.<br \/>\n<span class=\"prix\">980,00\u20ac\u00a0<\/span>VAT incl.<\/p>\n<p>&nbsp;<\/p>\n<p style=\"text-align: center;\">LAMP SHADES :<\/p>\n<p style=\"text-align: center;\"><img loading=\"lazy\" decoding=\"async\" class=\"alignnone size-full wp-image-35561\" src=\"https:\/\/www.emeryetcie.com\/wp-content\/uploads\/2017\/07\/Divers-5-Tissus-fa\u00e7onn\u00e9s.jpg\" alt=\"\" width=\"1077\" height=\"797\" srcset=\"https:\/\/www.emeryetcie.com\/wp-content\/uploads\/2017\/07\/Divers-5-Tissus-fa\u00e7onn\u00e9s.jpg 1077w, https:\/\/www.emeryetcie.com\/wp-content\/uploads\/2017\/07\/Divers-5-Tissus-fa\u00e7onn\u00e9s-300x222.jpg 300w, https:\/\/www.emeryetcie.com\/wp-content\/uploads\/2017\/07\/Divers-5-Tissus-fa\u00e7onn\u00e9s-768x568.jpg 768w, https:\/\/www.emeryetcie.com\/wp-content\/uploads\/2017\/07\/Divers-5-Tissus-fa\u00e7onn\u00e9s-1024x758.jpg 1024w, https:\/\/www.emeryetcie.com\/wp-content\/uploads\/2017\/07\/Divers-5-Tissus-fa\u00e7onn\u00e9s-60x44.jpg 60w, https:\/\/www.emeryetcie.com\/wp-content\/uploads\/2017\/07\/Divers-5-Tissus-fa\u00e7onn\u00e9s-280x207.jpg 280w, https:\/\/www.emeryetcie.com\/wp-content\/uploads\/2017\/07\/Divers-5-Tissus-fa\u00e7onn\u00e9s-600x444.jpg 600w\" sizes=\"auto, (max-width: 1077px) 100vw, 1077px\" \/><\/p>\n<p>&nbsp;<\/p>\n<p style=\"text-align: center;\">&#8230; and even by the metre to create customized clothing.<\/p>\n<p><img loading=\"lazy\" decoding=\"async\" class=\"alignnone size-full wp-image-35563 aligncenter\" src=\"https:\/\/www.emeryetcie.com\/wp-content\/uploads\/2017\/07\/Divers-6-Tissus-fa\u00e7onn\u00e9s.jpg\" alt=\"\" width=\"1074\" height=\"621\" srcset=\"https:\/\/www.emeryetcie.com\/wp-content\/uploads\/2017\/07\/Divers-6-Tissus-fa\u00e7onn\u00e9s.jpg 1074w, https:\/\/www.emeryetcie.com\/wp-content\/uploads\/2017\/07\/Divers-6-Tissus-fa\u00e7onn\u00e9s-300x173.jpg 300w, https:\/\/www.emeryetcie.com\/wp-content\/uploads\/2017\/07\/Divers-6-Tissus-fa\u00e7onn\u00e9s-768x444.jpg 768w, https:\/\/www.emeryetcie.com\/wp-content\/uploads\/2017\/07\/Divers-6-Tissus-fa\u00e7onn\u00e9s-1024x592.jpg 1024w, https:\/\/www.emeryetcie.com\/wp-content\/uploads\/2017\/07\/Divers-6-Tissus-fa\u00e7onn\u00e9s-60x35.jpg 60w, https:\/\/www.emeryetcie.com\/wp-content\/uploads\/2017\/07\/Divers-6-Tissus-fa\u00e7onn\u00e9s-280x162.jpg 280w, https:\/\/www.emeryetcie.com\/wp-content\/uploads\/2017\/07\/Divers-6-Tissus-fa\u00e7onn\u00e9s-600x347.jpg 600w\" sizes=\"auto, (max-width: 1074px) 100vw, 1074px\" \/><\/p>\n","protected":false},"excerpt":{"rendered":"<p>FURNITURE UPHOLSTERY : In cotton velvet &#8230; &#8230; or in linen &#8230; &#8230; plain or printed &#8230; &#8230; also used<\/p>\n","protected":false},"author":1,"featured_media":46597,"parent":39808,"menu_order":30,"comment_status":"closed","ping_status":"closed","template":"","meta":{"_acf_changed":false,"_exactmetrics_skip_tracking":false,"_exactmetrics_sitenote_active":false,"_exactmetrics_sitenote_note":"","_exactmetrics_sitenote_category":0,"footnotes":""},"class_list":["post-39824","page","type-page","status-publish","has-post-thumbnail","hentry"],"acf":[],"yoast_head":"<!-- This site is optimized with the Yoast SEO plugin v27.3 - https:\/\/yoast.com\/product\/yoast-seo-wordpress\/ -->\n<title>Miscellaneous - Emery &amp; Cie<\/title>\n<meta name=\"robots\" content=\"index, follow, max-snippet:-1, max-image-preview:large, max-video-preview:-1\" \/>\n<link rel=\"canonical\" href=\"https:\/\/www.emeryetcie.com\/en\/memoirs\/fabrics\/miscellaneous\/\" \/>\n<meta property=\"og:locale\" content=\"en_US\" \/>\n<meta property=\"og:type\" content=\"article\" \/>\n<meta property=\"og:title\" content=\"Miscellaneous - Emery &amp; Cie\" \/>\n<meta property=\"og:description\" content=\"FURNITURE UPHOLSTERY : In cotton velvet &#8230; &#8230; or in linen &#8230; &#8230; plain or printed &#8230; &#8230; also used\" \/>\n<meta property=\"og:url\" content=\"https:\/\/www.emeryetcie.com\/en\/memoirs\/fabrics\/miscellaneous\/\" \/>\n<meta property=\"og:site_name\" content=\"Emery &amp; Cie\" \/>\n<meta property=\"article:modified_time\" content=\"2023-06-01T09:59:02+00:00\" \/>\n<meta property=\"og:image\" content=\"https:\/\/www.emeryetcie.com\/wp-content\/uploads\/2020\/01\/Home-3-Tissus-Fa\u00e7onn\u00e9s-M.jpg\" \/>\n\t<meta property=\"og:image:width\" content=\"255\" \/>\n\t<meta property=\"og:image:height\" content=\"344\" \/>\n\t<meta property=\"og:image:type\" content=\"image\/jpeg\" \/>\n<meta name=\"twitter:card\" content=\"summary_large_image\" \/>\n<script type=\"application\/ld+json\" class=\"yoast-schema-graph\">{\"@context\":\"https:\\\/\\\/schema.org\",\"@graph\":[{\"@type\":\"WebPage\",\"@id\":\"https:\\\/\\\/www.emeryetcie.com\\\/en\\\/memoirs\\\/fabrics\\\/miscellaneous\\\/\",\"url\":\"https:\\\/\\\/www.emeryetcie.com\\\/en\\\/memoirs\\\/fabrics\\\/miscellaneous\\\/\",\"name\":\"Miscellaneous - Emery & Cie\",\"isPartOf\":{\"@id\":\"https:\\\/\\\/www.emeryetcie.com\\\/en\\\/#website\"},\"primaryImageOfPage\":{\"@id\":\"https:\\\/\\\/www.emeryetcie.com\\\/en\\\/memoirs\\\/fabrics\\\/miscellaneous\\\/#primaryimage\"},\"image\":{\"@id\":\"https:\\\/\\\/www.emeryetcie.com\\\/en\\\/memoirs\\\/fabrics\\\/miscellaneous\\\/#primaryimage\"},\"thumbnailUrl\":\"https:\\\/\\\/www.emeryetcie.com\\\/wp-content\\\/uploads\\\/2020\\\/01\\\/Home-3-Tissus-Fa\u00e7onn\u00e9s-M.jpg\",\"datePublished\":\"2018-01-24T10:26:32+00:00\",\"dateModified\":\"2023-06-01T09:59:02+00:00\",\"breadcrumb\":{\"@id\":\"https:\\\/\\\/www.emeryetcie.com\\\/en\\\/memoirs\\\/fabrics\\\/miscellaneous\\\/#breadcrumb\"},\"inLanguage\":\"en-US\",\"potentialAction\":[{\"@type\":\"ReadAction\",\"target\":[\"https:\\\/\\\/www.emeryetcie.com\\\/en\\\/memoirs\\\/fabrics\\\/miscellaneous\\\/\"]}]},{\"@type\":\"ImageObject\",\"inLanguage\":\"en-US\",\"@id\":\"https:\\\/\\\/www.emeryetcie.com\\\/en\\\/memoirs\\\/fabrics\\\/miscellaneous\\\/#primaryimage\",\"url\":\"https:\\\/\\\/www.emeryetcie.com\\\/wp-content\\\/uploads\\\/2020\\\/01\\\/Home-3-Tissus-Fa\u00e7onn\u00e9s-M.jpg\",\"contentUrl\":\"https:\\\/\\\/www.emeryetcie.com\\\/wp-content\\\/uploads\\\/2020\\\/01\\\/Home-3-Tissus-Fa\u00e7onn\u00e9s-M.jpg\",\"width\":255,\"height\":344,\"caption\":\"Garnissage de mobilier avec des tissus fa\u00e7onn\u00e9s | EMERY&Cie\"},{\"@type\":\"BreadcrumbList\",\"@id\":\"https:\\\/\\\/www.emeryetcie.com\\\/en\\\/memoirs\\\/fabrics\\\/miscellaneous\\\/#breadcrumb\",\"itemListElement\":[{\"@type\":\"ListItem\",\"position\":1,\"name\":\"Home\",\"item\":\"https:\\\/\\\/www.emeryetcie.com\\\/en\\\/\"},{\"@type\":\"ListItem\",\"position\":2,\"name\":\"MEMOIRS\",\"item\":\"https:\\\/\\\/www.emeryetcie.com\\\/en\\\/memoirs\\\/\"},{\"@type\":\"ListItem\",\"position\":3,\"name\":\"Fabrics\",\"item\":\"https:\\\/\\\/www.emeryetcie.com\\\/en\\\/memoirs\\\/fabrics\\\/\"},{\"@type\":\"ListItem\",\"position\":4,\"name\":\"Miscellaneous\"}]},{\"@type\":\"WebSite\",\"@id\":\"https:\\\/\\\/www.emeryetcie.com\\\/en\\\/#website\",\"url\":\"https:\\\/\\\/www.emeryetcie.com\\\/en\\\/\",\"name\":\"Emery & Cie\",\"description\":\"Articles de Maison artisanaux\",\"potentialAction\":[{\"@type\":\"SearchAction\",\"target\":{\"@type\":\"EntryPoint\",\"urlTemplate\":\"https:\\\/\\\/www.emeryetcie.com\\\/en\\\/?s={search_term_string}\"},\"query-input\":{\"@type\":\"PropertyValueSpecification\",\"valueRequired\":true,\"valueName\":\"search_term_string\"}}],\"inLanguage\":\"en-US\"}]}<\/script>\n<!-- \/ Yoast SEO plugin. -->","yoast_head_json":{"title":"Miscellaneous - Emery & Cie","robots":{"index":"index","follow":"follow","max-snippet":"max-snippet:-1","max-image-preview":"max-image-preview:large","max-video-preview":"max-video-preview:-1"},"canonical":"https:\/\/www.emeryetcie.com\/en\/memoirs\/fabrics\/miscellaneous\/","og_locale":"en_US","og_type":"article","og_title":"Miscellaneous - Emery & Cie","og_description":"FURNITURE UPHOLSTERY : In cotton velvet &#8230; &#8230; or in linen &#8230; &#8230; plain or printed &#8230; &#8230; also used","og_url":"https:\/\/www.emeryetcie.com\/en\/memoirs\/fabrics\/miscellaneous\/","og_site_name":"Emery & Cie","article_modified_time":"2023-06-01T09:59:02+00:00","og_image":[{"width":255,"height":344,"url":"https:\/\/www.emeryetcie.com\/wp-content\/uploads\/2020\/01\/Home-3-Tissus-Fa\u00e7onn\u00e9s-M.jpg","type":"image\/jpeg"}],"twitter_card":"summary_large_image","schema":{"@context":"https:\/\/schema.org","@graph":[{"@type":"WebPage","@id":"https:\/\/www.emeryetcie.com\/en\/memoirs\/fabrics\/miscellaneous\/","url":"https:\/\/www.emeryetcie.com\/en\/memoirs\/fabrics\/miscellaneous\/","name":"Miscellaneous - Emery & Cie","isPartOf":{"@id":"https:\/\/www.emeryetcie.com\/en\/#website"},"primaryImageOfPage":{"@id":"https:\/\/www.emeryetcie.com\/en\/memoirs\/fabrics\/miscellaneous\/#primaryimage"},"image":{"@id":"https:\/\/www.emeryetcie.com\/en\/memoirs\/fabrics\/miscellaneous\/#primaryimage"},"thumbnailUrl":"https:\/\/www.emeryetcie.com\/wp-content\/uploads\/2020\/01\/Home-3-Tissus-Fa\u00e7onn\u00e9s-M.jpg","datePublished":"2018-01-24T10:26:32+00:00","dateModified":"2023-06-01T09:59:02+00:00","breadcrumb":{"@id":"https:\/\/www.emeryetcie.com\/en\/memoirs\/fabrics\/miscellaneous\/#breadcrumb"},"inLanguage":"en-US","potentialAction":[{"@type":"ReadAction","target":["https:\/\/www.emeryetcie.com\/en\/memoirs\/fabrics\/miscellaneous\/"]}]},{"@type":"ImageObject","inLanguage":"en-US","@id":"https:\/\/www.emeryetcie.com\/en\/memoirs\/fabrics\/miscellaneous\/#primaryimage","url":"https:\/\/www.emeryetcie.com\/wp-content\/uploads\/2020\/01\/Home-3-Tissus-Fa\u00e7onn\u00e9s-M.jpg","contentUrl":"https:\/\/www.emeryetcie.com\/wp-content\/uploads\/2020\/01\/Home-3-Tissus-Fa\u00e7onn\u00e9s-M.jpg","width":255,"height":344,"caption":"Garnissage de mobilier avec des tissus fa\u00e7onn\u00e9s | EMERY&Cie"},{"@type":"BreadcrumbList","@id":"https:\/\/www.emeryetcie.com\/en\/memoirs\/fabrics\/miscellaneous\/#breadcrumb","itemListElement":[{"@type":"ListItem","position":1,"name":"Home","item":"https:\/\/www.emeryetcie.com\/en\/"},{"@type":"ListItem","position":2,"name":"MEMOIRS","item":"https:\/\/www.emeryetcie.com\/en\/memoirs\/"},{"@type":"ListItem","position":3,"name":"Fabrics","item":"https:\/\/www.emeryetcie.com\/en\/memoirs\/fabrics\/"},{"@type":"ListItem","position":4,"name":"Miscellaneous"}]},{"@type":"WebSite","@id":"https:\/\/www.emeryetcie.com\/en\/#website","url":"https:\/\/www.emeryetcie.com\/en\/","name":"Emery & Cie","description":"Articles de Maison artisanaux","potentialAction":[{"@type":"SearchAction","target":{"@type":"EntryPoint","urlTemplate":"https:\/\/www.emeryetcie.com\/en\/?s={search_term_string}"},"query-input":{"@type":"PropertyValueSpecification","valueRequired":true,"valueName":"search_term_string"}}],"inLanguage":"en-US"}]}},"_links":{"self":[{"href":"https:\/\/www.emeryetcie.com\/en\/wp-json\/wp\/v2\/pages\/39824","targetHints":{"allow":["GET"]}}],"collection":[{"href":"https:\/\/www.emeryetcie.com\/en\/wp-json\/wp\/v2\/pages"}],"about":[{"href":"https:\/\/www.emeryetcie.com\/en\/wp-json\/wp\/v2\/types\/page"}],"author":[{"embeddable":true,"href":"https:\/\/www.emeryetcie.com\/en\/wp-json\/wp\/v2\/users\/1"}],"replies":[{"embeddable":true,"href":"https:\/\/www.emeryetcie.com\/en\/wp-json\/wp\/v2\/comments?post=39824"}],"version-history":[{"count":3,"href":"https:\/\/www.emeryetcie.com\/en\/wp-json\/wp\/v2\/pages\/39824\/revisions"}],"predecessor-version":[{"id":57517,"href":"https:\/\/www.emeryetcie.com\/en\/wp-json\/wp\/v2\/pages\/39824\/revisions\/57517"}],"up":[{"embeddable":true,"href":"https:\/\/www.emeryetcie.com\/en\/wp-json\/wp\/v2\/pages\/39808"}],"wp:featuredmedia":[{"embeddable":true,"href":"https:\/\/www.emeryetcie.com\/en\/wp-json\/wp\/v2\/media\/46597"}],"wp:attachment":[{"href":"https:\/\/www.emeryetcie.com\/en\/wp-json\/wp\/v2\/media?parent=39824"}],"curies":[{"name":"wp","href":"https:\/\/api.w.org\/{rel}","templated":true}]}}