{"id":39825,"date":"2018-01-24T10:35:52","date_gmt":"2018-01-24T10:35:52","guid":{"rendered":"https:\/\/www.emeryetcie.com\/catalog\/fabrics\/made-up-fabrics\/cushions\/"},"modified":"2018-09-10T10:30:59","modified_gmt":"2018-09-10T10:30:59","slug":"cushions","status":"publish","type":"page","link":"https:\/\/www.emeryetcie.com\/en\/memoirs\/fabrics\/made-up-fabrics\/cushions\/","title":{"rendered":"Cushions"},"content":{"rendered":"<p style=\"text-align: center;\">Embroidered cushions :<br \/>\n<img loading=\"lazy\" decoding=\"async\" class=\"alignnone size-full wp-image-35648\" src=\"https:\/\/www.emeryetcie.com\/wp-content\/uploads\/2017\/07\/Coussins-1.jpg\" alt=\"\" width=\"1077\" height=\"514\" srcset=\"https:\/\/www.emeryetcie.com\/wp-content\/uploads\/2017\/07\/Coussins-1.jpg 1077w, https:\/\/www.emeryetcie.com\/wp-content\/uploads\/2017\/07\/Coussins-1-300x143.jpg 300w, https:\/\/www.emeryetcie.com\/wp-content\/uploads\/2017\/07\/Coussins-1-768x367.jpg 768w, https:\/\/www.emeryetcie.com\/wp-content\/uploads\/2017\/07\/Coussins-1-1024x489.jpg 1024w, https:\/\/www.emeryetcie.com\/wp-content\/uploads\/2017\/07\/Coussins-1-60x29.jpg 60w, https:\/\/www.emeryetcie.com\/wp-content\/uploads\/2017\/07\/Coussins-1-280x134.jpg 280w, https:\/\/www.emeryetcie.com\/wp-content\/uploads\/2017\/07\/Coussins-1-600x286.jpg 600w\" sizes=\"auto, (max-width: 1077px) 100vw, 1077px\" \/><\/p>\n<p style=\"text-align: center;\">VELVET and light feathers stuffing<br \/>\n45 x 60cm = <span class=\"prix\">145,00\u20ac\u00a0<\/span>VAT incl.<br \/>\n78 x 78cm = <span class=\"prix\">245,00\u20ac\u00a0<\/span>VAT incl.<\/p>\n<p style=\"text-align: center;\"><img loading=\"lazy\" decoding=\"async\" class=\"alignnone size-full wp-image-35650\" src=\"https:\/\/www.emeryetcie.com\/wp-content\/uploads\/2017\/07\/Coussins-2.jpg\" alt=\"\" width=\"1077\" height=\"797\" srcset=\"https:\/\/www.emeryetcie.com\/wp-content\/uploads\/2017\/07\/Coussins-2.jpg 1077w, https:\/\/www.emeryetcie.com\/wp-content\/uploads\/2017\/07\/Coussins-2-300x222.jpg 300w, https:\/\/www.emeryetcie.com\/wp-content\/uploads\/2017\/07\/Coussins-2-768x568.jpg 768w, https:\/\/www.emeryetcie.com\/wp-content\/uploads\/2017\/07\/Coussins-2-1024x758.jpg 1024w, https:\/\/www.emeryetcie.com\/wp-content\/uploads\/2017\/07\/Coussins-2-60x44.jpg 60w, https:\/\/www.emeryetcie.com\/wp-content\/uploads\/2017\/07\/Coussins-2-280x207.jpg 280w, https:\/\/www.emeryetcie.com\/wp-content\/uploads\/2017\/07\/Coussins-2-600x444.jpg 600w\" sizes=\"auto, (max-width: 1077px) 100vw, 1077px\" \/><img loading=\"lazy\" decoding=\"async\" class=\"alignnone size-full wp-image-35656\" src=\"https:\/\/www.emeryetcie.com\/wp-content\/uploads\/2017\/07\/Coussins-3.jpg\" alt=\"\" width=\"1077\" height=\"797\" srcset=\"https:\/\/www.emeryetcie.com\/wp-content\/uploads\/2017\/07\/Coussins-3.jpg 1077w, https:\/\/www.emeryetcie.com\/wp-content\/uploads\/2017\/07\/Coussins-3-300x222.jpg 300w, https:\/\/www.emeryetcie.com\/wp-content\/uploads\/2017\/07\/Coussins-3-768x568.jpg 768w, https:\/\/www.emeryetcie.com\/wp-content\/uploads\/2017\/07\/Coussins-3-1024x758.jpg 1024w, https:\/\/www.emeryetcie.com\/wp-content\/uploads\/2017\/07\/Coussins-3-60x44.jpg 60w, https:\/\/www.emeryetcie.com\/wp-content\/uploads\/2017\/07\/Coussins-3-280x207.jpg 280w, https:\/\/www.emeryetcie.com\/wp-content\/uploads\/2017\/07\/Coussins-3-600x444.jpg 600w\" sizes=\"auto, (max-width: 1077px) 100vw, 1077px\" \/><img loading=\"lazy\" decoding=\"async\" class=\"alignnone size-full wp-image-35658\" src=\"https:\/\/www.emeryetcie.com\/wp-content\/uploads\/2017\/07\/Coussins-4.jpg\" alt=\"\" width=\"1077\" height=\"797\" srcset=\"https:\/\/www.emeryetcie.com\/wp-content\/uploads\/2017\/07\/Coussins-4.jpg 1077w, https:\/\/www.emeryetcie.com\/wp-content\/uploads\/2017\/07\/Coussins-4-300x222.jpg 300w, https:\/\/www.emeryetcie.com\/wp-content\/uploads\/2017\/07\/Coussins-4-768x568.jpg 768w, https:\/\/www.emeryetcie.com\/wp-content\/uploads\/2017\/07\/Coussins-4-1024x758.jpg 1024w, https:\/\/www.emeryetcie.com\/wp-content\/uploads\/2017\/07\/Coussins-4-60x44.jpg 60w, https:\/\/www.emeryetcie.com\/wp-content\/uploads\/2017\/07\/Coussins-4-280x207.jpg 280w, https:\/\/www.emeryetcie.com\/wp-content\/uploads\/2017\/07\/Coussins-4-600x444.jpg 600w\" sizes=\"auto, (max-width: 1077px) 100vw, 1077px\" \/><img loading=\"lazy\" decoding=\"async\" class=\"alignnone size-full wp-image-35660\" src=\"https:\/\/www.emeryetcie.com\/wp-content\/uploads\/2017\/07\/Coussins-5.jpg\" alt=\"\" width=\"1077\" height=\"797\" srcset=\"https:\/\/www.emeryetcie.com\/wp-content\/uploads\/2017\/07\/Coussins-5.jpg 1077w, https:\/\/www.emeryetcie.com\/wp-content\/uploads\/2017\/07\/Coussins-5-300x222.jpg 300w, https:\/\/www.emeryetcie.com\/wp-content\/uploads\/2017\/07\/Coussins-5-768x568.jpg 768w, https:\/\/www.emeryetcie.com\/wp-content\/uploads\/2017\/07\/Coussins-5-1024x758.jpg 1024w, https:\/\/www.emeryetcie.com\/wp-content\/uploads\/2017\/07\/Coussins-5-60x44.jpg 60w, https:\/\/www.emeryetcie.com\/wp-content\/uploads\/2017\/07\/Coussins-5-280x207.jpg 280w, https:\/\/www.emeryetcie.com\/wp-content\/uploads\/2017\/07\/Coussins-5-600x444.jpg 600w\" sizes=\"auto, (max-width: 1077px) 100vw, 1077px\" \/><\/p>\n<p>&nbsp;<\/p>\n<p style=\"text-align: center;\">Hand-printed cushions :<\/p>\n<p style=\"text-align: center;\"><img loading=\"lazy\" decoding=\"async\" class=\"alignnone size-full wp-image-35682\" src=\"https:\/\/www.emeryetcie.com\/wp-content\/uploads\/2017\/07\/Coussins-6-1.jpg\" alt=\"\" width=\"1079\" height=\"1274\" srcset=\"https:\/\/www.emeryetcie.com\/wp-content\/uploads\/2017\/07\/Coussins-6-1.jpg 1079w, https:\/\/www.emeryetcie.com\/wp-content\/uploads\/2017\/07\/Coussins-6-1-254x300.jpg 254w, https:\/\/www.emeryetcie.com\/wp-content\/uploads\/2017\/07\/Coussins-6-1-768x907.jpg 768w, https:\/\/www.emeryetcie.com\/wp-content\/uploads\/2017\/07\/Coussins-6-1-867x1024.jpg 867w, https:\/\/www.emeryetcie.com\/wp-content\/uploads\/2017\/07\/Coussins-6-1-60x71.jpg 60w, https:\/\/www.emeryetcie.com\/wp-content\/uploads\/2017\/07\/Coussins-6-1-237x280.jpg 237w, https:\/\/www.emeryetcie.com\/wp-content\/uploads\/2017\/07\/Coussins-6-1-600x708.jpg 600w\" sizes=\"auto, (max-width: 1079px) 100vw, 1079px\" \/><img loading=\"lazy\" decoding=\"async\" class=\"alignnone size-full wp-image-35664\" src=\"https:\/\/www.emeryetcie.com\/wp-content\/uploads\/2017\/07\/Coussins-7.jpg\" alt=\"\" width=\"1077\" height=\"797\" srcset=\"https:\/\/www.emeryetcie.com\/wp-content\/uploads\/2017\/07\/Coussins-7.jpg 1077w, https:\/\/www.emeryetcie.com\/wp-content\/uploads\/2017\/07\/Coussins-7-300x222.jpg 300w, https:\/\/www.emeryetcie.com\/wp-content\/uploads\/2017\/07\/Coussins-7-768x568.jpg 768w, https:\/\/www.emeryetcie.com\/wp-content\/uploads\/2017\/07\/Coussins-7-1024x758.jpg 1024w, https:\/\/www.emeryetcie.com\/wp-content\/uploads\/2017\/07\/Coussins-7-60x44.jpg 60w, https:\/\/www.emeryetcie.com\/wp-content\/uploads\/2017\/07\/Coussins-7-280x207.jpg 280w, https:\/\/www.emeryetcie.com\/wp-content\/uploads\/2017\/07\/Coussins-7-600x444.jpg 600w\" sizes=\"auto, (max-width: 1077px) 100vw, 1077px\" \/><img loading=\"lazy\" decoding=\"async\" class=\"alignnone size-full wp-image-35652\" src=\"https:\/\/www.emeryetcie.com\/wp-content\/uploads\/2017\/07\/Coussins-8.jpg\" alt=\"\" width=\"1077\" height=\"797\" srcset=\"https:\/\/www.emeryetcie.com\/wp-content\/uploads\/2017\/07\/Coussins-8.jpg 1077w, https:\/\/www.emeryetcie.com\/wp-content\/uploads\/2017\/07\/Coussins-8-300x222.jpg 300w, https:\/\/www.emeryetcie.com\/wp-content\/uploads\/2017\/07\/Coussins-8-768x568.jpg 768w, https:\/\/www.emeryetcie.com\/wp-content\/uploads\/2017\/07\/Coussins-8-1024x758.jpg 1024w, https:\/\/www.emeryetcie.com\/wp-content\/uploads\/2017\/07\/Coussins-8-60x44.jpg 60w, https:\/\/www.emeryetcie.com\/wp-content\/uploads\/2017\/07\/Coussins-8-280x207.jpg 280w, https:\/\/www.emeryetcie.com\/wp-content\/uploads\/2017\/07\/Coussins-8-600x444.jpg 600w\" sizes=\"auto, (max-width: 1077px) 100vw, 1077px\" \/><img loading=\"lazy\" decoding=\"async\" class=\"alignnone size-full wp-image-35654\" src=\"https:\/\/www.emeryetcie.com\/wp-content\/uploads\/2017\/07\/Coussins-9.jpg\" alt=\"\" width=\"1077\" height=\"797\" srcset=\"https:\/\/www.emeryetcie.com\/wp-content\/uploads\/2017\/07\/Coussins-9.jpg 1077w, https:\/\/www.emeryetcie.com\/wp-content\/uploads\/2017\/07\/Coussins-9-300x222.jpg 300w, https:\/\/www.emeryetcie.com\/wp-content\/uploads\/2017\/07\/Coussins-9-768x568.jpg 768w, https:\/\/www.emeryetcie.com\/wp-content\/uploads\/2017\/07\/Coussins-9-1024x758.jpg 1024w, https:\/\/www.emeryetcie.com\/wp-content\/uploads\/2017\/07\/Coussins-9-60x44.jpg 60w, https:\/\/www.emeryetcie.com\/wp-content\/uploads\/2017\/07\/Coussins-9-280x207.jpg 280w, https:\/\/www.emeryetcie.com\/wp-content\/uploads\/2017\/07\/Coussins-9-600x444.jpg 600w\" sizes=\"auto, (max-width: 1077px) 100vw, 1077px\" \/><img loading=\"lazy\" decoding=\"async\" class=\"alignnone size-full wp-image-35678\" src=\"https:\/\/www.emeryetcie.com\/wp-content\/uploads\/2017\/07\/Coussins-10.jpg\" alt=\"\" width=\"1077\" height=\"797\" srcset=\"https:\/\/www.emeryetcie.com\/wp-content\/uploads\/2017\/07\/Coussins-10.jpg 1077w, https:\/\/www.emeryetcie.com\/wp-content\/uploads\/2017\/07\/Coussins-10-300x222.jpg 300w, https:\/\/www.emeryetcie.com\/wp-content\/uploads\/2017\/07\/Coussins-10-768x568.jpg 768w, https:\/\/www.emeryetcie.com\/wp-content\/uploads\/2017\/07\/Coussins-10-1024x758.jpg 1024w, https:\/\/www.emeryetcie.com\/wp-content\/uploads\/2017\/07\/Coussins-10-60x44.jpg 60w, https:\/\/www.emeryetcie.com\/wp-content\/uploads\/2017\/07\/Coussins-10-280x207.jpg 280w, https:\/\/www.emeryetcie.com\/wp-content\/uploads\/2017\/07\/Coussins-10-600x444.jpg 600w\" sizes=\"auto, (max-width: 1077px) 100vw, 1077px\" \/><\/p>\n<p style=\"text-align: center;\">VELVET and light feathers stuffing :<br \/>\n45 x 60cm = <span class=\"prix\">187,00\u20ac\u00a0<\/span>VAT incl.<br \/>\n50 x 50cm = <span class=\"prix\">175,00\u20ac\u00a0<\/span>VAT incl.<br \/>\n50 x 80cm = 214,00\u20ac VAT incl.<br \/>\n78 x 78cm = 289,00\u20ac VAT incl.<\/p>\n<p>&nbsp;<\/p>\n<p style=\"text-align: center;\">SILK SATIN and light feathers stuffing :<\/p>\n<p style=\"text-align: center;\"><img loading=\"lazy\" decoding=\"async\" class=\"alignnone size-full wp-image-35680\" src=\"https:\/\/www.emeryetcie.com\/wp-content\/uploads\/2017\/07\/Coussins-11.jpg\" alt=\"\" width=\"1077\" height=\"797\" srcset=\"https:\/\/www.emeryetcie.com\/wp-content\/uploads\/2017\/07\/Coussins-11.jpg 1077w, https:\/\/www.emeryetcie.com\/wp-content\/uploads\/2017\/07\/Coussins-11-300x222.jpg 300w, https:\/\/www.emeryetcie.com\/wp-content\/uploads\/2017\/07\/Coussins-11-768x568.jpg 768w, https:\/\/www.emeryetcie.com\/wp-content\/uploads\/2017\/07\/Coussins-11-1024x758.jpg 1024w, https:\/\/www.emeryetcie.com\/wp-content\/uploads\/2017\/07\/Coussins-11-60x44.jpg 60w, https:\/\/www.emeryetcie.com\/wp-content\/uploads\/2017\/07\/Coussins-11-280x207.jpg 280w, https:\/\/www.emeryetcie.com\/wp-content\/uploads\/2017\/07\/Coussins-11-600x444.jpg 600w\" sizes=\"auto, (max-width: 1077px) 100vw, 1077px\" \/><img loading=\"lazy\" decoding=\"async\" class=\"alignnone size-full wp-image-35666\" src=\"https:\/\/www.emeryetcie.com\/wp-content\/uploads\/2017\/07\/Coussins-12.jpg\" alt=\"\" width=\"1077\" height=\"797\" srcset=\"https:\/\/www.emeryetcie.com\/wp-content\/uploads\/2017\/07\/Coussins-12.jpg 1077w, https:\/\/www.emeryetcie.com\/wp-content\/uploads\/2017\/07\/Coussins-12-300x222.jpg 300w, https:\/\/www.emeryetcie.com\/wp-content\/uploads\/2017\/07\/Coussins-12-768x568.jpg 768w, https:\/\/www.emeryetcie.com\/wp-content\/uploads\/2017\/07\/Coussins-12-1024x758.jpg 1024w, https:\/\/www.emeryetcie.com\/wp-content\/uploads\/2017\/07\/Coussins-12-60x44.jpg 60w, https:\/\/www.emeryetcie.com\/wp-content\/uploads\/2017\/07\/Coussins-12-280x207.jpg 280w, https:\/\/www.emeryetcie.com\/wp-content\/uploads\/2017\/07\/Coussins-12-600x444.jpg 600w\" sizes=\"auto, (max-width: 1077px) 100vw, 1077px\" \/><img loading=\"lazy\" decoding=\"async\" class=\"alignnone size-full wp-image-35668\" src=\"https:\/\/www.emeryetcie.com\/wp-content\/uploads\/2017\/07\/Coussins-13.jpg\" alt=\"\" width=\"1077\" height=\"797\" srcset=\"https:\/\/www.emeryetcie.com\/wp-content\/uploads\/2017\/07\/Coussins-13.jpg 1077w, https:\/\/www.emeryetcie.com\/wp-content\/uploads\/2017\/07\/Coussins-13-300x222.jpg 300w, https:\/\/www.emeryetcie.com\/wp-content\/uploads\/2017\/07\/Coussins-13-768x568.jpg 768w, https:\/\/www.emeryetcie.com\/wp-content\/uploads\/2017\/07\/Coussins-13-1024x758.jpg 1024w, https:\/\/www.emeryetcie.com\/wp-content\/uploads\/2017\/07\/Coussins-13-60x44.jpg 60w, https:\/\/www.emeryetcie.com\/wp-content\/uploads\/2017\/07\/Coussins-13-280x207.jpg 280w, https:\/\/www.emeryetcie.com\/wp-content\/uploads\/2017\/07\/Coussins-13-600x444.jpg 600w\" sizes=\"auto, (max-width: 1077px) 100vw, 1077px\" \/><\/p>\n<p style=\"text-align: center;\">45 x 60cm = <span class=\"prix\">220,00\u20ac\u00a0<\/span>VAT incl.<br \/>\n35 x 80cm = <span class=\"prix\">220,00\u20ac\u00a0<\/span>VAT incl.<br \/>\n35 x 120cm = <span class=\"prix\">230,00\u20ac\u00a0<\/span>VAT incl.<br \/>\n78 x 78cm = <span class=\"prix\">369,00\u20ac\u00a0<\/span>VAT incl.<\/p>\n<p>&nbsp;<\/p>\n<p style=\"text-align: center;\">LINEN and light feathers stuffing :<\/p>\n<p style=\"text-align: center;\"><img loading=\"lazy\" decoding=\"async\" class=\"alignnone size-full wp-image-35670\" src=\"https:\/\/www.emeryetcie.com\/wp-content\/uploads\/2017\/07\/Coussins-14.jpg\" alt=\"\" width=\"1077\" height=\"293\" srcset=\"https:\/\/www.emeryetcie.com\/wp-content\/uploads\/2017\/07\/Coussins-14.jpg 1077w, https:\/\/www.emeryetcie.com\/wp-content\/uploads\/2017\/07\/Coussins-14-300x82.jpg 300w, https:\/\/www.emeryetcie.com\/wp-content\/uploads\/2017\/07\/Coussins-14-768x209.jpg 768w, https:\/\/www.emeryetcie.com\/wp-content\/uploads\/2017\/07\/Coussins-14-1024x279.jpg 1024w, https:\/\/www.emeryetcie.com\/wp-content\/uploads\/2017\/07\/Coussins-14-60x16.jpg 60w, https:\/\/www.emeryetcie.com\/wp-content\/uploads\/2017\/07\/Coussins-14-280x76.jpg 280w, https:\/\/www.emeryetcie.com\/wp-content\/uploads\/2017\/07\/Coussins-14-600x163.jpg 600w\" sizes=\"auto, (max-width: 1077px) 100vw, 1077px\" \/><\/p>\n<p style=\"text-align: center;\">50 x 50cm = <span class=\"prix\">246,00\u20ac\u00a0<\/span>VAT incl.<br \/>\n50 x 80cm = <span class=\"prix\">300,00\u20ac\u00a0<\/span>VAT incl.<\/p>\n<p><img loading=\"lazy\" decoding=\"async\" class=\"alignnone size-full wp-image-35672 aligncenter\" src=\"https:\/\/www.emeryetcie.com\/wp-content\/uploads\/2017\/07\/Coussins-15.jpg\" alt=\"\" width=\"1077\" height=\"683\" srcset=\"https:\/\/www.emeryetcie.com\/wp-content\/uploads\/2017\/07\/Coussins-15.jpg 1077w, https:\/\/www.emeryetcie.com\/wp-content\/uploads\/2017\/07\/Coussins-15-300x190.jpg 300w, https:\/\/www.emeryetcie.com\/wp-content\/uploads\/2017\/07\/Coussins-15-768x487.jpg 768w, https:\/\/www.emeryetcie.com\/wp-content\/uploads\/2017\/07\/Coussins-15-1024x649.jpg 1024w, https:\/\/www.emeryetcie.com\/wp-content\/uploads\/2017\/07\/Coussins-15-60x38.jpg 60w, https:\/\/www.emeryetcie.com\/wp-content\/uploads\/2017\/07\/Coussins-15-280x178.jpg 280w, https:\/\/www.emeryetcie.com\/wp-content\/uploads\/2017\/07\/Coussins-15-600x381.jpg 600w\" sizes=\"auto, (max-width: 1077px) 100vw, 1077px\" \/><img loading=\"lazy\" decoding=\"async\" class=\"alignnone size-full wp-image-35674 aligncenter\" src=\"https:\/\/www.emeryetcie.com\/wp-content\/uploads\/2017\/07\/Coussins-16.jpg\" alt=\"\" width=\"1077\" height=\"797\" srcset=\"https:\/\/www.emeryetcie.com\/wp-content\/uploads\/2017\/07\/Coussins-16.jpg 1077w, https:\/\/www.emeryetcie.com\/wp-content\/uploads\/2017\/07\/Coussins-16-300x222.jpg 300w, https:\/\/www.emeryetcie.com\/wp-content\/uploads\/2017\/07\/Coussins-16-768x568.jpg 768w, https:\/\/www.emeryetcie.com\/wp-content\/uploads\/2017\/07\/Coussins-16-1024x758.jpg 1024w, https:\/\/www.emeryetcie.com\/wp-content\/uploads\/2017\/07\/Coussins-16-60x44.jpg 60w, https:\/\/www.emeryetcie.com\/wp-content\/uploads\/2017\/07\/Coussins-16-280x207.jpg 280w, https:\/\/www.emeryetcie.com\/wp-content\/uploads\/2017\/07\/Coussins-16-600x444.jpg 600w\" sizes=\"auto, (max-width: 1077px) 100vw, 1077px\" \/><img loading=\"lazy\" decoding=\"async\" class=\"alignnone size-full wp-image-35676 aligncenter\" src=\"https:\/\/www.emeryetcie.com\/wp-content\/uploads\/2017\/07\/Coussins-17.jpg\" alt=\"\" width=\"1077\" height=\"797\" srcset=\"https:\/\/www.emeryetcie.com\/wp-content\/uploads\/2017\/07\/Coussins-17.jpg 1077w, https:\/\/www.emeryetcie.com\/wp-content\/uploads\/2017\/07\/Coussins-17-300x222.jpg 300w, https:\/\/www.emeryetcie.com\/wp-content\/uploads\/2017\/07\/Coussins-17-768x568.jpg 768w, https:\/\/www.emeryetcie.com\/wp-content\/uploads\/2017\/07\/Coussins-17-1024x758.jpg 1024w, https:\/\/www.emeryetcie.com\/wp-content\/uploads\/2017\/07\/Coussins-17-60x44.jpg 60w, https:\/\/www.emeryetcie.com\/wp-content\/uploads\/2017\/07\/Coussins-17-280x207.jpg 280w, https:\/\/www.emeryetcie.com\/wp-content\/uploads\/2017\/07\/Coussins-17-600x444.jpg 600w\" sizes=\"auto, (max-width: 1077px) 100vw, 1077px\" \/><\/p>\n","protected":false},"excerpt":{"rendered":"<p>Embroidered cushions : VELVET and light feathers stuffing 45 x 60cm = 145,00\u20ac\u00a0VAT incl. 78 x 78cm = 245,00\u20ac\u00a0VAT incl.<\/p>\n","protected":false},"author":1,"featured_media":34083,"parent":39813,"menu_order":30,"comment_status":"closed","ping_status":"closed","template":"","meta":{"_acf_changed":false,"_exactmetrics_skip_tracking":false,"_exactmetrics_sitenote_active":false,"_exactmetrics_sitenote_note":"","_exactmetrics_sitenote_category":0,"footnotes":""},"class_list":["post-39825","page","type-page","status-publish","has-post-thumbnail","hentry"],"acf":[],"yoast_head":"<!-- This site is optimized with the Yoast SEO plugin v27.3 - https:\/\/yoast.com\/product\/yoast-seo-wordpress\/ -->\n<title>Cushions - Emery &amp; Cie<\/title>\n<meta name=\"robots\" content=\"index, follow, max-snippet:-1, max-image-preview:large, max-video-preview:-1\" \/>\n<link rel=\"canonical\" href=\"https:\/\/www.emeryetcie.com\/en\/memoirs\/fabrics\/made-up-fabrics\/cushions\/\" \/>\n<meta property=\"og:locale\" content=\"en_US\" \/>\n<meta property=\"og:type\" content=\"article\" \/>\n<meta property=\"og:title\" content=\"Cushions - Emery &amp; Cie\" \/>\n<meta property=\"og:description\" content=\"Embroidered cushions : VELVET and light feathers stuffing 45 x 60cm = 145,00\u20ac\u00a0VAT incl. 78 x 78cm = 245,00\u20ac\u00a0VAT incl.\" \/>\n<meta property=\"og:url\" content=\"https:\/\/www.emeryetcie.com\/en\/memoirs\/fabrics\/made-up-fabrics\/cushions\/\" \/>\n<meta property=\"og:site_name\" content=\"Emery &amp; Cie\" \/>\n<meta property=\"article:modified_time\" content=\"2018-09-10T10:30:59+00:00\" \/>\n<meta property=\"og:image\" content=\"https:\/\/www.emeryetcie.com\/wp-content\/uploads\/2017\/07\/unnamed-9-1.jpg\" \/>\n\t<meta property=\"og:image:width\" content=\"255\" \/>\n\t<meta property=\"og:image:height\" content=\"344\" \/>\n\t<meta property=\"og:image:type\" content=\"image\/jpeg\" \/>\n<meta name=\"twitter:card\" content=\"summary_large_image\" \/>\n<script type=\"application\/ld+json\" class=\"yoast-schema-graph\">{\"@context\":\"https:\\\/\\\/schema.org\",\"@graph\":[{\"@type\":\"WebPage\",\"@id\":\"https:\\\/\\\/www.emeryetcie.com\\\/en\\\/memoirs\\\/fabrics\\\/made-up-fabrics\\\/cushions\\\/\",\"url\":\"https:\\\/\\\/www.emeryetcie.com\\\/en\\\/memoirs\\\/fabrics\\\/made-up-fabrics\\\/cushions\\\/\",\"name\":\"Cushions - Emery & Cie\",\"isPartOf\":{\"@id\":\"https:\\\/\\\/www.emeryetcie.com\\\/en\\\/#website\"},\"primaryImageOfPage\":{\"@id\":\"https:\\\/\\\/www.emeryetcie.com\\\/en\\\/memoirs\\\/fabrics\\\/made-up-fabrics\\\/cushions\\\/#primaryimage\"},\"image\":{\"@id\":\"https:\\\/\\\/www.emeryetcie.com\\\/en\\\/memoirs\\\/fabrics\\\/made-up-fabrics\\\/cushions\\\/#primaryimage\"},\"thumbnailUrl\":\"https:\\\/\\\/www.emeryetcie.com\\\/wp-content\\\/uploads\\\/2017\\\/07\\\/unnamed-9-1.jpg\",\"datePublished\":\"2018-01-24T10:35:52+00:00\",\"dateModified\":\"2018-09-10T10:30:59+00:00\",\"breadcrumb\":{\"@id\":\"https:\\\/\\\/www.emeryetcie.com\\\/en\\\/memoirs\\\/fabrics\\\/made-up-fabrics\\\/cushions\\\/#breadcrumb\"},\"inLanguage\":\"en-US\",\"potentialAction\":[{\"@type\":\"ReadAction\",\"target\":[\"https:\\\/\\\/www.emeryetcie.com\\\/en\\\/memoirs\\\/fabrics\\\/made-up-fabrics\\\/cushions\\\/\"]}]},{\"@type\":\"ImageObject\",\"inLanguage\":\"en-US\",\"@id\":\"https:\\\/\\\/www.emeryetcie.com\\\/en\\\/memoirs\\\/fabrics\\\/made-up-fabrics\\\/cushions\\\/#primaryimage\",\"url\":\"https:\\\/\\\/www.emeryetcie.com\\\/wp-content\\\/uploads\\\/2017\\\/07\\\/unnamed-9-1.jpg\",\"contentUrl\":\"https:\\\/\\\/www.emeryetcie.com\\\/wp-content\\\/uploads\\\/2017\\\/07\\\/unnamed-9-1.jpg\",\"width\":255,\"height\":344,\"caption\":\"Coussins fabriqu\u00e9s avec tissus fa\u00e7onn\u00e9s | EMERY&Cie\"},{\"@type\":\"BreadcrumbList\",\"@id\":\"https:\\\/\\\/www.emeryetcie.com\\\/en\\\/memoirs\\\/fabrics\\\/made-up-fabrics\\\/cushions\\\/#breadcrumb\",\"itemListElement\":[{\"@type\":\"ListItem\",\"position\":1,\"name\":\"Home\",\"item\":\"https:\\\/\\\/www.emeryetcie.com\\\/en\\\/\"},{\"@type\":\"ListItem\",\"position\":2,\"name\":\"MEMOIRS\",\"item\":\"https:\\\/\\\/www.emeryetcie.com\\\/en\\\/memoirs\\\/\"},{\"@type\":\"ListItem\",\"position\":3,\"name\":\"Fabrics\",\"item\":\"https:\\\/\\\/www.emeryetcie.com\\\/en\\\/memoirs\\\/fabrics\\\/\"},{\"@type\":\"ListItem\",\"position\":4,\"name\":\"Made up Fabrics\",\"item\":\"https:\\\/\\\/www.emeryetcie.com\\\/en\\\/memoirs\\\/fabrics\\\/made-up-fabrics\\\/\"},{\"@type\":\"ListItem\",\"position\":5,\"name\":\"Cushions\"}]},{\"@type\":\"WebSite\",\"@id\":\"https:\\\/\\\/www.emeryetcie.com\\\/en\\\/#website\",\"url\":\"https:\\\/\\\/www.emeryetcie.com\\\/en\\\/\",\"name\":\"Emery & Cie\",\"description\":\"Articles de Maison artisanaux\",\"potentialAction\":[{\"@type\":\"SearchAction\",\"target\":{\"@type\":\"EntryPoint\",\"urlTemplate\":\"https:\\\/\\\/www.emeryetcie.com\\\/en\\\/?s={search_term_string}\"},\"query-input\":{\"@type\":\"PropertyValueSpecification\",\"valueRequired\":true,\"valueName\":\"search_term_string\"}}],\"inLanguage\":\"en-US\"}]}<\/script>\n<!-- \/ Yoast SEO plugin. -->","yoast_head_json":{"title":"Cushions - Emery & Cie","robots":{"index":"index","follow":"follow","max-snippet":"max-snippet:-1","max-image-preview":"max-image-preview:large","max-video-preview":"max-video-preview:-1"},"canonical":"https:\/\/www.emeryetcie.com\/en\/memoirs\/fabrics\/made-up-fabrics\/cushions\/","og_locale":"en_US","og_type":"article","og_title":"Cushions - Emery & Cie","og_description":"Embroidered cushions : VELVET and light feathers stuffing 45 x 60cm = 145,00\u20ac\u00a0VAT incl. 78 x 78cm = 245,00\u20ac\u00a0VAT incl.","og_url":"https:\/\/www.emeryetcie.com\/en\/memoirs\/fabrics\/made-up-fabrics\/cushions\/","og_site_name":"Emery & Cie","article_modified_time":"2018-09-10T10:30:59+00:00","og_image":[{"width":255,"height":344,"url":"https:\/\/www.emeryetcie.com\/wp-content\/uploads\/2017\/07\/unnamed-9-1.jpg","type":"image\/jpeg"}],"twitter_card":"summary_large_image","schema":{"@context":"https:\/\/schema.org","@graph":[{"@type":"WebPage","@id":"https:\/\/www.emeryetcie.com\/en\/memoirs\/fabrics\/made-up-fabrics\/cushions\/","url":"https:\/\/www.emeryetcie.com\/en\/memoirs\/fabrics\/made-up-fabrics\/cushions\/","name":"Cushions - Emery & Cie","isPartOf":{"@id":"https:\/\/www.emeryetcie.com\/en\/#website"},"primaryImageOfPage":{"@id":"https:\/\/www.emeryetcie.com\/en\/memoirs\/fabrics\/made-up-fabrics\/cushions\/#primaryimage"},"image":{"@id":"https:\/\/www.emeryetcie.com\/en\/memoirs\/fabrics\/made-up-fabrics\/cushions\/#primaryimage"},"thumbnailUrl":"https:\/\/www.emeryetcie.com\/wp-content\/uploads\/2017\/07\/unnamed-9-1.jpg","datePublished":"2018-01-24T10:35:52+00:00","dateModified":"2018-09-10T10:30:59+00:00","breadcrumb":{"@id":"https:\/\/www.emeryetcie.com\/en\/memoirs\/fabrics\/made-up-fabrics\/cushions\/#breadcrumb"},"inLanguage":"en-US","potentialAction":[{"@type":"ReadAction","target":["https:\/\/www.emeryetcie.com\/en\/memoirs\/fabrics\/made-up-fabrics\/cushions\/"]}]},{"@type":"ImageObject","inLanguage":"en-US","@id":"https:\/\/www.emeryetcie.com\/en\/memoirs\/fabrics\/made-up-fabrics\/cushions\/#primaryimage","url":"https:\/\/www.emeryetcie.com\/wp-content\/uploads\/2017\/07\/unnamed-9-1.jpg","contentUrl":"https:\/\/www.emeryetcie.com\/wp-content\/uploads\/2017\/07\/unnamed-9-1.jpg","width":255,"height":344,"caption":"Coussins fabriqu\u00e9s avec tissus fa\u00e7onn\u00e9s | EMERY&Cie"},{"@type":"BreadcrumbList","@id":"https:\/\/www.emeryetcie.com\/en\/memoirs\/fabrics\/made-up-fabrics\/cushions\/#breadcrumb","itemListElement":[{"@type":"ListItem","position":1,"name":"Home","item":"https:\/\/www.emeryetcie.com\/en\/"},{"@type":"ListItem","position":2,"name":"MEMOIRS","item":"https:\/\/www.emeryetcie.com\/en\/memoirs\/"},{"@type":"ListItem","position":3,"name":"Fabrics","item":"https:\/\/www.emeryetcie.com\/en\/memoirs\/fabrics\/"},{"@type":"ListItem","position":4,"name":"Made up Fabrics","item":"https:\/\/www.emeryetcie.com\/en\/memoirs\/fabrics\/made-up-fabrics\/"},{"@type":"ListItem","position":5,"name":"Cushions"}]},{"@type":"WebSite","@id":"https:\/\/www.emeryetcie.com\/en\/#website","url":"https:\/\/www.emeryetcie.com\/en\/","name":"Emery & Cie","description":"Articles de Maison artisanaux","potentialAction":[{"@type":"SearchAction","target":{"@type":"EntryPoint","urlTemplate":"https:\/\/www.emeryetcie.com\/en\/?s={search_term_string}"},"query-input":{"@type":"PropertyValueSpecification","valueRequired":true,"valueName":"search_term_string"}}],"inLanguage":"en-US"}]}},"_links":{"self":[{"href":"https:\/\/www.emeryetcie.com\/en\/wp-json\/wp\/v2\/pages\/39825","targetHints":{"allow":["GET"]}}],"collection":[{"href":"https:\/\/www.emeryetcie.com\/en\/wp-json\/wp\/v2\/pages"}],"about":[{"href":"https:\/\/www.emeryetcie.com\/en\/wp-json\/wp\/v2\/types\/page"}],"author":[{"embeddable":true,"href":"https:\/\/www.emeryetcie.com\/en\/wp-json\/wp\/v2\/users\/1"}],"replies":[{"embeddable":true,"href":"https:\/\/www.emeryetcie.com\/en\/wp-json\/wp\/v2\/comments?post=39825"}],"version-history":[{"count":1,"href":"https:\/\/www.emeryetcie.com\/en\/wp-json\/wp\/v2\/pages\/39825\/revisions"}],"predecessor-version":[{"id":42009,"href":"https:\/\/www.emeryetcie.com\/en\/wp-json\/wp\/v2\/pages\/39825\/revisions\/42009"}],"up":[{"embeddable":true,"href":"https:\/\/www.emeryetcie.com\/en\/wp-json\/wp\/v2\/pages\/39813"}],"wp:featuredmedia":[{"embeddable":true,"href":"https:\/\/www.emeryetcie.com\/en\/wp-json\/wp\/v2\/media\/34083"}],"wp:attachment":[{"href":"https:\/\/www.emeryetcie.com\/en\/wp-json\/wp\/v2\/media?parent=39825"}],"curies":[{"name":"wp","href":"https:\/\/api.w.org\/{rel}","templated":true}]}}