{"id":39834,"date":"2018-01-24T13:23:54","date_gmt":"2018-01-24T13:23:54","guid":{"rendered":"https:\/\/www.emeryetcie.com\/catalog\/rugs\/story\/"},"modified":"2025-10-24T14:58:53","modified_gmt":"2025-10-24T12:58:53","slug":"story","status":"publish","type":"page","link":"https:\/\/www.emeryetcie.com\/en\/catalog\/rugs\/story\/","title":{"rendered":"Story"},"content":{"rendered":"<p style=\"text-align: center;\"><img loading=\"lazy\" decoding=\"async\" class=\"alignnone size-full wp-image-69325\" src=\"https:\/\/www.emeryetcie.com\/wp-content\/uploads\/2025\/10\/Histoire-1-TAPIS.jpg\" alt=\"\" width=\"1077\" height=\"808\" srcset=\"https:\/\/www.emeryetcie.com\/wp-content\/uploads\/2025\/10\/Histoire-1-TAPIS.jpg 1077w, https:\/\/www.emeryetcie.com\/wp-content\/uploads\/2025\/10\/Histoire-1-TAPIS-300x225.jpg 300w, https:\/\/www.emeryetcie.com\/wp-content\/uploads\/2025\/10\/Histoire-1-TAPIS-1024x768.jpg 1024w, https:\/\/www.emeryetcie.com\/wp-content\/uploads\/2025\/10\/Histoire-1-TAPIS-768x576.jpg 768w\" sizes=\"auto, (max-width: 1077px) 100vw, 1077px\" \/><\/p>\n<p>&nbsp;<\/p>\n<p>&nbsp;<\/p>\n<p style=\"text-align: center;\"><img loading=\"lazy\" decoding=\"async\" class=\"alignnone size-full wp-image-69327\" src=\"https:\/\/www.emeryetcie.com\/wp-content\/uploads\/2025\/10\/Histoire-2-TAPIS.jpg\" alt=\"\" width=\"1077\" height=\"808\" srcset=\"https:\/\/www.emeryetcie.com\/wp-content\/uploads\/2025\/10\/Histoire-2-TAPIS.jpg 1077w, https:\/\/www.emeryetcie.com\/wp-content\/uploads\/2025\/10\/Histoire-2-TAPIS-300x225.jpg 300w, https:\/\/www.emeryetcie.com\/wp-content\/uploads\/2025\/10\/Histoire-2-TAPIS-1024x768.jpg 1024w, https:\/\/www.emeryetcie.com\/wp-content\/uploads\/2025\/10\/Histoire-2-TAPIS-768x576.jpg 768w\" sizes=\"auto, (max-width: 1077px) 100vw, 1077px\" \/><\/p>\n<p>&nbsp;<\/p>\n<p style=\"text-align: center;\"><img loading=\"lazy\" decoding=\"async\" class=\"aligncenter wp-image-58581 size-full\" src=\"https:\/\/www.emeryetcie.com\/wp-content\/uploads\/2023\/08\/Histoire-Tapis-6.jpg\" alt=\"Processus de fabrication de tapis au N\u00e9pal | EMERY&amp;Cie\" width=\"1276\" height=\"797\" srcset=\"https:\/\/www.emeryetcie.com\/wp-content\/uploads\/2023\/08\/Histoire-Tapis-6.jpg 1276w, https:\/\/www.emeryetcie.com\/wp-content\/uploads\/2023\/08\/Histoire-Tapis-6-300x187.jpg 300w, https:\/\/www.emeryetcie.com\/wp-content\/uploads\/2023\/08\/Histoire-Tapis-6-1024x640.jpg 1024w, https:\/\/www.emeryetcie.com\/wp-content\/uploads\/2023\/08\/Histoire-Tapis-6-768x480.jpg 768w\" sizes=\"auto, (max-width: 1276px) 100vw, 1276px\" \/><\/p>\n<p><img loading=\"lazy\" decoding=\"async\" class=\"size-full wp-image-69329 aligncenter\" src=\"https:\/\/www.emeryetcie.com\/wp-content\/uploads\/2025\/10\/Histoire-5-TAPIS.jpg\" alt=\"\" width=\"1077\" height=\"797\" srcset=\"https:\/\/www.emeryetcie.com\/wp-content\/uploads\/2025\/10\/Histoire-5-TAPIS.jpg 1077w, https:\/\/www.emeryetcie.com\/wp-content\/uploads\/2025\/10\/Histoire-5-TAPIS-300x222.jpg 300w, https:\/\/www.emeryetcie.com\/wp-content\/uploads\/2025\/10\/Histoire-5-TAPIS-1024x758.jpg 1024w, https:\/\/www.emeryetcie.com\/wp-content\/uploads\/2025\/10\/Histoire-5-TAPIS-768x568.jpg 768w\" sizes=\"auto, (max-width: 1077px) 100vw, 1077px\" \/><\/p>\n<p>&nbsp;<\/p>\n<p>&nbsp;<\/p>\n<p><img loading=\"lazy\" decoding=\"async\" class=\"alignnone size-full wp-image-69331\" src=\"https:\/\/www.emeryetcie.com\/wp-content\/uploads\/2025\/10\/Histoire-6-TAPIS-scaled.jpg\" alt=\"\" width=\"2560\" height=\"1006\" srcset=\"https:\/\/www.emeryetcie.com\/wp-content\/uploads\/2025\/10\/Histoire-6-TAPIS-scaled.jpg 2560w, https:\/\/www.emeryetcie.com\/wp-content\/uploads\/2025\/10\/Histoire-6-TAPIS-300x118.jpg 300w, https:\/\/www.emeryetcie.com\/wp-content\/uploads\/2025\/10\/Histoire-6-TAPIS-1024x402.jpg 1024w, https:\/\/www.emeryetcie.com\/wp-content\/uploads\/2025\/10\/Histoire-6-TAPIS-768x302.jpg 768w, https:\/\/www.emeryetcie.com\/wp-content\/uploads\/2025\/10\/Histoire-6-TAPIS-1536x604.jpg 1536w, https:\/\/www.emeryetcie.com\/wp-content\/uploads\/2025\/10\/Histoire-6-TAPIS-2048x805.jpg 2048w\" sizes=\"auto, (max-width: 2560px) 100vw, 2560px\" \/><\/p>\n<p>&nbsp;<\/p>\n","protected":false},"excerpt":{"rendered":"<p>&nbsp; &nbsp; &nbsp; &nbsp; &nbsp; &nbsp;<\/p>\n","protected":false},"author":6,"featured_media":33335,"parent":39805,"menu_order":1,"comment_status":"closed","ping_status":"closed","template":"","meta":{"_acf_changed":false,"_exactmetrics_skip_tracking":false,"_exactmetrics_sitenote_active":false,"_exactmetrics_sitenote_note":"","_exactmetrics_sitenote_category":0,"footnotes":""},"class_list":["post-39834","page","type-page","status-publish","has-post-thumbnail","hentry"],"acf":[],"yoast_head":"<!-- This site is optimized with the Yoast SEO plugin v27.6 - https:\/\/yoast.com\/product\/yoast-seo-wordpress\/ -->\n<title>Les ateliers traditionnels de tapis au point nou\u00e9 au N\u00e9pal | Tapis artisanaux EMERY&amp;Cie<\/title>\n<meta name=\"description\" content=\"Nos tapis sont fabriqu\u00e9s sur des m\u00e9tiers \u00e0 tisser \u00e0 Katmandou au N\u00e9pal, un artisanat ancestral de haute qualit\u00e9 int\u00e9gr\u00e9 \u00e0 la vie locale.\" \/>\n<meta name=\"robots\" content=\"index, follow, max-snippet:-1, max-image-preview:large, max-video-preview:-1\" \/>\n<link rel=\"canonical\" href=\"https:\/\/www.emeryetcie.com\/en\/catalog\/rugs\/story\/\" \/>\n<meta property=\"og:locale\" content=\"en_US\" \/>\n<meta property=\"og:type\" content=\"article\" \/>\n<meta property=\"og:title\" content=\"Les ateliers traditionnels de tapis au point nou\u00e9 au N\u00e9pal | Tapis artisanaux EMERY&amp;Cie\" \/>\n<meta property=\"og:description\" content=\"Nos tapis sont fabriqu\u00e9s sur des m\u00e9tiers \u00e0 tisser \u00e0 Katmandou au N\u00e9pal, un artisanat ancestral de haute qualit\u00e9 int\u00e9gr\u00e9 \u00e0 la vie locale.\" \/>\n<meta property=\"og:url\" content=\"https:\/\/www.emeryetcie.com\/en\/catalog\/rugs\/story\/\" \/>\n<meta property=\"og:site_name\" content=\"Emery &amp; Cie\" \/>\n<meta property=\"article:modified_time\" content=\"2025-10-24T12:58:53+00:00\" \/>\n<meta property=\"og:image\" content=\"https:\/\/www.emeryetcie.com\/wp-content\/uploads\/2017\/07\/Home-Tapis-1.jpg\" \/>\n\t<meta property=\"og:image:width\" content=\"285\" \/>\n\t<meta property=\"og:image:height\" content=\"425\" \/>\n\t<meta property=\"og:image:type\" content=\"image\/jpeg\" \/>\n<meta name=\"twitter:card\" content=\"summary_large_image\" \/>\n<script type=\"application\/ld+json\" class=\"yoast-schema-graph\">{\"@context\":\"https:\\\/\\\/schema.org\",\"@graph\":[{\"@type\":\"WebPage\",\"@id\":\"https:\\\/\\\/www.emeryetcie.com\\\/en\\\/catalog\\\/rugs\\\/story\\\/\",\"url\":\"https:\\\/\\\/www.emeryetcie.com\\\/en\\\/catalog\\\/rugs\\\/story\\\/\",\"name\":\"Les ateliers traditionnels de tapis au point nou\u00e9 au N\u00e9pal | Tapis artisanaux EMERY&Cie\",\"isPartOf\":{\"@id\":\"https:\\\/\\\/www.emeryetcie.com\\\/en\\\/#website\"},\"primaryImageOfPage\":{\"@id\":\"https:\\\/\\\/www.emeryetcie.com\\\/en\\\/catalog\\\/rugs\\\/story\\\/#primaryimage\"},\"image\":{\"@id\":\"https:\\\/\\\/www.emeryetcie.com\\\/en\\\/catalog\\\/rugs\\\/story\\\/#primaryimage\"},\"thumbnailUrl\":\"https:\\\/\\\/www.emeryetcie.com\\\/wp-content\\\/uploads\\\/2017\\\/07\\\/Home-Tapis-1.jpg\",\"datePublished\":\"2018-01-24T13:23:54+00:00\",\"dateModified\":\"2025-10-24T12:58:53+00:00\",\"description\":\"Nos tapis sont fabriqu\u00e9s sur des m\u00e9tiers \u00e0 tisser \u00e0 Katmandou au N\u00e9pal, un artisanat ancestral de haute qualit\u00e9 int\u00e9gr\u00e9 \u00e0 la vie locale.\",\"breadcrumb\":{\"@id\":\"https:\\\/\\\/www.emeryetcie.com\\\/en\\\/catalog\\\/rugs\\\/story\\\/#breadcrumb\"},\"inLanguage\":\"en-US\",\"potentialAction\":[{\"@type\":\"ReadAction\",\"target\":[\"https:\\\/\\\/www.emeryetcie.com\\\/en\\\/catalog\\\/rugs\\\/story\\\/\"]}]},{\"@type\":\"ImageObject\",\"inLanguage\":\"en-US\",\"@id\":\"https:\\\/\\\/www.emeryetcie.com\\\/en\\\/catalog\\\/rugs\\\/story\\\/#primaryimage\",\"url\":\"https:\\\/\\\/www.emeryetcie.com\\\/wp-content\\\/uploads\\\/2017\\\/07\\\/Home-Tapis-1.jpg\",\"contentUrl\":\"https:\\\/\\\/www.emeryetcie.com\\\/wp-content\\\/uploads\\\/2017\\\/07\\\/Home-Tapis-1.jpg\",\"width\":285,\"height\":425,\"caption\":\"Histoire de fabrication des tapis au N\u00e9pal | EMERY&Cie\"},{\"@type\":\"BreadcrumbList\",\"@id\":\"https:\\\/\\\/www.emeryetcie.com\\\/en\\\/catalog\\\/rugs\\\/story\\\/#breadcrumb\",\"itemListElement\":[{\"@type\":\"ListItem\",\"position\":1,\"name\":\"Home\",\"item\":\"https:\\\/\\\/www.emeryetcie.com\\\/en\\\/\"},{\"@type\":\"ListItem\",\"position\":2,\"name\":\"Catalogue\",\"item\":\"https:\\\/\\\/www.emeryetcie.com\\\/en\\\/catalog\\\/\"},{\"@type\":\"ListItem\",\"position\":3,\"name\":\"Rugs\",\"item\":\"https:\\\/\\\/www.emeryetcie.com\\\/en\\\/catalog\\\/rugs\\\/\"},{\"@type\":\"ListItem\",\"position\":4,\"name\":\"Story\"}]},{\"@type\":\"WebSite\",\"@id\":\"https:\\\/\\\/www.emeryetcie.com\\\/en\\\/#website\",\"url\":\"https:\\\/\\\/www.emeryetcie.com\\\/en\\\/\",\"name\":\"Emery & Cie\",\"description\":\"Articles de Maison artisanaux\",\"potentialAction\":[{\"@type\":\"SearchAction\",\"target\":{\"@type\":\"EntryPoint\",\"urlTemplate\":\"https:\\\/\\\/www.emeryetcie.com\\\/en\\\/?s={search_term_string}\"},\"query-input\":{\"@type\":\"PropertyValueSpecification\",\"valueRequired\":true,\"valueName\":\"search_term_string\"}}],\"inLanguage\":\"en-US\"}]}<\/script>\n<!-- \/ Yoast SEO plugin. -->","yoast_head_json":{"title":"Les ateliers traditionnels de tapis au point nou\u00e9 au N\u00e9pal | Tapis artisanaux EMERY&Cie","description":"Nos tapis sont fabriqu\u00e9s sur des m\u00e9tiers \u00e0 tisser \u00e0 Katmandou au N\u00e9pal, un artisanat ancestral de haute qualit\u00e9 int\u00e9gr\u00e9 \u00e0 la vie locale.","robots":{"index":"index","follow":"follow","max-snippet":"max-snippet:-1","max-image-preview":"max-image-preview:large","max-video-preview":"max-video-preview:-1"},"canonical":"https:\/\/www.emeryetcie.com\/en\/catalog\/rugs\/story\/","og_locale":"en_US","og_type":"article","og_title":"Les ateliers traditionnels de tapis au point nou\u00e9 au N\u00e9pal | Tapis artisanaux EMERY&Cie","og_description":"Nos tapis sont fabriqu\u00e9s sur des m\u00e9tiers \u00e0 tisser \u00e0 Katmandou au N\u00e9pal, un artisanat ancestral de haute qualit\u00e9 int\u00e9gr\u00e9 \u00e0 la vie locale.","og_url":"https:\/\/www.emeryetcie.com\/en\/catalog\/rugs\/story\/","og_site_name":"Emery & Cie","article_modified_time":"2025-10-24T12:58:53+00:00","og_image":[{"width":285,"height":425,"url":"https:\/\/www.emeryetcie.com\/wp-content\/uploads\/2017\/07\/Home-Tapis-1.jpg","type":"image\/jpeg"}],"twitter_card":"summary_large_image","schema":{"@context":"https:\/\/schema.org","@graph":[{"@type":"WebPage","@id":"https:\/\/www.emeryetcie.com\/en\/catalog\/rugs\/story\/","url":"https:\/\/www.emeryetcie.com\/en\/catalog\/rugs\/story\/","name":"Les ateliers traditionnels de tapis au point nou\u00e9 au N\u00e9pal | Tapis artisanaux EMERY&Cie","isPartOf":{"@id":"https:\/\/www.emeryetcie.com\/en\/#website"},"primaryImageOfPage":{"@id":"https:\/\/www.emeryetcie.com\/en\/catalog\/rugs\/story\/#primaryimage"},"image":{"@id":"https:\/\/www.emeryetcie.com\/en\/catalog\/rugs\/story\/#primaryimage"},"thumbnailUrl":"https:\/\/www.emeryetcie.com\/wp-content\/uploads\/2017\/07\/Home-Tapis-1.jpg","datePublished":"2018-01-24T13:23:54+00:00","dateModified":"2025-10-24T12:58:53+00:00","description":"Nos tapis sont fabriqu\u00e9s sur des m\u00e9tiers \u00e0 tisser \u00e0 Katmandou au N\u00e9pal, un artisanat ancestral de haute qualit\u00e9 int\u00e9gr\u00e9 \u00e0 la vie locale.","breadcrumb":{"@id":"https:\/\/www.emeryetcie.com\/en\/catalog\/rugs\/story\/#breadcrumb"},"inLanguage":"en-US","potentialAction":[{"@type":"ReadAction","target":["https:\/\/www.emeryetcie.com\/en\/catalog\/rugs\/story\/"]}]},{"@type":"ImageObject","inLanguage":"en-US","@id":"https:\/\/www.emeryetcie.com\/en\/catalog\/rugs\/story\/#primaryimage","url":"https:\/\/www.emeryetcie.com\/wp-content\/uploads\/2017\/07\/Home-Tapis-1.jpg","contentUrl":"https:\/\/www.emeryetcie.com\/wp-content\/uploads\/2017\/07\/Home-Tapis-1.jpg","width":285,"height":425,"caption":"Histoire de fabrication des tapis au N\u00e9pal | EMERY&Cie"},{"@type":"BreadcrumbList","@id":"https:\/\/www.emeryetcie.com\/en\/catalog\/rugs\/story\/#breadcrumb","itemListElement":[{"@type":"ListItem","position":1,"name":"Home","item":"https:\/\/www.emeryetcie.com\/en\/"},{"@type":"ListItem","position":2,"name":"Catalogue","item":"https:\/\/www.emeryetcie.com\/en\/catalog\/"},{"@type":"ListItem","position":3,"name":"Rugs","item":"https:\/\/www.emeryetcie.com\/en\/catalog\/rugs\/"},{"@type":"ListItem","position":4,"name":"Story"}]},{"@type":"WebSite","@id":"https:\/\/www.emeryetcie.com\/en\/#website","url":"https:\/\/www.emeryetcie.com\/en\/","name":"Emery & Cie","description":"Articles de Maison artisanaux","potentialAction":[{"@type":"SearchAction","target":{"@type":"EntryPoint","urlTemplate":"https:\/\/www.emeryetcie.com\/en\/?s={search_term_string}"},"query-input":{"@type":"PropertyValueSpecification","valueRequired":true,"valueName":"search_term_string"}}],"inLanguage":"en-US"}]}},"_links":{"self":[{"href":"https:\/\/www.emeryetcie.com\/en\/wp-json\/wp\/v2\/pages\/39834","targetHints":{"allow":["GET"]}}],"collection":[{"href":"https:\/\/www.emeryetcie.com\/en\/wp-json\/wp\/v2\/pages"}],"about":[{"href":"https:\/\/www.emeryetcie.com\/en\/wp-json\/wp\/v2\/types\/page"}],"author":[{"embeddable":true,"href":"https:\/\/www.emeryetcie.com\/en\/wp-json\/wp\/v2\/users\/6"}],"replies":[{"embeddable":true,"href":"https:\/\/www.emeryetcie.com\/en\/wp-json\/wp\/v2\/comments?post=39834"}],"version-history":[{"count":11,"href":"https:\/\/www.emeryetcie.com\/en\/wp-json\/wp\/v2\/pages\/39834\/revisions"}],"predecessor-version":[{"id":72130,"href":"https:\/\/www.emeryetcie.com\/en\/wp-json\/wp\/v2\/pages\/39834\/revisions\/72130"}],"up":[{"embeddable":true,"href":"https:\/\/www.emeryetcie.com\/en\/wp-json\/wp\/v2\/pages\/39805"}],"wp:featuredmedia":[{"embeddable":true,"href":"https:\/\/www.emeryetcie.com\/en\/wp-json\/wp\/v2\/media\/33335"}],"wp:attachment":[{"href":"https:\/\/www.emeryetcie.com\/en\/wp-json\/wp\/v2\/media?parent=39834"}],"curies":[{"name":"wp","href":"https:\/\/api.w.org\/{rel}","templated":true}]}}