{"id":39908,"date":"2018-01-25T11:12:15","date_gmt":"2018-01-25T11:12:15","guid":{"rendered":"https:\/\/www.emeryetcie.com\/catalog\/ironmongery\/hooks-and-hangers\/"},"modified":"2026-03-11T11:25:21","modified_gmt":"2026-03-11T10:25:21","slug":"hooks-and-hangers","status":"publish","type":"page","link":"https:\/\/www.emeryetcie.com\/en\/catalog\/ironmongery\/hooks-and-hangers\/","title":{"rendered":"Hooks and Coat Pegs"},"content":{"rendered":"<div class=\"wpb-content-wrapper\"><p>[vc_row][vc_column][vc_column_text css=&#8221;&#8221;]<\/p>\n<p style=\"text-align: center;\"><img loading=\"lazy\" decoding=\"async\" class=\"size-full wp-image-64475 aligncenter\" src=\"https:\/\/www.emeryetcie.com\/wp-content\/uploads\/2024\/05\/Crochets-et-pateres-1.bis_.jpg\" alt=\"\" width=\"1077\" height=\"503\" srcset=\"https:\/\/www.emeryetcie.com\/wp-content\/uploads\/2024\/05\/Crochets-et-pateres-1.bis_.jpg 1077w, https:\/\/www.emeryetcie.com\/wp-content\/uploads\/2024\/05\/Crochets-et-pateres-1.bis_-300x140.jpg 300w, https:\/\/www.emeryetcie.com\/wp-content\/uploads\/2024\/05\/Crochets-et-pateres-1.bis_-1024x478.jpg 1024w, https:\/\/www.emeryetcie.com\/wp-content\/uploads\/2024\/05\/Crochets-et-pateres-1.bis_-768x359.jpg 768w\" sizes=\"auto, (max-width: 1077px) 100vw, 1077px\" \/><\/p>\n<p style=\"text-align: center;\"><img loading=\"lazy\" decoding=\"async\" class=\"alignnone size-full wp-image-64496\" src=\"https:\/\/www.emeryetcie.com\/wp-content\/uploads\/2024\/05\/Crochets-et-pateres-2.jpg\" alt=\"\" width=\"1077\" height=\"327\" srcset=\"https:\/\/www.emeryetcie.com\/wp-content\/uploads\/2024\/05\/Crochets-et-pateres-2.jpg 1077w, https:\/\/www.emeryetcie.com\/wp-content\/uploads\/2024\/05\/Crochets-et-pateres-2-300x91.jpg 300w, https:\/\/www.emeryetcie.com\/wp-content\/uploads\/2024\/05\/Crochets-et-pateres-2-1024x311.jpg 1024w, https:\/\/www.emeryetcie.com\/wp-content\/uploads\/2024\/05\/Crochets-et-pateres-2-768x233.jpg 768w\" sizes=\"auto, (max-width: 1077px) 100vw, 1077px\" \/><br \/>\nHooks on round plate = <span class=\"prix\">\u20ac<\/span><span class=\"prix\">13.00<\/span> incl. VAT\/piece<br \/>\n&#8220;Feuille&#8221; and &#8220;Ch\u00eane&#8221; = <span class=\"prix\">\u20ac<\/span><span class=\"prix\">25.00<\/span> incl. VAT \/piece<br \/>\n&#8220;Orvet&#8221; = <span class=\"prix\">\u20ac<\/span><span class=\"prix\" style=\"color: #999999;\">28.00<\/span> incl. VAT\/piece<\/p>\n<p>&nbsp;<\/p>\n<p style=\"text-align: center;\"><img loading=\"lazy\" decoding=\"async\" class=\"alignnone size-full wp-image-64498\" src=\"https:\/\/www.emeryetcie.com\/wp-content\/uploads\/2024\/05\/Crochets-et-pateres-3.jpg\" alt=\"\" width=\"1077\" height=\"437\" srcset=\"https:\/\/www.emeryetcie.com\/wp-content\/uploads\/2024\/05\/Crochets-et-pateres-3.jpg 1077w, https:\/\/www.emeryetcie.com\/wp-content\/uploads\/2024\/05\/Crochets-et-pateres-3-300x122.jpg 300w, https:\/\/www.emeryetcie.com\/wp-content\/uploads\/2024\/05\/Crochets-et-pateres-3-1024x415.jpg 1024w, https:\/\/www.emeryetcie.com\/wp-content\/uploads\/2024\/05\/Crochets-et-pateres-3-768x312.jpg 768w\" sizes=\"auto, (max-width: 1077px) 100vw, 1077px\" \/><img loading=\"lazy\" decoding=\"async\" class=\"alignnone size-full wp-image-64500\" src=\"https:\/\/www.emeryetcie.com\/wp-content\/uploads\/2024\/05\/Crochets-et-pateres-4.jpg\" alt=\"\" width=\"1077\" height=\"597\" srcset=\"https:\/\/www.emeryetcie.com\/wp-content\/uploads\/2024\/05\/Crochets-et-pateres-4.jpg 1077w, https:\/\/www.emeryetcie.com\/wp-content\/uploads\/2024\/05\/Crochets-et-pateres-4-300x166.jpg 300w, https:\/\/www.emeryetcie.com\/wp-content\/uploads\/2024\/05\/Crochets-et-pateres-4-1024x568.jpg 1024w, https:\/\/www.emeryetcie.com\/wp-content\/uploads\/2024\/05\/Crochets-et-pateres-4-768x426.jpg 768w\" sizes=\"auto, (max-width: 1077px) 100vw, 1077px\" \/><br \/>\nHooks on square plate =<span class=\"prix\"> \u20ac25.00<\/span> incl. VAT\/piece<\/p>\n<p>&nbsp;<\/p>\n<p style=\"text-align: center;\"><img loading=\"lazy\" decoding=\"async\" class=\"alignnone wp-image-73682\" src=\"https:\/\/www.emeryetcie.com\/wp-content\/uploads\/2026\/03\/Support-contre-le-mur-photo-e1773224264254.jpg\" alt=\"\" width=\"272\" height=\"276\" \/><br \/>\nWall bracket (for curtain rods)<br \/>\nsquare 6x6cm<\/p>\n<p style=\"text-align: center;\"><span class=\"prix\">25,00\u20ac incl. <\/span>VAT \/ piece<\/p>\n<p>&nbsp;<\/p>\n<p>&nbsp;<\/p>\n<p style=\"text-align: center;\"><img loading=\"lazy\" decoding=\"async\" class=\"size-full wp-image-64865 aligncenter\" src=\"https:\/\/www.emeryetcie.com\/wp-content\/uploads\/2024\/07\/Pages-espaces-noirs-copie-bis-1.jpg\" alt=\"\" width=\"1077\" height=\"797\" srcset=\"https:\/\/www.emeryetcie.com\/wp-content\/uploads\/2024\/07\/Pages-espaces-noirs-copie-bis-1.jpg 1077w, https:\/\/www.emeryetcie.com\/wp-content\/uploads\/2024\/07\/Pages-espaces-noirs-copie-bis-1-300x222.jpg 300w, https:\/\/www.emeryetcie.com\/wp-content\/uploads\/2024\/07\/Pages-espaces-noirs-copie-bis-1-1024x758.jpg 1024w, https:\/\/www.emeryetcie.com\/wp-content\/uploads\/2024\/07\/Pages-espaces-noirs-copie-bis-1-768x568.jpg 768w\" sizes=\"auto, (max-width: 1077px) 100vw, 1077px\" \/>PM = <span class=\"prix\">\u20ac<\/span><span class=\"prix\">20.00<\/span> incl. VAT\/piece<br \/>\nMM = <span class=\"prix\">\u20ac<\/span><span class=\"prix\">25.00<\/span> incl. VAT\/piece<br \/>\nGM = <span class=\"prix\">\u20ac<\/span><span class=\"prix\">35.00<\/span> incl. VAT\/piece<\/p>\n<p style=\"text-align: center;\"><img loading=\"lazy\" decoding=\"async\" class=\"alignnone wp-image-34984 size-full\" src=\"https:\/\/www.emeryetcie.com\/wp-content\/uploads\/2017\/07\/3.1.jpg\" alt=\"Crochet artisanal en fer forg\u00e9 pour lustre | EMERY&amp;Cie\" width=\"1080\" height=\"477\" srcset=\"https:\/\/www.emeryetcie.com\/wp-content\/uploads\/2017\/07\/3.1.jpg 1080w, https:\/\/www.emeryetcie.com\/wp-content\/uploads\/2017\/07\/3.1-300x133.jpg 300w, https:\/\/www.emeryetcie.com\/wp-content\/uploads\/2017\/07\/3.1-768x339.jpg 768w, https:\/\/www.emeryetcie.com\/wp-content\/uploads\/2017\/07\/3.1-1024x452.jpg 1024w, https:\/\/www.emeryetcie.com\/wp-content\/uploads\/2017\/07\/3.1-60x27.jpg 60w, https:\/\/www.emeryetcie.com\/wp-content\/uploads\/2017\/07\/3.1-280x124.jpg 280w, https:\/\/www.emeryetcie.com\/wp-content\/uploads\/2017\/07\/3.1-600x265.jpg 600w\" sizes=\"auto, (max-width: 1080px) 100vw, 1080px\" \/><\/p>\n<p style=\"text-align: center;\"><span class=\"prix\">\u20ac50.00<\/span> incl. VAT\/piece<\/p>\n<p style=\"text-align: center;\"><img loading=\"lazy\" decoding=\"async\" class=\"alignnone wp-image-34986 size-full\" src=\"https:\/\/www.emeryetcie.com\/wp-content\/uploads\/2017\/07\/3.2.jpg\" alt=\"Crochet artisanal en fer forg\u00e9 pour applique | EMERY&amp;Cie\" width=\"1076\" height=\"531\" srcset=\"https:\/\/www.emeryetcie.com\/wp-content\/uploads\/2017\/07\/3.2.jpg 1076w, https:\/\/www.emeryetcie.com\/wp-content\/uploads\/2017\/07\/3.2-300x148.jpg 300w, https:\/\/www.emeryetcie.com\/wp-content\/uploads\/2017\/07\/3.2-768x379.jpg 768w, https:\/\/www.emeryetcie.com\/wp-content\/uploads\/2017\/07\/3.2-1024x505.jpg 1024w, https:\/\/www.emeryetcie.com\/wp-content\/uploads\/2017\/07\/3.2-60x30.jpg 60w, https:\/\/www.emeryetcie.com\/wp-content\/uploads\/2017\/07\/3.2-280x138.jpg 280w, https:\/\/www.emeryetcie.com\/wp-content\/uploads\/2017\/07\/3.2-600x296.jpg 600w\" sizes=\"auto, (max-width: 1076px) 100vw, 1076px\" \/><\/p>\n<p style=\"text-align: center;\"><span class=\"prix\">\u20ac50.00 <\/span>incl. VAT\/piece<\/p>\n<p>&nbsp;<\/p>\n<p style=\"text-align: center;\"><span class=\"prix\"><img loading=\"lazy\" decoding=\"async\" class=\"alignnone size-full wp-image-64582\" src=\"https:\/\/www.emeryetcie.com\/wp-content\/uploads\/2024\/06\/Crochets-et-pateres-9.jpg\" alt=\"\" width=\"1077\" height=\"797\" srcset=\"https:\/\/www.emeryetcie.com\/wp-content\/uploads\/2024\/06\/Crochets-et-pateres-9.jpg 1077w, https:\/\/www.emeryetcie.com\/wp-content\/uploads\/2024\/06\/Crochets-et-pateres-9-300x222.jpg 300w, https:\/\/www.emeryetcie.com\/wp-content\/uploads\/2024\/06\/Crochets-et-pateres-9-1024x758.jpg 1024w, https:\/\/www.emeryetcie.com\/wp-content\/uploads\/2024\/06\/Crochets-et-pateres-9-768x568.jpg 768w\" sizes=\"auto, (max-width: 1077px) 100vw, 1077px\" \/><\/span><span class=\"prix\"><br \/>\n<\/span>Coat peg 11.1 = <span class=\"prix\">\u20ac<\/span><span class=\"prix\">31.00<\/span> incl. VAT\/piece\u00a0 \u00a0 \u00a0 \u00a0 \u00a0 \u00a0 \u00a0 \u00a0 \u00a0 \u00a0 \u00a0 \u00a0 \u00a0 \u00a0 \u00a0 \u00a0 \u00a0 \u00a0 \u00a0 \u00a0 \u00a0 \u00a0Coat pegs 11.2 and 11.3 =<span class=\"prix\"> \u20ac41.00<\/span> incl. VAT\/piece<\/p>\n<p>&nbsp;<\/p>\n<p style=\"text-align: center;\"><span class=\"prix\"><img loading=\"lazy\" decoding=\"async\" class=\"size-full wp-image-64580 aligncenter\" src=\"https:\/\/www.emeryetcie.com\/wp-content\/uploads\/2024\/06\/Crochets-et-pateres-10-1.jpg\" alt=\"\" width=\"1077\" height=\"1092\" srcset=\"https:\/\/www.emeryetcie.com\/wp-content\/uploads\/2024\/06\/Crochets-et-pateres-10-1.jpg 1077w, https:\/\/www.emeryetcie.com\/wp-content\/uploads\/2024\/06\/Crochets-et-pateres-10-1-296x300.jpg 296w, https:\/\/www.emeryetcie.com\/wp-content\/uploads\/2024\/06\/Crochets-et-pateres-10-1-1010x1024.jpg 1010w, https:\/\/www.emeryetcie.com\/wp-content\/uploads\/2024\/06\/Crochets-et-pateres-10-1-768x779.jpg 768w, https:\/\/www.emeryetcie.com\/wp-content\/uploads\/2024\/06\/Crochets-et-pateres-10-1-60x60.jpg 60w, https:\/\/www.emeryetcie.com\/wp-content\/uploads\/2024\/06\/Crochets-et-pateres-10-1-45x45.jpg 45w\" sizes=\"auto, (max-width: 1077px) 100vw, 1077px\" \/><\/span>Coat pegs = <span class=\"prix\">\u20ac41.00 <\/span>incl. VAT\/ piece<\/p>\n<p>&nbsp;<\/p>\n<p style=\"text-align: center;\"><span class=\"prix\"><img loading=\"lazy\" decoding=\"async\" class=\"size-full wp-image-64577 aligncenter\" src=\"https:\/\/www.emeryetcie.com\/wp-content\/uploads\/2024\/06\/Crochets-et-pateres-11.jpg\" alt=\"\" width=\"1077\" height=\"797\" srcset=\"https:\/\/www.emeryetcie.com\/wp-content\/uploads\/2024\/06\/Crochets-et-pateres-11.jpg 1077w, https:\/\/www.emeryetcie.com\/wp-content\/uploads\/2024\/06\/Crochets-et-pateres-11-300x222.jpg 300w, https:\/\/www.emeryetcie.com\/wp-content\/uploads\/2024\/06\/Crochets-et-pateres-11-1024x758.jpg 1024w, https:\/\/www.emeryetcie.com\/wp-content\/uploads\/2024\/06\/Crochets-et-pateres-11-768x568.jpg 768w\" sizes=\"auto, (max-width: 1077px) 100vw, 1077px\" \/><\/span>Coat peg = <span class=\"prix\">\u20ac<\/span><span class=\"prix\">88.00 <\/span>incl. VAT\/piece<\/p>\n<p>&nbsp;<\/p>\n<p><img loading=\"lazy\" decoding=\"async\" class=\"aligncenter wp-image-36147 size-full\" src=\"https:\/\/www.emeryetcie.com\/wp-content\/uploads\/2017\/07\/Pages-espaces-noirs-copie-1.jpg\" alt=\"Pat\u00e8re artisanale le grand cerf sur un mur | EMERY&amp;Cie\" width=\"1077\" height=\"797\" srcset=\"https:\/\/www.emeryetcie.com\/wp-content\/uploads\/2017\/07\/Pages-espaces-noirs-copie-1.jpg 1077w, https:\/\/www.emeryetcie.com\/wp-content\/uploads\/2017\/07\/Pages-espaces-noirs-copie-1-300x222.jpg 300w, https:\/\/www.emeryetcie.com\/wp-content\/uploads\/2017\/07\/Pages-espaces-noirs-copie-1-768x568.jpg 768w, https:\/\/www.emeryetcie.com\/wp-content\/uploads\/2017\/07\/Pages-espaces-noirs-copie-1-1024x758.jpg 1024w, https:\/\/www.emeryetcie.com\/wp-content\/uploads\/2017\/07\/Pages-espaces-noirs-copie-1-60x44.jpg 60w, https:\/\/www.emeryetcie.com\/wp-content\/uploads\/2017\/07\/Pages-espaces-noirs-copie-1-280x207.jpg 280w, https:\/\/www.emeryetcie.com\/wp-content\/uploads\/2017\/07\/Pages-espaces-noirs-copie-1-600x444.jpg 600w\" sizes=\"auto, (max-width: 1077px) 100vw, 1077px\" \/><img loading=\"lazy\" decoding=\"async\" class=\"aligncenter wp-image-35004 size-full\" src=\"https:\/\/www.emeryetcie.com\/wp-content\/uploads\/2017\/07\/12-1.jpg\" alt=\"Maison d\u00e9cor\u00e9e de pat\u00e8res artisanales cerf | EMERY&amp;Cie\" width=\"1077\" height=\"797\" srcset=\"https:\/\/www.emeryetcie.com\/wp-content\/uploads\/2017\/07\/12-1.jpg 1077w, https:\/\/www.emeryetcie.com\/wp-content\/uploads\/2017\/07\/12-1-300x222.jpg 300w, https:\/\/www.emeryetcie.com\/wp-content\/uploads\/2017\/07\/12-1-768x568.jpg 768w, https:\/\/www.emeryetcie.com\/wp-content\/uploads\/2017\/07\/12-1-1024x758.jpg 1024w, https:\/\/www.emeryetcie.com\/wp-content\/uploads\/2017\/07\/12-1-60x44.jpg 60w, https:\/\/www.emeryetcie.com\/wp-content\/uploads\/2017\/07\/12-1-280x207.jpg 280w, https:\/\/www.emeryetcie.com\/wp-content\/uploads\/2017\/07\/12-1-600x444.jpg 600w\" sizes=\"auto, (max-width: 1077px) 100vw, 1077px\" \/>[\/vc_column_text][\/vc_column][\/vc_row]<\/p>\n<\/div>","protected":false},"excerpt":{"rendered":"<p>[vc_row][vc_column][vc_column_text css=&#8221;&#8221;] Hooks on round plate = \u20ac13.00 incl. VAT\/piece &#8220;Feuille&#8221; and &#8220;Ch\u00eane&#8221; = \u20ac25.00 incl. VAT \/piece &#8220;Orvet&#8221; =<\/p>\n","protected":false},"author":1,"featured_media":29939,"parent":39800,"menu_order":6,"comment_status":"closed","ping_status":"closed","template":"portfolio3.php","meta":{"_acf_changed":false,"_exactmetrics_skip_tracking":false,"_exactmetrics_sitenote_active":false,"_exactmetrics_sitenote_note":"","_exactmetrics_sitenote_category":0,"footnotes":""},"class_list":["post-39908","page","type-page","status-publish","has-post-thumbnail","hentry"],"acf":[],"yoast_head":"<!-- This site is optimized with the Yoast SEO plugin v27.4 - https:\/\/yoast.com\/product\/yoast-seo-wordpress\/ -->\n<title>Handmade wrought iron and horn hooks and coat pegs | EMERY&amp;Cie<\/title>\n<meta name=\"description\" content=\"Discover our wrought iron hooks for chandeliers, wall lights and all kinds of uses, as well as our wrought iron or natural horn coat pegs.\" \/>\n<meta name=\"robots\" content=\"index, follow, max-snippet:-1, max-image-preview:large, max-video-preview:-1\" \/>\n<link rel=\"canonical\" href=\"https:\/\/www.emeryetcie.com\/en\/catalog\/ironmongery\/hooks-and-hangers\/\" \/>\n<meta property=\"og:locale\" content=\"en_US\" \/>\n<meta property=\"og:type\" content=\"article\" \/>\n<meta property=\"og:title\" content=\"Handmade wrought iron and horn hooks and coat pegs | EMERY&amp;Cie\" \/>\n<meta property=\"og:description\" content=\"Discover our wrought iron hooks for chandeliers, wall lights and all kinds of uses, as well as our wrought iron or natural horn coat pegs.\" \/>\n<meta property=\"og:url\" content=\"https:\/\/www.emeryetcie.com\/en\/catalog\/ironmongery\/hooks-and-hangers\/\" \/>\n<meta property=\"og:site_name\" content=\"Emery &amp; Cie\" \/>\n<meta property=\"article:modified_time\" content=\"2026-03-11T10:25:21+00:00\" \/>\n<meta property=\"og:image\" content=\"https:\/\/www.emeryetcie.com\/wp-content\/uploads\/2017\/07\/Home-Quincaillerie-1.jpg\" \/>\n\t<meta property=\"og:image:width\" content=\"219\" \/>\n\t<meta property=\"og:image:height\" content=\"219\" \/>\n\t<meta property=\"og:image:type\" content=\"image\/jpeg\" \/>\n<meta name=\"twitter:card\" content=\"summary_large_image\" \/>\n<meta name=\"twitter:label1\" content=\"Est. reading time\" \/>\n\t<meta name=\"twitter:data1\" content=\"4 minutes\" \/>\n<script type=\"application\/ld+json\" class=\"yoast-schema-graph\">{\"@context\":\"https:\\\/\\\/schema.org\",\"@graph\":[{\"@type\":\"WebPage\",\"@id\":\"https:\\\/\\\/www.emeryetcie.com\\\/en\\\/catalog\\\/ironmongery\\\/hooks-and-hangers\\\/\",\"url\":\"https:\\\/\\\/www.emeryetcie.com\\\/en\\\/catalog\\\/ironmongery\\\/hooks-and-hangers\\\/\",\"name\":\"Handmade wrought iron and horn hooks and coat pegs | EMERY&Cie\",\"isPartOf\":{\"@id\":\"https:\\\/\\\/www.emeryetcie.com\\\/en\\\/#website\"},\"primaryImageOfPage\":{\"@id\":\"https:\\\/\\\/www.emeryetcie.com\\\/en\\\/catalog\\\/ironmongery\\\/hooks-and-hangers\\\/#primaryimage\"},\"image\":{\"@id\":\"https:\\\/\\\/www.emeryetcie.com\\\/en\\\/catalog\\\/ironmongery\\\/hooks-and-hangers\\\/#primaryimage\"},\"thumbnailUrl\":\"https:\\\/\\\/www.emeryetcie.com\\\/wp-content\\\/uploads\\\/2017\\\/07\\\/Home-Quincaillerie-1.jpg\",\"datePublished\":\"2018-01-25T11:12:15+00:00\",\"dateModified\":\"2026-03-11T10:25:21+00:00\",\"description\":\"Discover our wrought iron hooks for chandeliers, wall lights and all kinds of uses, as well as our wrought iron or natural horn coat pegs.\",\"breadcrumb\":{\"@id\":\"https:\\\/\\\/www.emeryetcie.com\\\/en\\\/catalog\\\/ironmongery\\\/hooks-and-hangers\\\/#breadcrumb\"},\"inLanguage\":\"en-US\",\"potentialAction\":[{\"@type\":\"ReadAction\",\"target\":[\"https:\\\/\\\/www.emeryetcie.com\\\/en\\\/catalog\\\/ironmongery\\\/hooks-and-hangers\\\/\"]}]},{\"@type\":\"ImageObject\",\"inLanguage\":\"en-US\",\"@id\":\"https:\\\/\\\/www.emeryetcie.com\\\/en\\\/catalog\\\/ironmongery\\\/hooks-and-hangers\\\/#primaryimage\",\"url\":\"https:\\\/\\\/www.emeryetcie.com\\\/wp-content\\\/uploads\\\/2017\\\/07\\\/Home-Quincaillerie-1.jpg\",\"contentUrl\":\"https:\\\/\\\/www.emeryetcie.com\\\/wp-content\\\/uploads\\\/2017\\\/07\\\/Home-Quincaillerie-1.jpg\",\"width\":219,\"height\":219,\"caption\":\"Crochets artisanaux en fer forg\u00e9 | EMERY&Cie\"},{\"@type\":\"BreadcrumbList\",\"@id\":\"https:\\\/\\\/www.emeryetcie.com\\\/en\\\/catalog\\\/ironmongery\\\/hooks-and-hangers\\\/#breadcrumb\",\"itemListElement\":[{\"@type\":\"ListItem\",\"position\":1,\"name\":\"Home\",\"item\":\"https:\\\/\\\/www.emeryetcie.com\\\/en\\\/\"},{\"@type\":\"ListItem\",\"position\":2,\"name\":\"Catalogue\",\"item\":\"https:\\\/\\\/www.emeryetcie.com\\\/en\\\/catalog\\\/\"},{\"@type\":\"ListItem\",\"position\":3,\"name\":\"Ironmongery\",\"item\":\"https:\\\/\\\/www.emeryetcie.com\\\/en\\\/catalog\\\/ironmongery\\\/\"},{\"@type\":\"ListItem\",\"position\":4,\"name\":\"Hooks and Coat Pegs\"}]},{\"@type\":\"WebSite\",\"@id\":\"https:\\\/\\\/www.emeryetcie.com\\\/en\\\/#website\",\"url\":\"https:\\\/\\\/www.emeryetcie.com\\\/en\\\/\",\"name\":\"Emery & Cie\",\"description\":\"Articles de Maison artisanaux\",\"potentialAction\":[{\"@type\":\"SearchAction\",\"target\":{\"@type\":\"EntryPoint\",\"urlTemplate\":\"https:\\\/\\\/www.emeryetcie.com\\\/en\\\/?s={search_term_string}\"},\"query-input\":{\"@type\":\"PropertyValueSpecification\",\"valueRequired\":true,\"valueName\":\"search_term_string\"}}],\"inLanguage\":\"en-US\"}]}<\/script>\n<!-- \/ Yoast SEO plugin. -->","yoast_head_json":{"title":"Handmade wrought iron and horn hooks and coat pegs | EMERY&Cie","description":"Discover our wrought iron hooks for chandeliers, wall lights and all kinds of uses, as well as our wrought iron or natural horn coat pegs.","robots":{"index":"index","follow":"follow","max-snippet":"max-snippet:-1","max-image-preview":"max-image-preview:large","max-video-preview":"max-video-preview:-1"},"canonical":"https:\/\/www.emeryetcie.com\/en\/catalog\/ironmongery\/hooks-and-hangers\/","og_locale":"en_US","og_type":"article","og_title":"Handmade wrought iron and horn hooks and coat pegs | EMERY&Cie","og_description":"Discover our wrought iron hooks for chandeliers, wall lights and all kinds of uses, as well as our wrought iron or natural horn coat pegs.","og_url":"https:\/\/www.emeryetcie.com\/en\/catalog\/ironmongery\/hooks-and-hangers\/","og_site_name":"Emery & Cie","article_modified_time":"2026-03-11T10:25:21+00:00","og_image":[{"width":219,"height":219,"url":"https:\/\/www.emeryetcie.com\/wp-content\/uploads\/2017\/07\/Home-Quincaillerie-1.jpg","type":"image\/jpeg"}],"twitter_card":"summary_large_image","twitter_misc":{"Est. reading time":"4 minutes"},"schema":{"@context":"https:\/\/schema.org","@graph":[{"@type":"WebPage","@id":"https:\/\/www.emeryetcie.com\/en\/catalog\/ironmongery\/hooks-and-hangers\/","url":"https:\/\/www.emeryetcie.com\/en\/catalog\/ironmongery\/hooks-and-hangers\/","name":"Handmade wrought iron and horn hooks and coat pegs | EMERY&Cie","isPartOf":{"@id":"https:\/\/www.emeryetcie.com\/en\/#website"},"primaryImageOfPage":{"@id":"https:\/\/www.emeryetcie.com\/en\/catalog\/ironmongery\/hooks-and-hangers\/#primaryimage"},"image":{"@id":"https:\/\/www.emeryetcie.com\/en\/catalog\/ironmongery\/hooks-and-hangers\/#primaryimage"},"thumbnailUrl":"https:\/\/www.emeryetcie.com\/wp-content\/uploads\/2017\/07\/Home-Quincaillerie-1.jpg","datePublished":"2018-01-25T11:12:15+00:00","dateModified":"2026-03-11T10:25:21+00:00","description":"Discover our wrought iron hooks for chandeliers, wall lights and all kinds of uses, as well as our wrought iron or natural horn coat pegs.","breadcrumb":{"@id":"https:\/\/www.emeryetcie.com\/en\/catalog\/ironmongery\/hooks-and-hangers\/#breadcrumb"},"inLanguage":"en-US","potentialAction":[{"@type":"ReadAction","target":["https:\/\/www.emeryetcie.com\/en\/catalog\/ironmongery\/hooks-and-hangers\/"]}]},{"@type":"ImageObject","inLanguage":"en-US","@id":"https:\/\/www.emeryetcie.com\/en\/catalog\/ironmongery\/hooks-and-hangers\/#primaryimage","url":"https:\/\/www.emeryetcie.com\/wp-content\/uploads\/2017\/07\/Home-Quincaillerie-1.jpg","contentUrl":"https:\/\/www.emeryetcie.com\/wp-content\/uploads\/2017\/07\/Home-Quincaillerie-1.jpg","width":219,"height":219,"caption":"Crochets artisanaux en fer forg\u00e9 | EMERY&Cie"},{"@type":"BreadcrumbList","@id":"https:\/\/www.emeryetcie.com\/en\/catalog\/ironmongery\/hooks-and-hangers\/#breadcrumb","itemListElement":[{"@type":"ListItem","position":1,"name":"Home","item":"https:\/\/www.emeryetcie.com\/en\/"},{"@type":"ListItem","position":2,"name":"Catalogue","item":"https:\/\/www.emeryetcie.com\/en\/catalog\/"},{"@type":"ListItem","position":3,"name":"Ironmongery","item":"https:\/\/www.emeryetcie.com\/en\/catalog\/ironmongery\/"},{"@type":"ListItem","position":4,"name":"Hooks and Coat Pegs"}]},{"@type":"WebSite","@id":"https:\/\/www.emeryetcie.com\/en\/#website","url":"https:\/\/www.emeryetcie.com\/en\/","name":"Emery & Cie","description":"Articles de Maison artisanaux","potentialAction":[{"@type":"SearchAction","target":{"@type":"EntryPoint","urlTemplate":"https:\/\/www.emeryetcie.com\/en\/?s={search_term_string}"},"query-input":{"@type":"PropertyValueSpecification","valueRequired":true,"valueName":"search_term_string"}}],"inLanguage":"en-US"}]}},"_links":{"self":[{"href":"https:\/\/www.emeryetcie.com\/en\/wp-json\/wp\/v2\/pages\/39908","targetHints":{"allow":["GET"]}}],"collection":[{"href":"https:\/\/www.emeryetcie.com\/en\/wp-json\/wp\/v2\/pages"}],"about":[{"href":"https:\/\/www.emeryetcie.com\/en\/wp-json\/wp\/v2\/types\/page"}],"author":[{"embeddable":true,"href":"https:\/\/www.emeryetcie.com\/en\/wp-json\/wp\/v2\/users\/1"}],"replies":[{"embeddable":true,"href":"https:\/\/www.emeryetcie.com\/en\/wp-json\/wp\/v2\/comments?post=39908"}],"version-history":[{"count":32,"href":"https:\/\/www.emeryetcie.com\/en\/wp-json\/wp\/v2\/pages\/39908\/revisions"}],"predecessor-version":[{"id":73687,"href":"https:\/\/www.emeryetcie.com\/en\/wp-json\/wp\/v2\/pages\/39908\/revisions\/73687"}],"up":[{"embeddable":true,"href":"https:\/\/www.emeryetcie.com\/en\/wp-json\/wp\/v2\/pages\/39800"}],"wp:featuredmedia":[{"embeddable":true,"href":"https:\/\/www.emeryetcie.com\/en\/wp-json\/wp\/v2\/media\/29939"}],"wp:attachment":[{"href":"https:\/\/www.emeryetcie.com\/en\/wp-json\/wp\/v2\/media?parent=39908"}],"curies":[{"name":"wp","href":"https:\/\/api.w.org\/{rel}","templated":true}]}}