{"id":40886,"date":"2018-06-11T08:52:53","date_gmt":"2018-06-11T08:52:53","guid":{"rendered":"https:\/\/www.emeryetcie.com\/catalog\/wallpapers\/digital-prints\/"},"modified":"2025-10-13T10:19:29","modified_gmt":"2025-10-13T08:19:29","slug":"digital-prints","status":"publish","type":"page","link":"https:\/\/www.emeryetcie.com\/en\/catalog\/wallpapers\/digital-prints\/","title":{"rendered":"Digital prints"},"content":{"rendered":"<div class=\"wpb-content-wrapper\"><p>[vc_row][vc_column][vc_column_text css=&#8221;&#8221;]<img loading=\"lazy\" decoding=\"async\" class=\"alignnone size-full wp-image-69285 aligncenter\" src=\"https:\/\/www.emeryetcie.com\/wp-content\/uploads\/2025\/10\/IMPRESSIONS-DIGITALES-1c-.jpg\" alt=\"\" width=\"1077\" height=\"549\" srcset=\"https:\/\/www.emeryetcie.com\/wp-content\/uploads\/2025\/10\/IMPRESSIONS-DIGITALES-1c-.jpg 1077w, https:\/\/www.emeryetcie.com\/wp-content\/uploads\/2025\/10\/IMPRESSIONS-DIGITALES-1c--300x153.jpg 300w, https:\/\/www.emeryetcie.com\/wp-content\/uploads\/2025\/10\/IMPRESSIONS-DIGITALES-1c--1024x522.jpg 1024w, https:\/\/www.emeryetcie.com\/wp-content\/uploads\/2025\/10\/IMPRESSIONS-DIGITALES-1c--768x391.jpg 768w\" sizes=\"auto, (max-width: 1077px) 100vw, 1077px\" \/><\/p>\n<p style=\"text-align: center;\">In the 1990s, I was teaching at an architecture school and, at the same time, I created, in solitude<br \/>\nbut also with the greatest freedom, a series of large pastel and gouache paintings.<br \/>\nIt was the embodiment on paper of the style of architecture I would have wanted to create if I had sought&#8230; and found clients.<br \/>\nI also never sought to present these paintings within the art market, out of a personal rejection of that environment,<br \/>\nbut above all because I never liked a painting enclosed in a frame and hung on a wall (except in museums).<br \/>\nFollowing the ideas of William Morris, I have always believed that art must be applied, therefore integrated into all the gestures<br \/>\nof daily life. This is why I studied architecture and not painting. It was therefore perfectly logical that I should launch into the creation of tiles, wall paints, furniture, etc.<br \/>\nAn occupation so all-consuming that my large architectural paintings were quickly forgotten at the back of the studio, buried almost like a family secret.<\/p>\n<p style=\"text-align: center;\">However, in my chosen family, a few people knew this secret. And, in the meantime, a young man dazzled by the panoramic views<br \/>\nof the Zuber Museum in Rixheim decided to set up a digital wallpaper printing company, with<br \/>\nhigh standards of quality in terms of technology. Because, in the world of digital printing, you can obviously find everything,<br \/>\nfrom office photocopiers to works purchased by collectors and museums.<br \/>\nI then discovered the incredible possibilities offered by the technique, because the smallest detail, the slightest crack in the original paint, can be enlarged to almost infinite size.<br \/>\nThis allows you to select only a part of the painting and adapt it to a piece of furniture or a panoramic view of an entire wall!<br \/>\nThe interpretations are limitless, and each one is a unique reinvention of the original work.<\/p>\n<p>[\/vc_column_text][\/vc_column][\/vc_row][vc_row][vc_column width=&#8221;1\/3&#8243;][vc_column_text css=&#8221;&#8221;]<\/p>\n<h5 style=\"text-align: center;\"><span style=\"color: #61616c;\">&#8220;DESCRIPTION DE L&#8217;\u00c9GYPTE I&#8221;:<\/span><\/h5>\n<p><a href=\"https:\/\/www.emeryetcie.com\/en\/catalog\/wallpapers\/digital-prints\/description-de-legypte-1\/\"><img loading=\"lazy\" decoding=\"async\" class=\"alignnone size-full wp-image-69300 aligncenter\" src=\"https:\/\/www.emeryetcie.com\/wp-content\/uploads\/2025\/10\/Home-description-Egypte-1.jpg\" alt=\"\" width=\"283\" height=\"454\" srcset=\"https:\/\/www.emeryetcie.com\/wp-content\/uploads\/2025\/10\/Home-description-Egypte-1.jpg 283w, https:\/\/www.emeryetcie.com\/wp-content\/uploads\/2025\/10\/Home-description-Egypte-1-187x300.jpg 187w\" sizes=\"auto, (max-width: 283px) 100vw, 283px\" \/><\/a>[\/vc_column_text][\/vc_column][vc_column width=&#8221;1\/3&#8243;][vc_column_text css=&#8221;&#8221;]<\/p>\n<h5 style=\"text-align: center;\"><span style=\"color: #61616c;\">&#8220;DESCRIPTION DE L&#8217;\u00c9GYPTE II&#8221;:<\/span><\/h5>\n<p><a href=\"https:\/\/www.emeryetcie.com\/en\/catalog\/wallpapers\/digital-prints\/description-de-legypte-2\/\"><img loading=\"lazy\" decoding=\"async\" class=\"alignnone size-full wp-image-69298 aligncenter\" src=\"https:\/\/www.emeryetcie.com\/wp-content\/uploads\/2025\/10\/Home-description-Egypte-2.jpg\" alt=\"\" width=\"283\" height=\"454\" srcset=\"https:\/\/www.emeryetcie.com\/wp-content\/uploads\/2025\/10\/Home-description-Egypte-2.jpg 283w, https:\/\/www.emeryetcie.com\/wp-content\/uploads\/2025\/10\/Home-description-Egypte-2-187x300.jpg 187w\" sizes=\"auto, (max-width: 283px) 100vw, 283px\" \/><\/a>[\/vc_column_text][\/vc_column][vc_column width=&#8221;1\/3&#8243;][vc_column_text css=&#8221;&#8221;]<\/p>\n<h5 style=\"text-align: center;\"><span style=\"color: #61616c;\">&#8220;RUE DES DEUX S\u0152URS&#8221;:<\/span><\/h5>\n<p><a href=\"https:\/\/www.emeryetcie.com\/en\/?page_id=52711\"><img loading=\"lazy\" decoding=\"async\" class=\"alignnone size-full wp-image-69296 aligncenter\" src=\"https:\/\/www.emeryetcie.com\/wp-content\/uploads\/2025\/10\/Home-rue-des-2-Soeurs.jpg\" alt=\"\" width=\"283\" height=\"454\" srcset=\"https:\/\/www.emeryetcie.com\/wp-content\/uploads\/2025\/10\/Home-rue-des-2-Soeurs.jpg 283w, https:\/\/www.emeryetcie.com\/wp-content\/uploads\/2025\/10\/Home-rue-des-2-Soeurs-187x300.jpg 187w\" sizes=\"auto, (max-width: 283px) 100vw, 283px\" \/><\/a>[\/vc_column_text][\/vc_column][\/vc_row][vc_row][vc_column width=&#8221;1\/3&#8243;][vc_column_text css=&#8221;&#8221;]<\/p>\n<h5 style=\"text-align: center;\"><span style=\"color: #61616c;\">&#8220;OISEAUX BLEUS&#8221;:<\/span><\/h5>\n<p><a href=\"https:\/\/www.emeryetcie.com\/en\/?page_id=56516\"><img loading=\"lazy\" decoding=\"async\" class=\"wp-image-69294 aligncenter\" src=\"https:\/\/www.emeryetcie.com\/wp-content\/uploads\/2025\/10\/HomeOiseau-bleu.jpg\" alt=\"\" width=\"306\" height=\"453\" srcset=\"https:\/\/www.emeryetcie.com\/wp-content\/uploads\/2025\/10\/HomeOiseau-bleu.jpg 357w, https:\/\/www.emeryetcie.com\/wp-content\/uploads\/2025\/10\/HomeOiseau-bleu-202x300.jpg 202w\" sizes=\"auto, (max-width: 306px) 100vw, 306px\" \/><\/a>[\/vc_column_text][\/vc_column][vc_column width=&#8221;1\/3&#8243;][vc_column_text css=&#8221;&#8221;]<\/p>\n<h5 style=\"text-align: center;\"><span style=\"color: #61616c;\">&#8220;CALLE MANTELLATTA VENEZZIA&#8221;:<\/span><\/h5>\n<p><a href=\"https:\/\/www.emeryetcie.com\/en\/catalog\/wallpapers\/digital-prints\/calle-mantelatta-venezia\/\"><img loading=\"lazy\" decoding=\"async\" class=\"alignnone size-full wp-image-69292 aligncenter\" src=\"https:\/\/www.emeryetcie.com\/wp-content\/uploads\/2025\/10\/Home-calle-mantelatta-Venezia.jpg\" alt=\"\" width=\"283\" height=\"454\" srcset=\"https:\/\/www.emeryetcie.com\/wp-content\/uploads\/2025\/10\/Home-calle-mantelatta-Venezia.jpg 283w, https:\/\/www.emeryetcie.com\/wp-content\/uploads\/2025\/10\/Home-calle-mantelatta-Venezia-187x300.jpg 187w\" sizes=\"auto, (max-width: 283px) 100vw, 283px\" \/><\/a>[\/vc_column_text][\/vc_column][vc_column width=&#8221;1\/3&#8243;][vc_column_text css=&#8221;&#8221;]<\/p>\n<h5 style=\"text-align: center;\"><span style=\"color: #61616c;\">&#8220;ORPH\u00c9E&#8221;:<\/span><\/h5>\n<p><a href=\"https:\/\/www.emeryetcie.com\/en\/?page_id=56515\"><img loading=\"lazy\" decoding=\"async\" class=\"alignnone size-full wp-image-69290 aligncenter\" src=\"https:\/\/www.emeryetcie.com\/wp-content\/uploads\/2025\/10\/Home-ORPHEE.jpg\" alt=\"\" width=\"283\" height=\"454\" srcset=\"https:\/\/www.emeryetcie.com\/wp-content\/uploads\/2025\/10\/Home-ORPHEE.jpg 283w, https:\/\/www.emeryetcie.com\/wp-content\/uploads\/2025\/10\/Home-ORPHEE-187x300.jpg 187w\" sizes=\"auto, (max-width: 283px) 100vw, 283px\" \/><\/a>[\/vc_column_text][\/vc_column][\/vc_row]<\/p>\n<\/div>","protected":false},"excerpt":{"rendered":"<p>[vc_row][vc_column][vc_column_text css=&#8221;&#8221;] In the 1990s, I was teaching at an architecture school and, at the same time, I created, in<\/p>\n","protected":false},"author":1,"featured_media":40683,"parent":39797,"menu_order":1,"comment_status":"closed","ping_status":"closed","template":"","meta":{"_acf_changed":false,"_exactmetrics_skip_tracking":false,"_exactmetrics_sitenote_active":false,"_exactmetrics_sitenote_note":"","_exactmetrics_sitenote_category":0,"footnotes":""},"class_list":["post-40886","page","type-page","status-publish","has-post-thumbnail","hentry"],"acf":[],"yoast_head":"<!-- This site is optimized with the Yoast SEO plugin v27.5 - https:\/\/yoast.com\/product\/yoast-seo-wordpress\/ -->\n<title>Papiers peints num\u00e9riques | Dessins originaux de la cr\u00e9atrice Agn\u00e8s Emery | EMERY&amp;Cie<\/title>\n<meta name=\"description\" content=\"Impression digitale sur mesure de papiers peints \u00e0 partir de dessins originaux r\u00e9alis\u00e9s dans les ann\u00e9es 90 par l&#039;architecte bruxelloise Agn\u00e8s Emery. Haute qualit\u00e9 technique.\" \/>\n<meta name=\"robots\" content=\"index, follow, max-snippet:-1, max-image-preview:large, max-video-preview:-1\" \/>\n<link rel=\"canonical\" href=\"https:\/\/www.emeryetcie.com\/en\/catalog\/wallpapers\/digital-prints\/\" \/>\n<meta property=\"og:locale\" content=\"en_US\" \/>\n<meta property=\"og:type\" content=\"article\" \/>\n<meta property=\"og:title\" content=\"Papiers peints num\u00e9riques | Dessins originaux de la cr\u00e9atrice Agn\u00e8s Emery | EMERY&amp;Cie\" \/>\n<meta property=\"og:description\" content=\"Impression digitale sur mesure de papiers peints \u00e0 partir de dessins originaux r\u00e9alis\u00e9s dans les ann\u00e9es 90 par l&#039;architecte bruxelloise Agn\u00e8s Emery. Haute qualit\u00e9 technique.\" \/>\n<meta property=\"og:url\" content=\"https:\/\/www.emeryetcie.com\/en\/catalog\/wallpapers\/digital-prints\/\" \/>\n<meta property=\"og:site_name\" content=\"Emery &amp; Cie\" \/>\n<meta property=\"article:modified_time\" content=\"2025-10-13T08:19:29+00:00\" \/>\n<meta property=\"og:image\" content=\"https:\/\/www.emeryetcie.com\/wp-content\/uploads\/2018\/06\/Home-PP-4bis.jpg\" \/>\n\t<meta property=\"og:image:width\" content=\"283\" \/>\n\t<meta property=\"og:image:height\" content=\"454\" \/>\n\t<meta property=\"og:image:type\" content=\"image\/jpeg\" \/>\n<meta name=\"twitter:card\" content=\"summary_large_image\" \/>\n<meta name=\"twitter:label1\" content=\"Est. reading time\" \/>\n\t<meta name=\"twitter:data1\" content=\"4 minutes\" \/>\n<script type=\"application\/ld+json\" class=\"yoast-schema-graph\">{\"@context\":\"https:\\\/\\\/schema.org\",\"@graph\":[{\"@type\":\"WebPage\",\"@id\":\"https:\\\/\\\/www.emeryetcie.com\\\/en\\\/catalog\\\/wallpapers\\\/digital-prints\\\/\",\"url\":\"https:\\\/\\\/www.emeryetcie.com\\\/en\\\/catalog\\\/wallpapers\\\/digital-prints\\\/\",\"name\":\"Papiers peints num\u00e9riques | Dessins originaux de la cr\u00e9atrice Agn\u00e8s Emery | EMERY&Cie\",\"isPartOf\":{\"@id\":\"https:\\\/\\\/www.emeryetcie.com\\\/en\\\/#website\"},\"primaryImageOfPage\":{\"@id\":\"https:\\\/\\\/www.emeryetcie.com\\\/en\\\/catalog\\\/wallpapers\\\/digital-prints\\\/#primaryimage\"},\"image\":{\"@id\":\"https:\\\/\\\/www.emeryetcie.com\\\/en\\\/catalog\\\/wallpapers\\\/digital-prints\\\/#primaryimage\"},\"thumbnailUrl\":\"https:\\\/\\\/www.emeryetcie.com\\\/wp-content\\\/uploads\\\/2018\\\/06\\\/Home-PP-4bis.jpg\",\"datePublished\":\"2018-06-11T08:52:53+00:00\",\"dateModified\":\"2025-10-13T08:19:29+00:00\",\"description\":\"Impression digitale sur mesure de papiers peints \u00e0 partir de dessins originaux r\u00e9alis\u00e9s dans les ann\u00e9es 90 par l'architecte bruxelloise Agn\u00e8s Emery. Haute qualit\u00e9 technique.\",\"breadcrumb\":{\"@id\":\"https:\\\/\\\/www.emeryetcie.com\\\/en\\\/catalog\\\/wallpapers\\\/digital-prints\\\/#breadcrumb\"},\"inLanguage\":\"en-US\",\"potentialAction\":[{\"@type\":\"ReadAction\",\"target\":[\"https:\\\/\\\/www.emeryetcie.com\\\/en\\\/catalog\\\/wallpapers\\\/digital-prints\\\/\"]}]},{\"@type\":\"ImageObject\",\"inLanguage\":\"en-US\",\"@id\":\"https:\\\/\\\/www.emeryetcie.com\\\/en\\\/catalog\\\/wallpapers\\\/digital-prints\\\/#primaryimage\",\"url\":\"https:\\\/\\\/www.emeryetcie.com\\\/wp-content\\\/uploads\\\/2018\\\/06\\\/Home-PP-4bis.jpg\",\"contentUrl\":\"https:\\\/\\\/www.emeryetcie.com\\\/wp-content\\\/uploads\\\/2018\\\/06\\\/Home-PP-4bis.jpg\",\"width\":283,\"height\":454,\"caption\":\"Nos papiers peints originaux | EMERY&Cie\"},{\"@type\":\"BreadcrumbList\",\"@id\":\"https:\\\/\\\/www.emeryetcie.com\\\/en\\\/catalog\\\/wallpapers\\\/digital-prints\\\/#breadcrumb\",\"itemListElement\":[{\"@type\":\"ListItem\",\"position\":1,\"name\":\"Home\",\"item\":\"https:\\\/\\\/www.emeryetcie.com\\\/en\\\/\"},{\"@type\":\"ListItem\",\"position\":2,\"name\":\"Catalogue\",\"item\":\"https:\\\/\\\/www.emeryetcie.com\\\/en\\\/catalog\\\/\"},{\"@type\":\"ListItem\",\"position\":3,\"name\":\"Wallpapers\",\"item\":\"https:\\\/\\\/www.emeryetcie.com\\\/en\\\/catalog\\\/wallpapers\\\/\"},{\"@type\":\"ListItem\",\"position\":4,\"name\":\"Digital prints\"}]},{\"@type\":\"WebSite\",\"@id\":\"https:\\\/\\\/www.emeryetcie.com\\\/en\\\/#website\",\"url\":\"https:\\\/\\\/www.emeryetcie.com\\\/en\\\/\",\"name\":\"Emery & Cie\",\"description\":\"Articles de Maison artisanaux\",\"potentialAction\":[{\"@type\":\"SearchAction\",\"target\":{\"@type\":\"EntryPoint\",\"urlTemplate\":\"https:\\\/\\\/www.emeryetcie.com\\\/en\\\/?s={search_term_string}\"},\"query-input\":{\"@type\":\"PropertyValueSpecification\",\"valueRequired\":true,\"valueName\":\"search_term_string\"}}],\"inLanguage\":\"en-US\"}]}<\/script>\n<!-- \/ Yoast SEO plugin. -->","yoast_head_json":{"title":"Papiers peints num\u00e9riques | Dessins originaux de la cr\u00e9atrice Agn\u00e8s Emery | EMERY&Cie","description":"Impression digitale sur mesure de papiers peints \u00e0 partir de dessins originaux r\u00e9alis\u00e9s dans les ann\u00e9es 90 par l'architecte bruxelloise Agn\u00e8s Emery. Haute qualit\u00e9 technique.","robots":{"index":"index","follow":"follow","max-snippet":"max-snippet:-1","max-image-preview":"max-image-preview:large","max-video-preview":"max-video-preview:-1"},"canonical":"https:\/\/www.emeryetcie.com\/en\/catalog\/wallpapers\/digital-prints\/","og_locale":"en_US","og_type":"article","og_title":"Papiers peints num\u00e9riques | Dessins originaux de la cr\u00e9atrice Agn\u00e8s Emery | EMERY&Cie","og_description":"Impression digitale sur mesure de papiers peints \u00e0 partir de dessins originaux r\u00e9alis\u00e9s dans les ann\u00e9es 90 par l'architecte bruxelloise Agn\u00e8s Emery. Haute qualit\u00e9 technique.","og_url":"https:\/\/www.emeryetcie.com\/en\/catalog\/wallpapers\/digital-prints\/","og_site_name":"Emery & Cie","article_modified_time":"2025-10-13T08:19:29+00:00","og_image":[{"width":283,"height":454,"url":"https:\/\/www.emeryetcie.com\/wp-content\/uploads\/2018\/06\/Home-PP-4bis.jpg","type":"image\/jpeg"}],"twitter_card":"summary_large_image","twitter_misc":{"Est. reading time":"4 minutes"},"schema":{"@context":"https:\/\/schema.org","@graph":[{"@type":"WebPage","@id":"https:\/\/www.emeryetcie.com\/en\/catalog\/wallpapers\/digital-prints\/","url":"https:\/\/www.emeryetcie.com\/en\/catalog\/wallpapers\/digital-prints\/","name":"Papiers peints num\u00e9riques | Dessins originaux de la cr\u00e9atrice Agn\u00e8s Emery | EMERY&Cie","isPartOf":{"@id":"https:\/\/www.emeryetcie.com\/en\/#website"},"primaryImageOfPage":{"@id":"https:\/\/www.emeryetcie.com\/en\/catalog\/wallpapers\/digital-prints\/#primaryimage"},"image":{"@id":"https:\/\/www.emeryetcie.com\/en\/catalog\/wallpapers\/digital-prints\/#primaryimage"},"thumbnailUrl":"https:\/\/www.emeryetcie.com\/wp-content\/uploads\/2018\/06\/Home-PP-4bis.jpg","datePublished":"2018-06-11T08:52:53+00:00","dateModified":"2025-10-13T08:19:29+00:00","description":"Impression digitale sur mesure de papiers peints \u00e0 partir de dessins originaux r\u00e9alis\u00e9s dans les ann\u00e9es 90 par l'architecte bruxelloise Agn\u00e8s Emery. Haute qualit\u00e9 technique.","breadcrumb":{"@id":"https:\/\/www.emeryetcie.com\/en\/catalog\/wallpapers\/digital-prints\/#breadcrumb"},"inLanguage":"en-US","potentialAction":[{"@type":"ReadAction","target":["https:\/\/www.emeryetcie.com\/en\/catalog\/wallpapers\/digital-prints\/"]}]},{"@type":"ImageObject","inLanguage":"en-US","@id":"https:\/\/www.emeryetcie.com\/en\/catalog\/wallpapers\/digital-prints\/#primaryimage","url":"https:\/\/www.emeryetcie.com\/wp-content\/uploads\/2018\/06\/Home-PP-4bis.jpg","contentUrl":"https:\/\/www.emeryetcie.com\/wp-content\/uploads\/2018\/06\/Home-PP-4bis.jpg","width":283,"height":454,"caption":"Nos papiers peints originaux | EMERY&Cie"},{"@type":"BreadcrumbList","@id":"https:\/\/www.emeryetcie.com\/en\/catalog\/wallpapers\/digital-prints\/#breadcrumb","itemListElement":[{"@type":"ListItem","position":1,"name":"Home","item":"https:\/\/www.emeryetcie.com\/en\/"},{"@type":"ListItem","position":2,"name":"Catalogue","item":"https:\/\/www.emeryetcie.com\/en\/catalog\/"},{"@type":"ListItem","position":3,"name":"Wallpapers","item":"https:\/\/www.emeryetcie.com\/en\/catalog\/wallpapers\/"},{"@type":"ListItem","position":4,"name":"Digital prints"}]},{"@type":"WebSite","@id":"https:\/\/www.emeryetcie.com\/en\/#website","url":"https:\/\/www.emeryetcie.com\/en\/","name":"Emery & Cie","description":"Articles de Maison artisanaux","potentialAction":[{"@type":"SearchAction","target":{"@type":"EntryPoint","urlTemplate":"https:\/\/www.emeryetcie.com\/en\/?s={search_term_string}"},"query-input":{"@type":"PropertyValueSpecification","valueRequired":true,"valueName":"search_term_string"}}],"inLanguage":"en-US"}]}},"_links":{"self":[{"href":"https:\/\/www.emeryetcie.com\/en\/wp-json\/wp\/v2\/pages\/40886","targetHints":{"allow":["GET"]}}],"collection":[{"href":"https:\/\/www.emeryetcie.com\/en\/wp-json\/wp\/v2\/pages"}],"about":[{"href":"https:\/\/www.emeryetcie.com\/en\/wp-json\/wp\/v2\/types\/page"}],"author":[{"embeddable":true,"href":"https:\/\/www.emeryetcie.com\/en\/wp-json\/wp\/v2\/users\/1"}],"replies":[{"embeddable":true,"href":"https:\/\/www.emeryetcie.com\/en\/wp-json\/wp\/v2\/comments?post=40886"}],"version-history":[{"count":21,"href":"https:\/\/www.emeryetcie.com\/en\/wp-json\/wp\/v2\/pages\/40886\/revisions"}],"predecessor-version":[{"id":69826,"href":"https:\/\/www.emeryetcie.com\/en\/wp-json\/wp\/v2\/pages\/40886\/revisions\/69826"}],"up":[{"embeddable":true,"href":"https:\/\/www.emeryetcie.com\/en\/wp-json\/wp\/v2\/pages\/39797"}],"wp:featuredmedia":[{"embeddable":true,"href":"https:\/\/www.emeryetcie.com\/en\/wp-json\/wp\/v2\/media\/40683"}],"wp:attachment":[{"href":"https:\/\/www.emeryetcie.com\/en\/wp-json\/wp\/v2\/media?parent=40886"}],"curies":[{"name":"wp","href":"https:\/\/api.w.org\/{rel}","templated":true}]}}