{"id":67680,"date":"2025-10-03T12:03:49","date_gmt":"2025-10-03T10:03:49","guid":{"rendered":"https:\/\/www.emeryetcie.com\/catalog\/tiles\/ciment\/"},"modified":"2026-01-28T13:07:58","modified_gmt":"2026-01-28T12:07:58","slug":"cement-tiles","status":"publish","type":"page","link":"https:\/\/www.emeryetcie.com\/en\/catalog\/tiles\/cement-tiles\/","title":{"rendered":"Cement tiles"},"content":{"rendered":"<div class=\"wpb-content-wrapper\"><p>[vc_row][vc_column][vc_column_text css=&#8221;&#8221;]<\/p>\n<p style=\"text-align: center;\">Cement tiles of all kinds, from all sources, and at all prices abound on the market.<br \/>\nIt has therefore become important to define what makes the tiles we offer so special.<\/p>\n<p style=\"text-align: center;\">The most obvious are a large number of <span class=\"prix\">exclusive patterns<\/span> created by Agn\u00e8s Emery and a few by Nathalie L\u00e9t\u00e9.<br \/>\nThey can be combined, or not, with more conventional patterns to create highly personal compositions.<br \/>\nOur experts in layout and colour combinations can help you with this.<\/p>\n<p style=\"text-align: center;\">Another, less obvious characteristic is the desire to preserve the <span class=\"prix\">artisanal character<\/span> of the production.<br \/>\nNothing is too smooth, too perfect, in the execution.<br \/>\nColours where the powdery character of the cement is still visible&#8230; as if created with pastels.<br \/>\n<span class=\"prix\">Imperfections<\/span> that &#8220;progress&#8221; has tried to erase to the point of rendering the creations bland.<\/p>\n<p>[\/vc_column_text][\/vc_column][\/vc_row][vc_row][vc_column width=&#8221;1\/3&#8243;][vc_column_text css=&#8221;&#8221;]<\/p>\n<h5 style=\"text-align: center;\"><span style=\"color: #61616c;\">GENERALITIES:<\/span><\/h5>\n<p><a href=\"https:\/\/www.emeryetcie.com\/en\/catalog\/tiles\/cement-tiles\/generalities\/\"><img loading=\"lazy\" decoding=\"async\" class=\"alignnone size-full wp-image-32583 aligncenter\" src=\"https:\/\/www.emeryetcie.com\/wp-content\/uploads\/2017\/07\/Home-Ciments-1.jpg\" alt=\"G\u00e9n\u00e9ralit\u00e9s - carreaux en ciment design | EMERY&amp;Cie\" width=\"284\" height=\"283\" srcset=\"https:\/\/www.emeryetcie.com\/wp-content\/uploads\/2017\/07\/Home-Ciments-1.jpg 284w, https:\/\/www.emeryetcie.com\/wp-content\/uploads\/2017\/07\/Home-Ciments-1-150x150.jpg 150w, https:\/\/www.emeryetcie.com\/wp-content\/uploads\/2017\/07\/Home-Ciments-1-60x60.jpg 60w, https:\/\/www.emeryetcie.com\/wp-content\/uploads\/2017\/07\/Home-Ciments-1-280x280.jpg 280w, https:\/\/www.emeryetcie.com\/wp-content\/uploads\/2017\/07\/Home-Ciments-1-45x45.jpg 45w\" sizes=\"auto, (max-width: 284px) 100vw, 284px\" \/><\/a>[\/vc_column_text][\/vc_column][vc_column width=&#8221;1\/3&#8243;][vc_column_text css=&#8221;&#8221;]<\/p>\n<h5 style=\"text-align: center;\"><span style=\"color: #61616c;\">SIZES and SHAPES:<\/span><\/h5>\n<p><a href=\"https:\/\/www.emeryetcie.com\/en\/catalog\/tiles\/cement-tiles\/sizes-and-shapes\/\"><img loading=\"lazy\" decoding=\"async\" class=\"alignnone size-full wp-image-32585 aligncenter\" src=\"https:\/\/www.emeryetcie.com\/wp-content\/uploads\/2017\/07\/Home-Ciments-2.jpg\" alt=\"Carreaux en ciment taille et forme | EMERY&amp;Cie\" width=\"284\" height=\"283\" srcset=\"https:\/\/www.emeryetcie.com\/wp-content\/uploads\/2017\/07\/Home-Ciments-2.jpg 284w, https:\/\/www.emeryetcie.com\/wp-content\/uploads\/2017\/07\/Home-Ciments-2-150x150.jpg 150w, https:\/\/www.emeryetcie.com\/wp-content\/uploads\/2017\/07\/Home-Ciments-2-60x60.jpg 60w, https:\/\/www.emeryetcie.com\/wp-content\/uploads\/2017\/07\/Home-Ciments-2-280x280.jpg 280w, https:\/\/www.emeryetcie.com\/wp-content\/uploads\/2017\/07\/Home-Ciments-2-45x45.jpg 45w\" sizes=\"auto, (max-width: 284px) 100vw, 284px\" \/><\/a>[\/vc_column_text][\/vc_column][vc_column width=&#8221;1\/3&#8243;][vc_column_text css=&#8221;&#8221;]<\/p>\n<h5 style=\"text-align: center;\"><span style=\"color: #61616c;\">PATTERNS:<\/span><\/h5>\n<p><a href=\"https:\/\/www.emeryetcie.com\/en\/catalog\/tiles\/cement-tiles\/patterns\/\"><img loading=\"lazy\" decoding=\"async\" class=\"alignnone size-full wp-image-32587 aligncenter\" src=\"https:\/\/www.emeryetcie.com\/wp-content\/uploads\/2017\/07\/Home-Ciments-3.jpg\" alt=\"Carreaux de ciment design \u00e0 motifs | EMERY&amp;Cie\" width=\"284\" height=\"283\" srcset=\"https:\/\/www.emeryetcie.com\/wp-content\/uploads\/2017\/07\/Home-Ciments-3.jpg 284w, https:\/\/www.emeryetcie.com\/wp-content\/uploads\/2017\/07\/Home-Ciments-3-150x150.jpg 150w, https:\/\/www.emeryetcie.com\/wp-content\/uploads\/2017\/07\/Home-Ciments-3-60x60.jpg 60w, https:\/\/www.emeryetcie.com\/wp-content\/uploads\/2017\/07\/Home-Ciments-3-280x280.jpg 280w, https:\/\/www.emeryetcie.com\/wp-content\/uploads\/2017\/07\/Home-Ciments-3-45x45.jpg 45w\" sizes=\"auto, (max-width: 284px) 100vw, 284px\" \/><\/a>[\/vc_column_text][\/vc_column][\/vc_row][vc_row][vc_column width=&#8221;1\/3&#8243;][vc_column_text css=&#8221;&#8221;]<\/p>\n<h5 style=\"text-align: center;\"><span style=\"color: #61616c;\">COLOURS:<\/span><\/h5>\n<p><a href=\"https:\/\/www.emeryetcie.com\/en\/catalog\/tiles\/cement-tiles\/colours\/\"><img loading=\"lazy\" decoding=\"async\" class=\"alignnone size-full wp-image-32571 aligncenter\" src=\"https:\/\/www.emeryetcie.com\/wp-content\/uploads\/2017\/07\/Home-Ciments-4.jpg\" alt=\"Couleurs des carreaux de ciment design | EMERY&amp;Cie\" width=\"284\" height=\"283\" srcset=\"https:\/\/www.emeryetcie.com\/wp-content\/uploads\/2017\/07\/Home-Ciments-4.jpg 284w, https:\/\/www.emeryetcie.com\/wp-content\/uploads\/2017\/07\/Home-Ciments-4-150x150.jpg 150w, https:\/\/www.emeryetcie.com\/wp-content\/uploads\/2017\/07\/Home-Ciments-4-60x60.jpg 60w, https:\/\/www.emeryetcie.com\/wp-content\/uploads\/2017\/07\/Home-Ciments-4-280x280.jpg 280w, https:\/\/www.emeryetcie.com\/wp-content\/uploads\/2017\/07\/Home-Ciments-4-45x45.jpg 45w\" sizes=\"auto, (max-width: 284px) 100vw, 284px\" \/><\/a>[\/vc_column_text][\/vc_column][vc_column width=&#8221;1\/3&#8243;][vc_column_text css=&#8221;&#8221;]<\/p>\n<h5 style=\"text-align: center;\"><span style=\"color: #61616c;\">INSPIRATION:<\/span><\/h5>\n<p><a href=\"https:\/\/www.emeryetcie.com\/en\/catalog\/tiles\/cent-tiles\/inspirations\/\"><img loading=\"lazy\" decoding=\"async\" class=\"alignnone size-full wp-image-32573 aligncenter\" src=\"https:\/\/www.emeryetcie.com\/wp-content\/uploads\/2017\/07\/Home-Ciments-5.jpg\" alt=\"Carreaux de ciment sur-mesure inspirations | EMERY&amp;Cie\" width=\"284\" height=\"283\" srcset=\"https:\/\/www.emeryetcie.com\/wp-content\/uploads\/2017\/07\/Home-Ciments-5.jpg 284w, https:\/\/www.emeryetcie.com\/wp-content\/uploads\/2017\/07\/Home-Ciments-5-150x150.jpg 150w, https:\/\/www.emeryetcie.com\/wp-content\/uploads\/2017\/07\/Home-Ciments-5-60x60.jpg 60w, https:\/\/www.emeryetcie.com\/wp-content\/uploads\/2017\/07\/Home-Ciments-5-280x280.jpg 280w, https:\/\/www.emeryetcie.com\/wp-content\/uploads\/2017\/07\/Home-Ciments-5-45x45.jpg 45w\" sizes=\"auto, (max-width: 284px) 100vw, 284px\" \/><\/a>[\/vc_column_text][\/vc_column][vc_column width=&#8221;1\/3&#8243;][vc_column_text css=&#8221;&#8221;]<\/p>\n<h5 style=\"text-align: center;\"><span style=\"color: #61616c;\">PRICES :<\/span><\/h5>\n<p><a href=\"https:\/\/www.emeryetcie.com\/en\/catalog\/tiles\/cement-tiles\/prices\/\"><img loading=\"lazy\" decoding=\"async\" class=\"aligncenter wp-image-73413\" src=\"https:\/\/www.emeryetcie.com\/wp-content\/uploads\/2026\/01\/Home-Ciments-6-EN.jpg\" alt=\"\" width=\"284\" height=\"283\" srcset=\"https:\/\/www.emeryetcie.com\/wp-content\/uploads\/2026\/01\/Home-Ciments-6-EN.jpg 789w, https:\/\/www.emeryetcie.com\/wp-content\/uploads\/2026\/01\/Home-Ciments-6-EN-300x300.jpg 300w, https:\/\/www.emeryetcie.com\/wp-content\/uploads\/2026\/01\/Home-Ciments-6-EN-150x150.jpg 150w, https:\/\/www.emeryetcie.com\/wp-content\/uploads\/2026\/01\/Home-Ciments-6-EN-768x765.jpg 768w, https:\/\/www.emeryetcie.com\/wp-content\/uploads\/2026\/01\/Home-Ciments-6-EN-60x60.jpg 60w, https:\/\/www.emeryetcie.com\/wp-content\/uploads\/2026\/01\/Home-Ciments-6-EN-45x45.jpg 45w\" sizes=\"auto, (max-width: 284px) 100vw, 284px\" \/><\/a>[\/vc_column_text][\/vc_column][\/vc_row][vc_row][vc_column width=&#8221;1\/3&#8243;][vc_column_text css=&#8221;&#8221;]<\/p>\n<h5 style=\"text-align: center;\"><span style=\"color: #61616c;\">QUESTIONS \/ ANSWERS :<\/span><\/h5>\n<p><a href=\"https:\/\/www.emeryetcie.com\/en\/catalog\/tiles\/cement-tiles\/questions-answers\/\"><img loading=\"lazy\" decoding=\"async\" class=\"alignnone size-full wp-image-32581 aligncenter\" src=\"https:\/\/www.emeryetcie.com\/wp-content\/uploads\/2017\/07\/Home-Ciments-9.jpg\" alt=\"FAQ carreaux de ciment | EMERY&amp;Cie\" width=\"284\" height=\"283\" srcset=\"https:\/\/www.emeryetcie.com\/wp-content\/uploads\/2017\/07\/Home-Ciments-9.jpg 284w, https:\/\/www.emeryetcie.com\/wp-content\/uploads\/2017\/07\/Home-Ciments-9-150x150.jpg 150w, https:\/\/www.emeryetcie.com\/wp-content\/uploads\/2017\/07\/Home-Ciments-9-60x60.jpg 60w, https:\/\/www.emeryetcie.com\/wp-content\/uploads\/2017\/07\/Home-Ciments-9-280x280.jpg 280w, https:\/\/www.emeryetcie.com\/wp-content\/uploads\/2017\/07\/Home-Ciments-9-45x45.jpg 45w\" sizes=\"auto, (max-width: 284px) 100vw, 284px\" \/><\/a>[\/vc_column_text][\/vc_column][vc_column width=&#8221;1\/3&#8243;][vc_column_text css=&#8221;&#8221;]<\/p>\n<h5 style=\"text-align: center;\"><\/h5>\n<p>[\/vc_column_text][\/vc_column][vc_column width=&#8221;1\/3&#8243;][vc_column_text css=&#8221;&#8221;]<\/p>\n<h5 style=\"text-align: center;\"><span style=\"color: #61616c;\">LAYING and MAINTENANCE:<\/span><\/h5>\n<p><a href=\"https:\/\/www.emeryetcie.com\/en\/catalog\/tiles\/cement-tiles\/laying-and-maintenance\/\"><img loading=\"lazy\" decoding=\"async\" class=\"alignnone size-full wp-image-32577 aligncenter\" src=\"https:\/\/www.emeryetcie.com\/wp-content\/uploads\/2017\/07\/Home-Ciments-7.jpg\" alt=\"Pose et entretien des carreaux de ciment sur-mesure | EMERY&amp;Cie\" width=\"284\" height=\"283\" srcset=\"https:\/\/www.emeryetcie.com\/wp-content\/uploads\/2017\/07\/Home-Ciments-7.jpg 284w, https:\/\/www.emeryetcie.com\/wp-content\/uploads\/2017\/07\/Home-Ciments-7-150x150.jpg 150w, https:\/\/www.emeryetcie.com\/wp-content\/uploads\/2017\/07\/Home-Ciments-7-60x60.jpg 60w, https:\/\/www.emeryetcie.com\/wp-content\/uploads\/2017\/07\/Home-Ciments-7-280x280.jpg 280w, https:\/\/www.emeryetcie.com\/wp-content\/uploads\/2017\/07\/Home-Ciments-7-45x45.jpg 45w\" sizes=\"auto, (max-width: 284px) 100vw, 284px\" \/><\/a>[\/vc_column_text][\/vc_column][\/vc_row]<\/p>\n<\/div>","protected":false},"excerpt":{"rendered":"<p>[vc_row][vc_column][vc_column_text css=&#8221;&#8221;] Cement tiles of all kinds, from all sources, and at all prices abound on the market. It has<\/p>\n","protected":false},"author":5,"featured_media":67564,"parent":39554,"menu_order":2,"comment_status":"closed","ping_status":"closed","template":"","meta":{"_acf_changed":false,"_exactmetrics_skip_tracking":false,"_exactmetrics_sitenote_active":false,"_exactmetrics_sitenote_note":"","_exactmetrics_sitenote_category":0,"footnotes":""},"class_list":["post-67680","page","type-page","status-publish","has-post-thumbnail","hentry"],"acf":[],"yoast_head":"<!-- This site is optimized with the Yoast SEO plugin v27.3 - https:\/\/yoast.com\/product\/yoast-seo-wordpress\/ -->\n<title>Cement tiles - Emery &amp; Cie<\/title>\n<meta name=\"robots\" content=\"index, follow, max-snippet:-1, max-image-preview:large, max-video-preview:-1\" \/>\n<link rel=\"canonical\" href=\"https:\/\/www.emeryetcie.com\/en\/catalog\/tiles\/cement-tiles\/\" \/>\n<meta property=\"og:locale\" content=\"en_US\" \/>\n<meta property=\"og:type\" content=\"article\" \/>\n<meta property=\"og:title\" content=\"Cement tiles - Emery &amp; Cie\" \/>\n<meta property=\"og:description\" content=\"[vc_row][vc_column][vc_column_text css=&#8221;&#8221;] Cement tiles of all kinds, from all sources, and at all prices abound on the market. It has\" \/>\n<meta property=\"og:url\" content=\"https:\/\/www.emeryetcie.com\/en\/catalog\/tiles\/cement-tiles\/\" \/>\n<meta property=\"og:site_name\" content=\"Emery &amp; Cie\" \/>\n<meta property=\"article:modified_time\" content=\"2026-01-28T12:07:58+00:00\" \/>\n<meta property=\"og:image\" content=\"https:\/\/www.emeryetcie.com\/wp-content\/uploads\/2025\/10\/Homes-Ciments.jpg\" \/>\n\t<meta property=\"og:image:width\" content=\"175\" \/>\n\t<meta property=\"og:image:height\" content=\"348\" \/>\n\t<meta property=\"og:image:type\" content=\"image\/jpeg\" \/>\n<meta name=\"twitter:card\" content=\"summary_large_image\" \/>\n<meta name=\"twitter:label1\" content=\"Est. reading time\" \/>\n\t<meta name=\"twitter:data1\" content=\"3 minutes\" \/>\n<script type=\"application\/ld+json\" class=\"yoast-schema-graph\">{\"@context\":\"https:\\\/\\\/schema.org\",\"@graph\":[{\"@type\":\"WebPage\",\"@id\":\"https:\\\/\\\/www.emeryetcie.com\\\/en\\\/catalog\\\/tiles\\\/cement-tiles\\\/\",\"url\":\"https:\\\/\\\/www.emeryetcie.com\\\/en\\\/catalog\\\/tiles\\\/cement-tiles\\\/\",\"name\":\"Cement tiles - Emery & Cie\",\"isPartOf\":{\"@id\":\"https:\\\/\\\/www.emeryetcie.com\\\/en\\\/#website\"},\"primaryImageOfPage\":{\"@id\":\"https:\\\/\\\/www.emeryetcie.com\\\/en\\\/catalog\\\/tiles\\\/cement-tiles\\\/#primaryimage\"},\"image\":{\"@id\":\"https:\\\/\\\/www.emeryetcie.com\\\/en\\\/catalog\\\/tiles\\\/cement-tiles\\\/#primaryimage\"},\"thumbnailUrl\":\"https:\\\/\\\/www.emeryetcie.com\\\/wp-content\\\/uploads\\\/2025\\\/10\\\/Homes-Ciments.jpg\",\"datePublished\":\"2025-10-03T10:03:49+00:00\",\"dateModified\":\"2026-01-28T12:07:58+00:00\",\"breadcrumb\":{\"@id\":\"https:\\\/\\\/www.emeryetcie.com\\\/en\\\/catalog\\\/tiles\\\/cement-tiles\\\/#breadcrumb\"},\"inLanguage\":\"en-US\",\"potentialAction\":[{\"@type\":\"ReadAction\",\"target\":[\"https:\\\/\\\/www.emeryetcie.com\\\/en\\\/catalog\\\/tiles\\\/cement-tiles\\\/\"]}]},{\"@type\":\"ImageObject\",\"inLanguage\":\"en-US\",\"@id\":\"https:\\\/\\\/www.emeryetcie.com\\\/en\\\/catalog\\\/tiles\\\/cement-tiles\\\/#primaryimage\",\"url\":\"https:\\\/\\\/www.emeryetcie.com\\\/wp-content\\\/uploads\\\/2025\\\/10\\\/Homes-Ciments.jpg\",\"contentUrl\":\"https:\\\/\\\/www.emeryetcie.com\\\/wp-content\\\/uploads\\\/2025\\\/10\\\/Homes-Ciments.jpg\",\"width\":175,\"height\":348},{\"@type\":\"BreadcrumbList\",\"@id\":\"https:\\\/\\\/www.emeryetcie.com\\\/en\\\/catalog\\\/tiles\\\/cement-tiles\\\/#breadcrumb\",\"itemListElement\":[{\"@type\":\"ListItem\",\"position\":1,\"name\":\"Home\",\"item\":\"https:\\\/\\\/www.emeryetcie.com\\\/en\\\/\"},{\"@type\":\"ListItem\",\"position\":2,\"name\":\"Catalogue\",\"item\":\"https:\\\/\\\/www.emeryetcie.com\\\/en\\\/catalog\\\/\"},{\"@type\":\"ListItem\",\"position\":3,\"name\":\"Tiles\",\"item\":\"https:\\\/\\\/www.emeryetcie.com\\\/en\\\/catalog\\\/tiles\\\/\"},{\"@type\":\"ListItem\",\"position\":4,\"name\":\"Cement tiles\"}]},{\"@type\":\"WebSite\",\"@id\":\"https:\\\/\\\/www.emeryetcie.com\\\/en\\\/#website\",\"url\":\"https:\\\/\\\/www.emeryetcie.com\\\/en\\\/\",\"name\":\"Emery & Cie\",\"description\":\"Articles de Maison artisanaux\",\"potentialAction\":[{\"@type\":\"SearchAction\",\"target\":{\"@type\":\"EntryPoint\",\"urlTemplate\":\"https:\\\/\\\/www.emeryetcie.com\\\/en\\\/?s={search_term_string}\"},\"query-input\":{\"@type\":\"PropertyValueSpecification\",\"valueRequired\":true,\"valueName\":\"search_term_string\"}}],\"inLanguage\":\"en-US\"}]}<\/script>\n<!-- \/ Yoast SEO plugin. -->","yoast_head_json":{"title":"Cement tiles - Emery & Cie","robots":{"index":"index","follow":"follow","max-snippet":"max-snippet:-1","max-image-preview":"max-image-preview:large","max-video-preview":"max-video-preview:-1"},"canonical":"https:\/\/www.emeryetcie.com\/en\/catalog\/tiles\/cement-tiles\/","og_locale":"en_US","og_type":"article","og_title":"Cement tiles - Emery & Cie","og_description":"[vc_row][vc_column][vc_column_text css=&#8221;&#8221;] Cement tiles of all kinds, from all sources, and at all prices abound on the market. It has","og_url":"https:\/\/www.emeryetcie.com\/en\/catalog\/tiles\/cement-tiles\/","og_site_name":"Emery & Cie","article_modified_time":"2026-01-28T12:07:58+00:00","og_image":[{"width":175,"height":348,"url":"https:\/\/www.emeryetcie.com\/wp-content\/uploads\/2025\/10\/Homes-Ciments.jpg","type":"image\/jpeg"}],"twitter_card":"summary_large_image","twitter_misc":{"Est. reading time":"3 minutes"},"schema":{"@context":"https:\/\/schema.org","@graph":[{"@type":"WebPage","@id":"https:\/\/www.emeryetcie.com\/en\/catalog\/tiles\/cement-tiles\/","url":"https:\/\/www.emeryetcie.com\/en\/catalog\/tiles\/cement-tiles\/","name":"Cement tiles - Emery & Cie","isPartOf":{"@id":"https:\/\/www.emeryetcie.com\/en\/#website"},"primaryImageOfPage":{"@id":"https:\/\/www.emeryetcie.com\/en\/catalog\/tiles\/cement-tiles\/#primaryimage"},"image":{"@id":"https:\/\/www.emeryetcie.com\/en\/catalog\/tiles\/cement-tiles\/#primaryimage"},"thumbnailUrl":"https:\/\/www.emeryetcie.com\/wp-content\/uploads\/2025\/10\/Homes-Ciments.jpg","datePublished":"2025-10-03T10:03:49+00:00","dateModified":"2026-01-28T12:07:58+00:00","breadcrumb":{"@id":"https:\/\/www.emeryetcie.com\/en\/catalog\/tiles\/cement-tiles\/#breadcrumb"},"inLanguage":"en-US","potentialAction":[{"@type":"ReadAction","target":["https:\/\/www.emeryetcie.com\/en\/catalog\/tiles\/cement-tiles\/"]}]},{"@type":"ImageObject","inLanguage":"en-US","@id":"https:\/\/www.emeryetcie.com\/en\/catalog\/tiles\/cement-tiles\/#primaryimage","url":"https:\/\/www.emeryetcie.com\/wp-content\/uploads\/2025\/10\/Homes-Ciments.jpg","contentUrl":"https:\/\/www.emeryetcie.com\/wp-content\/uploads\/2025\/10\/Homes-Ciments.jpg","width":175,"height":348},{"@type":"BreadcrumbList","@id":"https:\/\/www.emeryetcie.com\/en\/catalog\/tiles\/cement-tiles\/#breadcrumb","itemListElement":[{"@type":"ListItem","position":1,"name":"Home","item":"https:\/\/www.emeryetcie.com\/en\/"},{"@type":"ListItem","position":2,"name":"Catalogue","item":"https:\/\/www.emeryetcie.com\/en\/catalog\/"},{"@type":"ListItem","position":3,"name":"Tiles","item":"https:\/\/www.emeryetcie.com\/en\/catalog\/tiles\/"},{"@type":"ListItem","position":4,"name":"Cement tiles"}]},{"@type":"WebSite","@id":"https:\/\/www.emeryetcie.com\/en\/#website","url":"https:\/\/www.emeryetcie.com\/en\/","name":"Emery & Cie","description":"Articles de Maison artisanaux","potentialAction":[{"@type":"SearchAction","target":{"@type":"EntryPoint","urlTemplate":"https:\/\/www.emeryetcie.com\/en\/?s={search_term_string}"},"query-input":{"@type":"PropertyValueSpecification","valueRequired":true,"valueName":"search_term_string"}}],"inLanguage":"en-US"}]}},"_links":{"self":[{"href":"https:\/\/www.emeryetcie.com\/en\/wp-json\/wp\/v2\/pages\/67680","targetHints":{"allow":["GET"]}}],"collection":[{"href":"https:\/\/www.emeryetcie.com\/en\/wp-json\/wp\/v2\/pages"}],"about":[{"href":"https:\/\/www.emeryetcie.com\/en\/wp-json\/wp\/v2\/types\/page"}],"author":[{"embeddable":true,"href":"https:\/\/www.emeryetcie.com\/en\/wp-json\/wp\/v2\/users\/5"}],"replies":[{"embeddable":true,"href":"https:\/\/www.emeryetcie.com\/en\/wp-json\/wp\/v2\/comments?post=67680"}],"version-history":[{"count":18,"href":"https:\/\/www.emeryetcie.com\/en\/wp-json\/wp\/v2\/pages\/67680\/revisions"}],"predecessor-version":[{"id":73416,"href":"https:\/\/www.emeryetcie.com\/en\/wp-json\/wp\/v2\/pages\/67680\/revisions\/73416"}],"up":[{"embeddable":true,"href":"https:\/\/www.emeryetcie.com\/en\/wp-json\/wp\/v2\/pages\/39554"}],"wp:featuredmedia":[{"embeddable":true,"href":"https:\/\/www.emeryetcie.com\/en\/wp-json\/wp\/v2\/media\/67564"}],"wp:attachment":[{"href":"https:\/\/www.emeryetcie.com\/en\/wp-json\/wp\/v2\/media?parent=67680"}],"curies":[{"name":"wp","href":"https:\/\/api.w.org\/{rel}","templated":true}]}}