{"id":68742,"date":"2025-10-07T15:16:35","date_gmt":"2025-10-07T13:16:35","guid":{"rendered":"https:\/\/www.emeryetcie.com\/catalog\/tiles\/others\/"},"modified":"2025-11-03T14:50:46","modified_gmt":"2025-11-03T13:50:46","slug":"others","status":"publish","type":"page","link":"https:\/\/www.emeryetcie.com\/en\/catalog\/tiles\/others\/","title":{"rendered":"Others"},"content":{"rendered":"<div class=\"wpb-content-wrapper\"><p>[vc_row][vc_column][vc_column_text css=&#8221;&#8221;]<\/p>\n<p style=\"text-align: center;\"><span class=\"prix\">Glazed terracotta tiles are not yet available.<\/span><\/p>\n<p style=\"text-align: center;\">As with FURNITURE and LIGHTING,<br \/>\nthe manufacturing of ceramic objects must be updated based on production.<br \/>\nAnd since firing is a complex process that requires time,<br \/>\nno date has yet been announced for this revival.<\/p>\n<p>[\/vc_column_text][\/vc_column][\/vc_row][vc_row][vc_column width=&#8221;1\/4&#8243;][vc_column_text css=&#8221;&#8221;]<\/p>\n<h5 style=\"text-align: center;\"><span style=\"color: #61616c;\">&#8220;KLEURTJES&#8221;:<\/span><\/h5>\n<p><a href=\"https:\/\/www.emeryetcie.com\/en\/catalog\/tiles\/others\/kleurtjes\/\"><img loading=\"lazy\" decoding=\"async\" class=\"alignnone size-full wp-image-30858 aligncenter\" src=\"https:\/\/www.emeryetcie.com\/wp-content\/uploads\/2017\/07\/Home-Carrelages-4.jpg\" alt=\"Carreaux Kleurtjes en c\u00e9ramique | EMERY&amp;Cie\" width=\"168\" height=\"340\" srcset=\"https:\/\/www.emeryetcie.com\/wp-content\/uploads\/2017\/07\/Home-Carrelages-4.jpg 168w, https:\/\/www.emeryetcie.com\/wp-content\/uploads\/2017\/07\/Home-Carrelages-4-148x300.jpg 148w, https:\/\/www.emeryetcie.com\/wp-content\/uploads\/2017\/07\/Home-Carrelages-4-60x121.jpg 60w, https:\/\/www.emeryetcie.com\/wp-content\/uploads\/2017\/07\/Home-Carrelages-4-138x280.jpg 138w\" sizes=\"auto, (max-width: 168px) 100vw, 168px\" \/><\/a>[\/vc_column_text][\/vc_column][vc_column width=&#8221;1\/4&#8243;][vc_column_text css=&#8221;&#8221;]<\/p>\n<h5 style=\"text-align: center;\"><span style=\"color: #61616c;\">&#8220;EMPREINTES V\u00c9G\u00c9TALES&#8221;:<\/span><\/h5>\n<p><a href=\"https:\/\/www.emeryetcie.com\/en\/catalog\/tiles\/others\/empreintes-vegetales\/\"><img loading=\"lazy\" decoding=\"async\" class=\"alignnone size-full wp-image-54480 aligncenter\" src=\"https:\/\/www.emeryetcie.com\/wp-content\/uploads\/2022\/08\/Home-Carrelages-EMPREINTES.jpg\" alt=\"Carreaux en c\u00e9ramique empreintes v\u00e9g\u00e9tales | EMERY&amp;Cie\" width=\"168\" height=\"340\" srcset=\"https:\/\/www.emeryetcie.com\/wp-content\/uploads\/2022\/08\/Home-Carrelages-EMPREINTES.jpg 168w, https:\/\/www.emeryetcie.com\/wp-content\/uploads\/2022\/08\/Home-Carrelages-EMPREINTES-148x300.jpg 148w\" sizes=\"auto, (max-width: 168px) 100vw, 168px\" \/><\/a>[\/vc_column_text][\/vc_column][vc_column width=&#8221;1\/4&#8243;][vc_column_text css=&#8221;&#8221;]<\/p>\n<h5 style=\"text-align: center;\"><span style=\"color: #61616c;\">&#8220;PETITES COULEURS&#8221;:<\/span><\/h5>\n<p><a href=\"https:\/\/www.emeryetcie.com\/en\/catalog\/tiles\/others\/petites-couleurs\/\"><img loading=\"lazy\" decoding=\"async\" class=\"alignnone size-full wp-image-40222 aligncenter\" src=\"https:\/\/www.emeryetcie.com\/wp-content\/uploads\/2018\/02\/Home-Petites-Couleurs.jpg\" alt=\"Petits carrelages color\u00e9s artisanaux | EMERY&amp;Cie\" width=\"170\" height=\"340\" srcset=\"https:\/\/www.emeryetcie.com\/wp-content\/uploads\/2018\/02\/Home-Petites-Couleurs.jpg 170w, https:\/\/www.emeryetcie.com\/wp-content\/uploads\/2018\/02\/Home-Petites-Couleurs-150x300.jpg 150w\" sizes=\"auto, (max-width: 170px) 100vw, 170px\" \/><\/a>[\/vc_column_text][\/vc_column][vc_column width=&#8221;1\/4&#8243;][vc_column_text css=&#8221;&#8221;]<\/p>\n<h5 style=\"text-align: center;\"><span style=\"color: #61616c;\">&#8220;C\u00c9LIA CRETSCHMAR&#8221;:<\/span><\/h5>\n<p><a href=\"https:\/\/www.emeryetcie.com\/en\/catalog\/tiles\/others\/celia-kretschmar\/\"><img loading=\"lazy\" decoding=\"async\" class=\"alignnone size-full wp-image-44707 aligncenter\" src=\"https:\/\/www.emeryetcie.com\/wp-content\/uploads\/2019\/07\/Home-Carrelages-16jpg.jpg\" alt=\"\" width=\"170\" height=\"340\" srcset=\"https:\/\/www.emeryetcie.com\/wp-content\/uploads\/2019\/07\/Home-Carrelages-16jpg.jpg 170w, https:\/\/www.emeryetcie.com\/wp-content\/uploads\/2019\/07\/Home-Carrelages-16jpg-150x300.jpg 150w\" sizes=\"auto, (max-width: 170px) 100vw, 170px\" \/><\/a>[\/vc_column_text][\/vc_column][\/vc_row]<\/p>\n<\/div>","protected":false},"excerpt":{"rendered":"<p>[vc_row][vc_column][vc_column_text css=&#8221;&#8221;] Glazed terracotta tiles are not yet available. As with FURNITURE and LIGHTING, the manufacturing of ceramic objects must<\/p>\n","protected":false},"author":5,"featured_media":67328,"parent":39554,"menu_order":4,"comment_status":"closed","ping_status":"closed","template":"","meta":{"_acf_changed":false,"_exactmetrics_skip_tracking":false,"_exactmetrics_sitenote_active":false,"_exactmetrics_sitenote_note":"","_exactmetrics_sitenote_category":0,"footnotes":""},"class_list":["post-68742","page","type-page","status-publish","has-post-thumbnail","hentry"],"acf":[],"yoast_head":"<!-- This site is optimized with the Yoast SEO plugin v27.5 - https:\/\/yoast.com\/product\/yoast-seo-wordpress\/ -->\n<title>Others - Emery &amp; Cie<\/title>\n<meta name=\"robots\" content=\"index, follow, max-snippet:-1, max-image-preview:large, max-video-preview:-1\" \/>\n<link rel=\"canonical\" href=\"https:\/\/www.emeryetcie.com\/en\/catalog\/tiles\/others\/\" \/>\n<meta property=\"og:locale\" content=\"en_US\" \/>\n<meta property=\"og:type\" content=\"article\" \/>\n<meta property=\"og:title\" content=\"Others - Emery &amp; Cie\" \/>\n<meta property=\"og:description\" content=\"[vc_row][vc_column][vc_column_text css=&#8221;&#8221;] Glazed terracotta tiles are not yet available. As with FURNITURE and LIGHTING, the manufacturing of ceramic objects must\" \/>\n<meta property=\"og:url\" content=\"https:\/\/www.emeryetcie.com\/en\/catalog\/tiles\/others\/\" \/>\n<meta property=\"og:site_name\" content=\"Emery &amp; Cie\" \/>\n<meta property=\"article:modified_time\" content=\"2025-11-03T13:50:46+00:00\" \/>\n<meta property=\"og:image\" content=\"https:\/\/www.emeryetcie.com\/wp-content\/uploads\/2025\/09\/Homes-LES-AUTRES.jpg\" \/>\n\t<meta property=\"og:image:width\" content=\"202\" \/>\n\t<meta property=\"og:image:height\" content=\"340\" \/>\n\t<meta property=\"og:image:type\" content=\"image\/jpeg\" \/>\n<meta name=\"twitter:card\" content=\"summary_large_image\" \/>\n<meta name=\"twitter:label1\" content=\"Est. reading time\" \/>\n\t<meta name=\"twitter:data1\" content=\"2 minutes\" \/>\n<script type=\"application\/ld+json\" class=\"yoast-schema-graph\">{\"@context\":\"https:\\\/\\\/schema.org\",\"@graph\":[{\"@type\":\"WebPage\",\"@id\":\"https:\\\/\\\/www.emeryetcie.com\\\/en\\\/catalog\\\/tiles\\\/others\\\/\",\"url\":\"https:\\\/\\\/www.emeryetcie.com\\\/en\\\/catalog\\\/tiles\\\/others\\\/\",\"name\":\"Others - Emery & Cie\",\"isPartOf\":{\"@id\":\"https:\\\/\\\/www.emeryetcie.com\\\/en\\\/#website\"},\"primaryImageOfPage\":{\"@id\":\"https:\\\/\\\/www.emeryetcie.com\\\/en\\\/catalog\\\/tiles\\\/others\\\/#primaryimage\"},\"image\":{\"@id\":\"https:\\\/\\\/www.emeryetcie.com\\\/en\\\/catalog\\\/tiles\\\/others\\\/#primaryimage\"},\"thumbnailUrl\":\"https:\\\/\\\/www.emeryetcie.com\\\/wp-content\\\/uploads\\\/2025\\\/09\\\/Homes-LES-AUTRES.jpg\",\"datePublished\":\"2025-10-07T13:16:35+00:00\",\"dateModified\":\"2025-11-03T13:50:46+00:00\",\"breadcrumb\":{\"@id\":\"https:\\\/\\\/www.emeryetcie.com\\\/en\\\/catalog\\\/tiles\\\/others\\\/#breadcrumb\"},\"inLanguage\":\"en-US\",\"potentialAction\":[{\"@type\":\"ReadAction\",\"target\":[\"https:\\\/\\\/www.emeryetcie.com\\\/en\\\/catalog\\\/tiles\\\/others\\\/\"]}]},{\"@type\":\"ImageObject\",\"inLanguage\":\"en-US\",\"@id\":\"https:\\\/\\\/www.emeryetcie.com\\\/en\\\/catalog\\\/tiles\\\/others\\\/#primaryimage\",\"url\":\"https:\\\/\\\/www.emeryetcie.com\\\/wp-content\\\/uploads\\\/2025\\\/09\\\/Homes-LES-AUTRES.jpg\",\"contentUrl\":\"https:\\\/\\\/www.emeryetcie.com\\\/wp-content\\\/uploads\\\/2025\\\/09\\\/Homes-LES-AUTRES.jpg\",\"width\":202,\"height\":340},{\"@type\":\"BreadcrumbList\",\"@id\":\"https:\\\/\\\/www.emeryetcie.com\\\/en\\\/catalog\\\/tiles\\\/others\\\/#breadcrumb\",\"itemListElement\":[{\"@type\":\"ListItem\",\"position\":1,\"name\":\"Home\",\"item\":\"https:\\\/\\\/www.emeryetcie.com\\\/en\\\/\"},{\"@type\":\"ListItem\",\"position\":2,\"name\":\"Catalogue\",\"item\":\"https:\\\/\\\/www.emeryetcie.com\\\/en\\\/catalog\\\/\"},{\"@type\":\"ListItem\",\"position\":3,\"name\":\"Tiles\",\"item\":\"https:\\\/\\\/www.emeryetcie.com\\\/en\\\/catalog\\\/tiles\\\/\"},{\"@type\":\"ListItem\",\"position\":4,\"name\":\"Others\"}]},{\"@type\":\"WebSite\",\"@id\":\"https:\\\/\\\/www.emeryetcie.com\\\/en\\\/#website\",\"url\":\"https:\\\/\\\/www.emeryetcie.com\\\/en\\\/\",\"name\":\"Emery & Cie\",\"description\":\"Articles de Maison artisanaux\",\"potentialAction\":[{\"@type\":\"SearchAction\",\"target\":{\"@type\":\"EntryPoint\",\"urlTemplate\":\"https:\\\/\\\/www.emeryetcie.com\\\/en\\\/?s={search_term_string}\"},\"query-input\":{\"@type\":\"PropertyValueSpecification\",\"valueRequired\":true,\"valueName\":\"search_term_string\"}}],\"inLanguage\":\"en-US\"}]}<\/script>\n<!-- \/ Yoast SEO plugin. -->","yoast_head_json":{"title":"Others - Emery & Cie","robots":{"index":"index","follow":"follow","max-snippet":"max-snippet:-1","max-image-preview":"max-image-preview:large","max-video-preview":"max-video-preview:-1"},"canonical":"https:\/\/www.emeryetcie.com\/en\/catalog\/tiles\/others\/","og_locale":"en_US","og_type":"article","og_title":"Others - Emery & Cie","og_description":"[vc_row][vc_column][vc_column_text css=&#8221;&#8221;] Glazed terracotta tiles are not yet available. As with FURNITURE and LIGHTING, the manufacturing of ceramic objects must","og_url":"https:\/\/www.emeryetcie.com\/en\/catalog\/tiles\/others\/","og_site_name":"Emery & Cie","article_modified_time":"2025-11-03T13:50:46+00:00","og_image":[{"width":202,"height":340,"url":"https:\/\/www.emeryetcie.com\/wp-content\/uploads\/2025\/09\/Homes-LES-AUTRES.jpg","type":"image\/jpeg"}],"twitter_card":"summary_large_image","twitter_misc":{"Est. reading time":"2 minutes"},"schema":{"@context":"https:\/\/schema.org","@graph":[{"@type":"WebPage","@id":"https:\/\/www.emeryetcie.com\/en\/catalog\/tiles\/others\/","url":"https:\/\/www.emeryetcie.com\/en\/catalog\/tiles\/others\/","name":"Others - Emery & Cie","isPartOf":{"@id":"https:\/\/www.emeryetcie.com\/en\/#website"},"primaryImageOfPage":{"@id":"https:\/\/www.emeryetcie.com\/en\/catalog\/tiles\/others\/#primaryimage"},"image":{"@id":"https:\/\/www.emeryetcie.com\/en\/catalog\/tiles\/others\/#primaryimage"},"thumbnailUrl":"https:\/\/www.emeryetcie.com\/wp-content\/uploads\/2025\/09\/Homes-LES-AUTRES.jpg","datePublished":"2025-10-07T13:16:35+00:00","dateModified":"2025-11-03T13:50:46+00:00","breadcrumb":{"@id":"https:\/\/www.emeryetcie.com\/en\/catalog\/tiles\/others\/#breadcrumb"},"inLanguage":"en-US","potentialAction":[{"@type":"ReadAction","target":["https:\/\/www.emeryetcie.com\/en\/catalog\/tiles\/others\/"]}]},{"@type":"ImageObject","inLanguage":"en-US","@id":"https:\/\/www.emeryetcie.com\/en\/catalog\/tiles\/others\/#primaryimage","url":"https:\/\/www.emeryetcie.com\/wp-content\/uploads\/2025\/09\/Homes-LES-AUTRES.jpg","contentUrl":"https:\/\/www.emeryetcie.com\/wp-content\/uploads\/2025\/09\/Homes-LES-AUTRES.jpg","width":202,"height":340},{"@type":"BreadcrumbList","@id":"https:\/\/www.emeryetcie.com\/en\/catalog\/tiles\/others\/#breadcrumb","itemListElement":[{"@type":"ListItem","position":1,"name":"Home","item":"https:\/\/www.emeryetcie.com\/en\/"},{"@type":"ListItem","position":2,"name":"Catalogue","item":"https:\/\/www.emeryetcie.com\/en\/catalog\/"},{"@type":"ListItem","position":3,"name":"Tiles","item":"https:\/\/www.emeryetcie.com\/en\/catalog\/tiles\/"},{"@type":"ListItem","position":4,"name":"Others"}]},{"@type":"WebSite","@id":"https:\/\/www.emeryetcie.com\/en\/#website","url":"https:\/\/www.emeryetcie.com\/en\/","name":"Emery & Cie","description":"Articles de Maison artisanaux","potentialAction":[{"@type":"SearchAction","target":{"@type":"EntryPoint","urlTemplate":"https:\/\/www.emeryetcie.com\/en\/?s={search_term_string}"},"query-input":{"@type":"PropertyValueSpecification","valueRequired":true,"valueName":"search_term_string"}}],"inLanguage":"en-US"}]}},"_links":{"self":[{"href":"https:\/\/www.emeryetcie.com\/en\/wp-json\/wp\/v2\/pages\/68742","targetHints":{"allow":["GET"]}}],"collection":[{"href":"https:\/\/www.emeryetcie.com\/en\/wp-json\/wp\/v2\/pages"}],"about":[{"href":"https:\/\/www.emeryetcie.com\/en\/wp-json\/wp\/v2\/types\/page"}],"author":[{"embeddable":true,"href":"https:\/\/www.emeryetcie.com\/en\/wp-json\/wp\/v2\/users\/5"}],"replies":[{"embeddable":true,"href":"https:\/\/www.emeryetcie.com\/en\/wp-json\/wp\/v2\/comments?post=68742"}],"version-history":[{"count":5,"href":"https:\/\/www.emeryetcie.com\/en\/wp-json\/wp\/v2\/pages\/68742\/revisions"}],"predecessor-version":[{"id":72830,"href":"https:\/\/www.emeryetcie.com\/en\/wp-json\/wp\/v2\/pages\/68742\/revisions\/72830"}],"up":[{"embeddable":true,"href":"https:\/\/www.emeryetcie.com\/en\/wp-json\/wp\/v2\/pages\/39554"}],"wp:featuredmedia":[{"embeddable":true,"href":"https:\/\/www.emeryetcie.com\/en\/wp-json\/wp\/v2\/media\/67328"}],"wp:attachment":[{"href":"https:\/\/www.emeryetcie.com\/en\/wp-json\/wp\/v2\/media?parent=68742"}],"curies":[{"name":"wp","href":"https:\/\/api.w.org\/{rel}","templated":true}]}}